{"id":1402,"date":"2021-02-05T11:20:40","date_gmt":"2021-02-05T11:20:40","guid":{"rendered":"https:\/\/swiss-academy.org\/aktuell-verfuegbare-programme\/"},"modified":"2023-09-21T09:56:51","modified_gmt":"2023-09-21T09:56:51","slug":"aktuell-verfuegbare-programme","status":"publish","type":"page","link":"https:\/\/swiss-academy.org\/de\/aktuell-verfuegbare-programme\/","title":{"rendered":"Aktuell verf\u00fcgbare Programme"},"content":{"rendered":"<div class=\"wpb-content-wrapper\"><p>[vc_row equal_height=&#8220;yes&#8220;][vc_column width=&#8220;1\/2&#8243; el_class=&#8220;style-6&#8243;][vc_column_text]<\/p>\n<h6>Banken-, Verm\u00f6gensverwaltungs- und Versicherungssektoren:<\/h6>\n<ul class=\"list-items list-unstyled mb-0\">\n<li>Strategisches Innovations- &amp; Wertsch\u00f6pfungskettenmanagement<\/li>\n<li>Banken, Regulierung &amp; VAR<\/li>\n<li>Grundlagen der Kreditanalyse<\/li>\n<li>Verbraucherkredite &#8211; Commercial Lending &amp; Business Banking -Blockchain &#8211; Zentralisierte, dezentrale, verteilte Technologie<\/li>\n<li>Spezialist f\u00fcr Verm\u00f6gensverwaltung und Investment<\/li>\n<li>Anwendung des Bankrechts<\/li>\n<li>Versicherungsmathematisches Risikoprogramm f\u00fcr die Schadenversicherung<\/li>\n<li>Portfolio-Spezialist<\/li>\n<li>Workshop zum quantitativen Risiko<\/li>\n<li>Retail Banking Verbesserung der Cross-Selling-Managementf\u00e4higkeiten<\/li>\n<\/ul>\n<p>[\/vc_column_text][\/vc_column][vc_column width=&#8220;1\/2&#8243; el_class=&#8220;style-6&#8243;][vc_column_text]<\/p>\n<h6>V\u00f6lkerrecht : Menschenrechte , Humanit\u00e4res und Fl\u00fcchtlingsrecht :<\/h6>\n<ul class=\"list-items list-unstyled mb-0\">\n<li>Menschenrechtsrat der Vereinten Nationen: Mechanismen und Verfahren<\/li>\n<li>Individuelle internationale Menschenrechtsbeschwerdemechanismen<\/li>\n<li>Einf\u00fchrung in das V\u00f6lkerrecht<\/li>\n<li>Einf\u00fchrung in das internationale Fl\u00fcchtlingsrecht<\/li>\n<li>Die Wechselwirkung zwischen internationalen Menschenrechtsnormen und humanit\u00e4rem V\u00f6lkerrecht<\/li>\n<li>So planen Sie eine erfolgreiche Advocacy-Kampagne<\/li>\n<li>Corporate Social Responsibility: Wirtschaft und Menschenrechte<\/li>\n<\/ul>\n<p>[\/vc_column_text][\/vc_column][\/vc_row][vc_row equal_height=&#8220;yes&#8220;][vc_column width=&#8220;1\/2&#8243; el_class=&#8220;style-6&#8243;][vc_column_text]<\/p>\n<h6>F\u00fchrung und Management:<\/h6>\n<ul class=\"list-items list-unstyled mb-0\">\n<li><span style=\"line-height: 1.5;\">Pr\u00e4senz von F\u00fchrungskr\u00e4ften  <\/span><\/li>\n<li>Pr\u00e4sentieren mit Wirkung: Geheimnisse des \u00f6ffentlichen Sprechens und Pr\u00e4sentierens<\/li>\n<li>Mutige Kommunikation<\/li>\n<li><span style=\"line-height: 1.5;\">Krisenmanagement<\/span><\/li>\n<\/ul>\n<p>[\/vc_column_text][\/vc_column][vc_column width=&#8220;1\/2&#8243; el_class=&#8220;style-6&#8243;][vc_column_text]<\/p>\n<h6>Fragen der gesellschaftlichen Entwicklung:<\/h6>\n<ul class=\"list-items list-unstyled mb-0\">\n<li>Stadtbegr\u00fcnung und Verringerung der Auswirkungen des Klimawandels<\/li>\n<\/ul>\n<p>[\/vc_column_text][\/vc_column][\/vc_row]<\/p>\n<\/div>","protected":false},"excerpt":{"rendered":"<p>[vc_row equal_height=&#8220;yes&#8220;][vc_column width=&#8220;1\/2&#8243; el_class=&#8220;style-6&#8243;][vc_column_text] Banken-, Verm\u00f6gensverwaltungs- und Versicherungssektoren: Strategisches Innovations- &amp; Wertsch\u00f6pfungskettenmanagement Banken, Regulierung &amp; VAR Grundlagen der Kreditanalyse Verbraucherkredite &#8211; Commercial Lending &amp; Business Banking -Blockchain &#8211; Zentralisierte, dezentrale, verteilte Technologie Spezialist f\u00fcr Verm\u00f6gensverwaltung und Investment Anwendung des Bankrechts Versicherungsmathematisches Risikoprogramm f\u00fcr die Schadenversicherung Portfolio-Spezialist Workshop zum quantitativen Risiko Retail Banking Verbesserung der Cross-Selling-Managementf\u00e4higkeiten [&hellip;]<\/p>\n","protected":false},"author":1,"featured_media":0,"parent":0,"menu_order":98,"comment_status":"closed","ping_status":"closed","template":"","meta":{"footnotes":""},"class_list":["post-1402","page","type-page","status-publish","hentry"],"yoast_head":"<!-- This site is optimized with the Yoast SEO plugin v26.3 - https:\/\/yoast.com\/wordpress\/plugins\/seo\/ -->\n<title>Aktuell verf\u00fcgbare Programme - SWISS Academy for Training and Evolution<\/title>\n<meta name=\"robots\" content=\"index, follow, max-snippet:-1, max-image-preview:large, max-video-preview:-1\" \/>\n<link rel=\"canonical\" href=\"https:\/\/swiss-academy.org\/de\/aktuell-verfuegbare-programme\/\" \/>\n<meta property=\"og:locale\" content=\"de_DE\" \/>\n<meta property=\"og:type\" content=\"article\" \/>\n<meta property=\"og:title\" content=\"Aktuell verf\u00fcgbare Programme - SWISS Academy for Training and Evolution\" \/>\n<meta property=\"og:description\" content=\"[vc_row equal_height=&#8220;yes&#8220;][vc_column width=&#8220;1\/2&#8243; el_class=&#8220;style-6&#8243;][vc_column_text] Banken-, Verm\u00f6gensverwaltungs- und Versicherungssektoren: Strategisches Innovations- &amp; Wertsch\u00f6pfungskettenmanagement Banken, Regulierung &amp; VAR Grundlagen der Kreditanalyse Verbraucherkredite &#8211; Commercial Lending &amp; Business Banking -Blockchain &#8211; Zentralisierte, dezentrale, verteilte Technologie Spezialist f\u00fcr Verm\u00f6gensverwaltung und Investment Anwendung des Bankrechts Versicherungsmathematisches Risikoprogramm f\u00fcr die Schadenversicherung Portfolio-Spezialist Workshop zum quantitativen Risiko Retail Banking Verbesserung der Cross-Selling-Managementf\u00e4higkeiten [&hellip;]\" \/>\n<meta property=\"og:url\" content=\"https:\/\/swiss-academy.org\/de\/aktuell-verfuegbare-programme\/\" \/>\n<meta property=\"og:site_name\" content=\"SWISS Academy for Training and Evolution\" \/>\n<meta property=\"article:publisher\" content=\"https:\/\/www.facebook.com\/SwissacademySATE\/\" \/>\n<meta property=\"article:modified_time\" content=\"2023-09-21T09:56:51+00:00\" \/>\n<meta name=\"twitter:card\" content=\"summary_large_image\" \/>\n<meta name=\"twitter:label1\" content=\"Gesch\u00e4tzte Lesezeit\" \/>\n\t<meta name=\"twitter:data1\" content=\"1\u00a0Minute\" \/>\n<script type=\"application\/ld+json\" class=\"yoast-schema-graph\">{\"@context\":\"https:\/\/schema.org\",\"@graph\":[{\"@type\":\"WebPage\",\"@id\":\"https:\/\/swiss-academy.org\/de\/aktuell-verfuegbare-programme\/\",\"url\":\"https:\/\/swiss-academy.org\/de\/aktuell-verfuegbare-programme\/\",\"name\":\"Aktuell verf\u00fcgbare Programme - SWISS Academy for Training and Evolution\",\"isPartOf\":{\"@id\":\"https:\/\/swiss-academy.org\/de\/#website\"},\"datePublished\":\"2021-02-05T11:20:40+00:00\",\"dateModified\":\"2023-09-21T09:56:51+00:00\",\"inLanguage\":\"de\",\"potentialAction\":[{\"@type\":\"ReadAction\",\"target\":[\"https:\/\/swiss-academy.org\/de\/aktuell-verfuegbare-programme\/\"]}]},{\"@type\":\"WebSite\",\"@id\":\"https:\/\/swiss-academy.org\/de\/#website\",\"url\":\"https:\/\/swiss-academy.org\/de\/\",\"name\":\"SWISS Academy for Training and Evolution\",\"description\":\"\",\"publisher\":{\"@id\":\"https:\/\/swiss-academy.org\/de\/#organization\"},\"potentialAction\":[{\"@type\":\"SearchAction\",\"target\":{\"@type\":\"EntryPoint\",\"urlTemplate\":\"https:\/\/swiss-academy.org\/de\/?s={search_term_string}\"},\"query-input\":{\"@type\":\"PropertyValueSpecification\",\"valueRequired\":true,\"valueName\":\"search_term_string\"}}],\"inLanguage\":\"de\"},{\"@type\":\"Organization\",\"@id\":\"https:\/\/swiss-academy.org\/de\/#organization\",\"name\":\"SWISS Academy for Training and Evolution\",\"url\":\"https:\/\/swiss-academy.org\/de\/\",\"logo\":{\"@type\":\"ImageObject\",\"inLanguage\":\"de\",\"@id\":\"https:\/\/swiss-academy.org\/de\/#\/schema\/logo\/image\/\",\"url\":\"https:\/\/swiss-academy.org\/wp-content\/uploads\/2021\/01\/logo-light.png\",\"contentUrl\":\"https:\/\/swiss-academy.org\/wp-content\/uploads\/2021\/01\/logo-light.png\",\"width\":270,\"height\":73,\"caption\":\"SWISS Academy for Training and Evolution\"},\"image\":{\"@id\":\"https:\/\/swiss-academy.org\/de\/#\/schema\/logo\/image\/\"},\"sameAs\":[\"https:\/\/www.facebook.com\/SwissacademySATE\/\"]}]}<\/script>\n<!-- \/ Yoast SEO plugin. -->","yoast_head_json":{"title":"Aktuell verf\u00fcgbare Programme - SWISS Academy for Training and Evolution","robots":{"index":"index","follow":"follow","max-snippet":"max-snippet:-1","max-image-preview":"max-image-preview:large","max-video-preview":"max-video-preview:-1"},"canonical":"https:\/\/swiss-academy.org\/de\/aktuell-verfuegbare-programme\/","og_locale":"de_DE","og_type":"article","og_title":"Aktuell verf\u00fcgbare Programme - SWISS Academy for Training and Evolution","og_description":"[vc_row equal_height=&#8220;yes&#8220;][vc_column width=&#8220;1\/2&#8243; el_class=&#8220;style-6&#8243;][vc_column_text] Banken-, Verm\u00f6gensverwaltungs- und Versicherungssektoren: Strategisches Innovations- &amp; Wertsch\u00f6pfungskettenmanagement Banken, Regulierung &amp; VAR Grundlagen der Kreditanalyse Verbraucherkredite &#8211; Commercial Lending &amp; Business Banking -Blockchain &#8211; Zentralisierte, dezentrale, verteilte Technologie Spezialist f\u00fcr Verm\u00f6gensverwaltung und Investment Anwendung des Bankrechts Versicherungsmathematisches Risikoprogramm f\u00fcr die Schadenversicherung Portfolio-Spezialist Workshop zum quantitativen Risiko Retail Banking Verbesserung der Cross-Selling-Managementf\u00e4higkeiten [&hellip;]","og_url":"https:\/\/swiss-academy.org\/de\/aktuell-verfuegbare-programme\/","og_site_name":"SWISS Academy for Training and Evolution","article_publisher":"https:\/\/www.facebook.com\/SwissacademySATE\/","article_modified_time":"2023-09-21T09:56:51+00:00","twitter_card":"summary_large_image","twitter_misc":{"Gesch\u00e4tzte Lesezeit":"1\u00a0Minute"},"schema":{"@context":"https:\/\/schema.org","@graph":[{"@type":"WebPage","@id":"https:\/\/swiss-academy.org\/de\/aktuell-verfuegbare-programme\/","url":"https:\/\/swiss-academy.org\/de\/aktuell-verfuegbare-programme\/","name":"Aktuell verf\u00fcgbare Programme - SWISS Academy for Training and Evolution","isPartOf":{"@id":"https:\/\/swiss-academy.org\/de\/#website"},"datePublished":"2021-02-05T11:20:40+00:00","dateModified":"2023-09-21T09:56:51+00:00","inLanguage":"de","potentialAction":[{"@type":"ReadAction","target":["https:\/\/swiss-academy.org\/de\/aktuell-verfuegbare-programme\/"]}]},{"@type":"WebSite","@id":"https:\/\/swiss-academy.org\/de\/#website","url":"https:\/\/swiss-academy.org\/de\/","name":"SWISS Academy for Training and Evolution","description":"","publisher":{"@id":"https:\/\/swiss-academy.org\/de\/#organization"},"potentialAction":[{"@type":"SearchAction","target":{"@type":"EntryPoint","urlTemplate":"https:\/\/swiss-academy.org\/de\/?s={search_term_string}"},"query-input":{"@type":"PropertyValueSpecification","valueRequired":true,"valueName":"search_term_string"}}],"inLanguage":"de"},{"@type":"Organization","@id":"https:\/\/swiss-academy.org\/de\/#organization","name":"SWISS Academy for Training and Evolution","url":"https:\/\/swiss-academy.org\/de\/","logo":{"@type":"ImageObject","inLanguage":"de","@id":"https:\/\/swiss-academy.org\/de\/#\/schema\/logo\/image\/","url":"https:\/\/swiss-academy.org\/wp-content\/uploads\/2021\/01\/logo-light.png","contentUrl":"https:\/\/swiss-academy.org\/wp-content\/uploads\/2021\/01\/logo-light.png","width":270,"height":73,"caption":"SWISS Academy for Training and Evolution"},"image":{"@id":"https:\/\/swiss-academy.org\/de\/#\/schema\/logo\/image\/"},"sameAs":["https:\/\/www.facebook.com\/SwissacademySATE\/"]}]}},"_links":{"self":[{"href":"https:\/\/swiss-academy.org\/de\/wp-json\/wp\/v2\/pages\/1402","targetHints":{"allow":["GET"]}}],"collection":[{"href":"https:\/\/swiss-academy.org\/de\/wp-json\/wp\/v2\/pages"}],"about":[{"href":"https:\/\/swiss-academy.org\/de\/wp-json\/wp\/v2\/types\/page"}],"author":[{"embeddable":true,"href":"https:\/\/swiss-academy.org\/de\/wp-json\/wp\/v2\/users\/1"}],"replies":[{"embeddable":true,"href":"https:\/\/swiss-academy.org\/de\/wp-json\/wp\/v2\/comments?post=1402"}],"version-history":[{"count":2,"href":"https:\/\/swiss-academy.org\/de\/wp-json\/wp\/v2\/pages\/1402\/revisions"}],"predecessor-version":[{"id":1404,"href":"https:\/\/swiss-academy.org\/de\/wp-json\/wp\/v2\/pages\/1402\/revisions\/1404"}],"wp:attachment":[{"href":"https:\/\/swiss-academy.org\/de\/wp-json\/wp\/v2\/media?parent=1402"}],"curies":[{"name":"wp","href":"https:\/\/api.w.org\/{rel}","templated":true}]}}