{"id":1414,"date":"2021-02-05T09:47:55","date_gmt":"2021-02-05T09:47:55","guid":{"rendered":"https:\/\/swiss-academy.org\/programmmodalitaeten\/"},"modified":"2023-09-21T09:57:05","modified_gmt":"2023-09-21T09:57:05","slug":"programmmodalitaeten","status":"publish","type":"page","link":"https:\/\/swiss-academy.org\/de\/programmmodalitaeten\/","title":{"rendered":"Programmmodalit\u00e4ten"},"content":{"rendered":"<div class=\"wpb-content-wrapper\"><p>[vc_row][vc_column][vc_column_text]Das Aus- und Weiterbildungsangebot der SATE ist auf internationale Karrieren im \u00f6ffentlichen und privaten Sektor ausgerichtet. Es gibt Priorit\u00e4t auf Handeln, F\u00fchrungskr\u00e4fteentwicklung, Kommunikationsf\u00e4higkeiten, Dimensionierung von Situationen und fundierte Entscheidungsprozesse.<\/p>\n<p>SATE h\u00e4lt die Teilnehmer an strenge und hohe individuelle Leistungsstandards. Bei der Verfolgung dieses Ziels hat SATE verschiedene Modelle von Ausbildungsans\u00e4tzen \u00fcbernommen, die den aktuellen Ausbildungsm\u00e4rkten Rechnung tragen.[\/vc_column_text][\/vc_column][\/vc_row][vc_row el_class=&#8220;style-6&#8243;][vc_column width=&#8220;1\/2&#8243;][vc_column_text]<\/p>\n<h6>SATE Online (virtuelle) Lernkurse<\/h6>\n<p>Die Unterbrechung der Trainingsmobilit\u00e4t aufgrund des Ausbruchs der COVID-19-Pandemie auf der ganzen Welt forderte SATE auf, die von den Staaten auferlegten nationalen Ma\u00dfnahmen zur Bek\u00e4mpfung der Ausbreitung des Virus zu befolgen und somit unsere Online-Schulungsmethoden zu verbessern.<\/p>\n<p>SATE bietet digitale Online- und Offline-Tools und Ressourcen f\u00fcr Lernende, Trainer und P\u00e4dagogen w\u00e4hrend der Pandemiezeit, die keine pers\u00f6nliche Interaktion erfordert.<\/p>\n<p>SATE Online-Vorlesungen \/ Webinare werden mit interaktiven Methoden wie Brainstorming, Probleml\u00f6sung, Diskussionen usw. konzipiert, um den Prozess der experimentellen Erwachsenenbildung f\u00fcr eine gr\u00f6\u00dfere Beteiligung und bessere Erinnerung an die Kernthemen zu erleichtern.[\/vc_column_text][vc_btn title=&#8220;Verf\u00fcgbare Kurse anzeigen&#8220; style=&#8220;custom&#8220; custom_background=&#8220;#d50002&#8243; custom_text=&#8220;#ffffff&#8220; shape=&#8220;round&#8220; align=&#8220;left&#8220; el_class=&#8220;course_link_btn&#8220; link=&#8220;url:https%3A%2F%2Fswiss-academy.org%2Far%2Fcourses-programmes%2F|title:Kurse%20%26amp%3B%20Programme|&#8220;][\/vc_column][vc_column width=&#8220;1\/2&#8243;][vc_single_image image=&#8220;757&#8243; img_size=&#8220;full&#8220; style=&#8220;vc_box_shadow&#8220;][\/vc_column][\/vc_row][vc_row el_class=&#8220;style-6&#8243;][vc_column][vc_column_text]<\/p>\n<h6>Traditionelle \/ erweiterte Pr\u00e4senzschulungen<\/h6>\n<p>Diese Art der Ausbildung ist derzeit aufgrund der disruptiven globalen Pandemiefolgen auf Eis gelegt. Bei einer solchen Art von Trainingsmodalit\u00e4t werden die Teilnehmer normalerweise aufgefordert, an dem Kurs teilzunehmen, indem sie an einer traditionellen Sitzung am zugewiesenen physischen Ort teilnehmen.[\/vc_column_text][vc_btn title=&#8220;Verf\u00fcgbare Kurse anzeigen&#8220; style=&#8220;custom&#8220; custom_background=&#8220;#d50002&#8243; custom_text=&#8220;#ffffff&#8220; shape=&#8220;round&#8220; align=&#8220;left&#8220; el_class=&#8220;course_link_btn&#8220; link=&#8220;url:https%3A%2F%2Fswiss-academy.org%2Far%2Fcourses-programmes%2F|title:Kurse%20%26amp%3B%20Programme|&#8220;][\/vc_column][\/vc_row][vc_row el_class=&#8220;style-6&#8243;][vc_column][vc_column_text]<\/p>\n<h6>E-Learning \/ Digitale Kurse (in K\u00fcrze verf\u00fcgbar)<\/h6>\n<p>Diese Modalit\u00e4t der Aus- und Weiterbildung stellt eine effiziente digitale Wissenstransfermethode dar, die schnell ist und keine gro\u00dfen Kosten erfordert.<\/p>\n<p>Mit E-Learning kann SATE wichtiges Wissen einfach und effizient online vermitteln. Die automatische Bereitstellung von E-Learning-Kursen \u00fcber eine einfache Lernplattform hilft den Teilnehmern, jederzeit den \u00dcberblick \u00fcber ihren Fortschritt zu behalten und Informationen leicht verst\u00e4ndlich und aufzunehmen.[\/vc_column_text][vc_btn title=&#8220;Verf\u00fcgbare Kurse anzeigen&#8220; style=&#8220;custom&#8220; custom_background=&#8220;#d50002&#8243; custom_text=&#8220;#ffffff&#8220; shape=&#8220;round&#8220; align=&#8220;left&#8220; el_class=&#8220;course_link_btn&#8220; link=&#8220;url:https%3A%2F%2Fswiss-academy.org%2Far%2Fcourses-programmes%2F|title:Kurse%20%26amp%3B%20Programme|&#8220;][\/vc_column][\/vc_row]<\/p>\n<\/div>","protected":false},"excerpt":{"rendered":"<p>[vc_row][vc_column][vc_column_text]Das Aus- und Weiterbildungsangebot der SATE ist auf internationale Karrieren im \u00f6ffentlichen und privaten Sektor ausgerichtet. Es gibt Priorit\u00e4t auf Handeln, F\u00fchrungskr\u00e4fteentwicklung, Kommunikationsf\u00e4higkeiten, Dimensionierung von Situationen und fundierte Entscheidungsprozesse. SATE h\u00e4lt die Teilnehmer an strenge und hohe individuelle Leistungsstandards. Bei der Verfolgung dieses Ziels hat SATE verschiedene Modelle von Ausbildungsans\u00e4tzen \u00fcbernommen, die den aktuellen Ausbildungsm\u00e4rkten [&hellip;]<\/p>\n","protected":false},"author":1,"featured_media":0,"parent":0,"menu_order":118,"comment_status":"closed","ping_status":"closed","template":"","meta":{"footnotes":""},"class_list":["post-1414","page","type-page","status-publish","hentry"],"yoast_head":"<!-- This site is optimized with the Yoast SEO plugin v26.3 - https:\/\/yoast.com\/wordpress\/plugins\/seo\/ -->\n<title>Programmmodalit\u00e4ten - SWISS Academy for Training and Evolution<\/title>\n<meta name=\"robots\" content=\"index, follow, max-snippet:-1, max-image-preview:large, max-video-preview:-1\" \/>\n<link rel=\"canonical\" href=\"https:\/\/swiss-academy.org\/de\/programmmodalitaeten\/\" \/>\n<meta property=\"og:locale\" content=\"de_DE\" \/>\n<meta property=\"og:type\" content=\"article\" \/>\n<meta property=\"og:title\" content=\"Programmmodalit\u00e4ten - SWISS Academy for Training and Evolution\" \/>\n<meta property=\"og:description\" content=\"[vc_row][vc_column][vc_column_text]Das Aus- und Weiterbildungsangebot der SATE ist auf internationale Karrieren im \u00f6ffentlichen und privaten Sektor ausgerichtet. Es gibt Priorit\u00e4t auf Handeln, F\u00fchrungskr\u00e4fteentwicklung, Kommunikationsf\u00e4higkeiten, Dimensionierung von Situationen und fundierte Entscheidungsprozesse. SATE h\u00e4lt die Teilnehmer an strenge und hohe individuelle Leistungsstandards. Bei der Verfolgung dieses Ziels hat SATE verschiedene Modelle von Ausbildungsans\u00e4tzen \u00fcbernommen, die den aktuellen Ausbildungsm\u00e4rkten [&hellip;]\" \/>\n<meta property=\"og:url\" content=\"https:\/\/swiss-academy.org\/de\/programmmodalitaeten\/\" \/>\n<meta property=\"og:site_name\" content=\"SWISS Academy for Training and Evolution\" \/>\n<meta property=\"article:publisher\" content=\"https:\/\/www.facebook.com\/SwissacademySATE\/\" \/>\n<meta property=\"article:modified_time\" content=\"2023-09-21T09:57:05+00:00\" \/>\n<meta name=\"twitter:card\" content=\"summary_large_image\" \/>\n<meta name=\"twitter:label1\" content=\"Gesch\u00e4tzte Lesezeit\" \/>\n\t<meta name=\"twitter:data1\" content=\"2\u00a0Minuten\" \/>\n<script type=\"application\/ld+json\" class=\"yoast-schema-graph\">{\"@context\":\"https:\/\/schema.org\",\"@graph\":[{\"@type\":\"WebPage\",\"@id\":\"https:\/\/swiss-academy.org\/de\/programmmodalitaeten\/\",\"url\":\"https:\/\/swiss-academy.org\/de\/programmmodalitaeten\/\",\"name\":\"Programmmodalit\u00e4ten - SWISS Academy for Training and Evolution\",\"isPartOf\":{\"@id\":\"https:\/\/swiss-academy.org\/de\/#website\"},\"datePublished\":\"2021-02-05T09:47:55+00:00\",\"dateModified\":\"2023-09-21T09:57:05+00:00\",\"inLanguage\":\"de\",\"potentialAction\":[{\"@type\":\"ReadAction\",\"target\":[\"https:\/\/swiss-academy.org\/de\/programmmodalitaeten\/\"]}]},{\"@type\":\"WebSite\",\"@id\":\"https:\/\/swiss-academy.org\/de\/#website\",\"url\":\"https:\/\/swiss-academy.org\/de\/\",\"name\":\"SWISS Academy for Training and Evolution\",\"description\":\"\",\"publisher\":{\"@id\":\"https:\/\/swiss-academy.org\/de\/#organization\"},\"potentialAction\":[{\"@type\":\"SearchAction\",\"target\":{\"@type\":\"EntryPoint\",\"urlTemplate\":\"https:\/\/swiss-academy.org\/de\/?s={search_term_string}\"},\"query-input\":{\"@type\":\"PropertyValueSpecification\",\"valueRequired\":true,\"valueName\":\"search_term_string\"}}],\"inLanguage\":\"de\"},{\"@type\":\"Organization\",\"@id\":\"https:\/\/swiss-academy.org\/de\/#organization\",\"name\":\"SWISS Academy for Training and Evolution\",\"url\":\"https:\/\/swiss-academy.org\/de\/\",\"logo\":{\"@type\":\"ImageObject\",\"inLanguage\":\"de\",\"@id\":\"https:\/\/swiss-academy.org\/de\/#\/schema\/logo\/image\/\",\"url\":\"https:\/\/swiss-academy.org\/wp-content\/uploads\/2021\/01\/logo-light.png\",\"contentUrl\":\"https:\/\/swiss-academy.org\/wp-content\/uploads\/2021\/01\/logo-light.png\",\"width\":270,\"height\":73,\"caption\":\"SWISS Academy for Training and Evolution\"},\"image\":{\"@id\":\"https:\/\/swiss-academy.org\/de\/#\/schema\/logo\/image\/\"},\"sameAs\":[\"https:\/\/www.facebook.com\/SwissacademySATE\/\"]}]}<\/script>\n<!-- \/ Yoast SEO plugin. -->","yoast_head_json":{"title":"Programmmodalit\u00e4ten - SWISS Academy for Training and Evolution","robots":{"index":"index","follow":"follow","max-snippet":"max-snippet:-1","max-image-preview":"max-image-preview:large","max-video-preview":"max-video-preview:-1"},"canonical":"https:\/\/swiss-academy.org\/de\/programmmodalitaeten\/","og_locale":"de_DE","og_type":"article","og_title":"Programmmodalit\u00e4ten - SWISS Academy for Training and Evolution","og_description":"[vc_row][vc_column][vc_column_text]Das Aus- und Weiterbildungsangebot der SATE ist auf internationale Karrieren im \u00f6ffentlichen und privaten Sektor ausgerichtet. Es gibt Priorit\u00e4t auf Handeln, F\u00fchrungskr\u00e4fteentwicklung, Kommunikationsf\u00e4higkeiten, Dimensionierung von Situationen und fundierte Entscheidungsprozesse. SATE h\u00e4lt die Teilnehmer an strenge und hohe individuelle Leistungsstandards. Bei der Verfolgung dieses Ziels hat SATE verschiedene Modelle von Ausbildungsans\u00e4tzen \u00fcbernommen, die den aktuellen Ausbildungsm\u00e4rkten [&hellip;]","og_url":"https:\/\/swiss-academy.org\/de\/programmmodalitaeten\/","og_site_name":"SWISS Academy for Training and Evolution","article_publisher":"https:\/\/www.facebook.com\/SwissacademySATE\/","article_modified_time":"2023-09-21T09:57:05+00:00","twitter_card":"summary_large_image","twitter_misc":{"Gesch\u00e4tzte Lesezeit":"2\u00a0Minuten"},"schema":{"@context":"https:\/\/schema.org","@graph":[{"@type":"WebPage","@id":"https:\/\/swiss-academy.org\/de\/programmmodalitaeten\/","url":"https:\/\/swiss-academy.org\/de\/programmmodalitaeten\/","name":"Programmmodalit\u00e4ten - SWISS Academy for Training and Evolution","isPartOf":{"@id":"https:\/\/swiss-academy.org\/de\/#website"},"datePublished":"2021-02-05T09:47:55+00:00","dateModified":"2023-09-21T09:57:05+00:00","inLanguage":"de","potentialAction":[{"@type":"ReadAction","target":["https:\/\/swiss-academy.org\/de\/programmmodalitaeten\/"]}]},{"@type":"WebSite","@id":"https:\/\/swiss-academy.org\/de\/#website","url":"https:\/\/swiss-academy.org\/de\/","name":"SWISS Academy for Training and Evolution","description":"","publisher":{"@id":"https:\/\/swiss-academy.org\/de\/#organization"},"potentialAction":[{"@type":"SearchAction","target":{"@type":"EntryPoint","urlTemplate":"https:\/\/swiss-academy.org\/de\/?s={search_term_string}"},"query-input":{"@type":"PropertyValueSpecification","valueRequired":true,"valueName":"search_term_string"}}],"inLanguage":"de"},{"@type":"Organization","@id":"https:\/\/swiss-academy.org\/de\/#organization","name":"SWISS Academy for Training and Evolution","url":"https:\/\/swiss-academy.org\/de\/","logo":{"@type":"ImageObject","inLanguage":"de","@id":"https:\/\/swiss-academy.org\/de\/#\/schema\/logo\/image\/","url":"https:\/\/swiss-academy.org\/wp-content\/uploads\/2021\/01\/logo-light.png","contentUrl":"https:\/\/swiss-academy.org\/wp-content\/uploads\/2021\/01\/logo-light.png","width":270,"height":73,"caption":"SWISS Academy for Training and Evolution"},"image":{"@id":"https:\/\/swiss-academy.org\/de\/#\/schema\/logo\/image\/"},"sameAs":["https:\/\/www.facebook.com\/SwissacademySATE\/"]}]}},"_links":{"self":[{"href":"https:\/\/swiss-academy.org\/de\/wp-json\/wp\/v2\/pages\/1414","targetHints":{"allow":["GET"]}}],"collection":[{"href":"https:\/\/swiss-academy.org\/de\/wp-json\/wp\/v2\/pages"}],"about":[{"href":"https:\/\/swiss-academy.org\/de\/wp-json\/wp\/v2\/types\/page"}],"author":[{"embeddable":true,"href":"https:\/\/swiss-academy.org\/de\/wp-json\/wp\/v2\/users\/1"}],"replies":[{"embeddable":true,"href":"https:\/\/swiss-academy.org\/de\/wp-json\/wp\/v2\/comments?post=1414"}],"version-history":[{"count":2,"href":"https:\/\/swiss-academy.org\/de\/wp-json\/wp\/v2\/pages\/1414\/revisions"}],"predecessor-version":[{"id":1416,"href":"https:\/\/swiss-academy.org\/de\/wp-json\/wp\/v2\/pages\/1414\/revisions\/1416"}],"wp:attachment":[{"href":"https:\/\/swiss-academy.org\/de\/wp-json\/wp\/v2\/media?parent=1414"}],"curies":[{"name":"wp","href":"https:\/\/api.w.org\/{rel}","templated":true}]}}