{"id":1436,"date":"2021-02-01T08:58:59","date_gmt":"2021-02-01T08:58:59","guid":{"rendered":"https:\/\/swiss-academy.org\/registrierung\/"},"modified":"2023-09-21T09:57:06","modified_gmt":"2023-09-21T09:57:06","slug":"registrierung","status":"publish","type":"page","link":"https:\/\/swiss-academy.org\/de\/registrierung\/","title":{"rendered":"Registrierung"},"content":{"rendered":"<div class=\"wpb-content-wrapper\"><p>[vc_row][vc_column width=&#8220;5\/6&#8243;][vc_column_text]<\/p>\n<p style=\"text-align: left;\"><strong><a href=\"https:\/\/swiss-academy.org\/de\/registrieren\/\">Registrieren &amp; bezahlen Sie hier online<\/a><\/strong><\/p>\n<p style=\"text-align: left;\">Sobald die Registrierung abgeschlossen ist, pr\u00fcft der SATE-Koordinator den Antrag und benachrichtigt den Teilnehmer \u00fcber seinen Status. Eine E-Mail mit einem Link f\u00fcr eine Online-Zahlung wird dann an den Antragsteller gesendet.<\/p>\n<p style=\"text-align: left;\">Nach Abschluss des Registrierungs- und Zahlungsvorgangs erhalten die Bewerber eine Best\u00e4tigungs-E-Mail mit weiteren Informationen zum ausgew\u00e4hlten Kurs \/ Workshop.<\/p>\n<p>&nbsp;<\/p>\n<p>[\/vc_column_text][\/vc_column][vc_column width=&#8220;1\/6&#8243;][\/vc_column][\/vc_row]<\/p>\n<\/div>","protected":false},"excerpt":{"rendered":"<p>[:ar]\u064a\u064f\u0637\u0644\u0628 \u0645\u0646 \u0627\u0644\u0645\u0634\u0627\u0631\u0643\u064a\u0646 \u0645\u0644\u0626 \u0648\u062a\u0642\u062f\u064a\u0645 \u0637\u0644\u0628 \u0639\u0628\u0631 \u0627\u0644\u0625\u0646\u062a\u0631\u0646\u062a \u0644\u0644\u0628\u0631\u0646\u0627\u0645\u062c \u0623\u0648 \u0627\u0644\u062f\u0648\u0631\u0629 \u0627\u0644\u0630\u064a \u064a\u0631\u063a\u0628\u0648\u0646 \u0625\u0644\u0649 \u0627\u0644\u0645\u0634\u0627\u0631\u0643\u0629 \u0641\u064a\u0647\u0627<br \/>\n[:]<\/p>\n","protected":false},"author":1,"featured_media":934,"parent":0,"menu_order":102,"comment_status":"closed","ping_status":"closed","template":"","meta":{"footnotes":""},"class_list":["post-1436","page","type-page","status-publish","has-post-thumbnail","hentry"],"yoast_head":"<!-- This site is optimized with the Yoast SEO plugin v26.3 - https:\/\/yoast.com\/wordpress\/plugins\/seo\/ -->\n<title>Registrierung - SWISS Academy for Training and Evolution<\/title>\n<meta name=\"robots\" content=\"index, follow, max-snippet:-1, max-image-preview:large, max-video-preview:-1\" \/>\n<link rel=\"canonical\" href=\"https:\/\/swiss-academy.org\/de\/registrierung\/\" \/>\n<meta property=\"og:locale\" content=\"de_DE\" \/>\n<meta property=\"og:type\" content=\"article\" \/>\n<meta property=\"og:title\" content=\"Registrierung - SWISS Academy for Training and Evolution\" \/>\n<meta property=\"og:description\" content=\"[:ar]\u064a\u064f\u0637\u0644\u0628 \u0645\u0646 \u0627\u0644\u0645\u0634\u0627\u0631\u0643\u064a\u0646 \u0645\u0644\u0626 \u0648\u062a\u0642\u062f\u064a\u0645 \u0637\u0644\u0628 \u0639\u0628\u0631 \u0627\u0644\u0625\u0646\u062a\u0631\u0646\u062a \u0644\u0644\u0628\u0631\u0646\u0627\u0645\u062c \u0623\u0648 \u0627\u0644\u062f\u0648\u0631\u0629 \u0627\u0644\u0630\u064a \u064a\u0631\u063a\u0628\u0648\u0646 \u0625\u0644\u0649 \u0627\u0644\u0645\u0634\u0627\u0631\u0643\u0629 \u0641\u064a\u0647\u0627 [:]\" \/>\n<meta property=\"og:url\" content=\"https:\/\/swiss-academy.org\/de\/registrierung\/\" \/>\n<meta property=\"og:site_name\" content=\"SWISS Academy for Training and Evolution\" \/>\n<meta property=\"article:publisher\" content=\"https:\/\/www.facebook.com\/SwissacademySATE\/\" \/>\n<meta property=\"article:modified_time\" content=\"2023-09-21T09:57:06+00:00\" \/>\n<meta property=\"og:image\" content=\"https:\/\/swiss-academy.org\/wp-content\/uploads\/2021\/02\/6-1.jpg\" \/>\n\t<meta property=\"og:image:width\" content=\"1920\" \/>\n\t<meta property=\"og:image:height\" content=\"1200\" \/>\n\t<meta property=\"og:image:type\" content=\"image\/jpeg\" \/>\n<meta name=\"twitter:card\" content=\"summary_large_image\" \/>\n<script type=\"application\/ld+json\" class=\"yoast-schema-graph\">{\"@context\":\"https:\/\/schema.org\",\"@graph\":[{\"@type\":\"WebPage\",\"@id\":\"https:\/\/swiss-academy.org\/de\/registrierung\/\",\"url\":\"https:\/\/swiss-academy.org\/de\/registrierung\/\",\"name\":\"Registrierung - SWISS Academy for Training and Evolution\",\"isPartOf\":{\"@id\":\"https:\/\/swiss-academy.org\/de\/#website\"},\"primaryImageOfPage\":{\"@id\":\"https:\/\/swiss-academy.org\/de\/registrierung\/#primaryimage\"},\"image\":{\"@id\":\"https:\/\/swiss-academy.org\/de\/registrierung\/#primaryimage\"},\"thumbnailUrl\":\"https:\/\/swiss-academy.org\/wp-content\/uploads\/2021\/02\/6-1.jpg\",\"datePublished\":\"2021-02-01T08:58:59+00:00\",\"dateModified\":\"2023-09-21T09:57:06+00:00\",\"inLanguage\":\"de\",\"potentialAction\":[{\"@type\":\"ReadAction\",\"target\":[\"https:\/\/swiss-academy.org\/de\/registrierung\/\"]}]},{\"@type\":\"ImageObject\",\"inLanguage\":\"de\",\"@id\":\"https:\/\/swiss-academy.org\/de\/registrierung\/#primaryimage\",\"url\":\"https:\/\/swiss-academy.org\/wp-content\/uploads\/2021\/02\/6-1.jpg\",\"contentUrl\":\"https:\/\/swiss-academy.org\/wp-content\/uploads\/2021\/02\/6-1.jpg\",\"width\":1920,\"height\":1200},{\"@type\":\"WebSite\",\"@id\":\"https:\/\/swiss-academy.org\/de\/#website\",\"url\":\"https:\/\/swiss-academy.org\/de\/\",\"name\":\"SWISS Academy for Training and Evolution\",\"description\":\"\",\"publisher\":{\"@id\":\"https:\/\/swiss-academy.org\/de\/#organization\"},\"potentialAction\":[{\"@type\":\"SearchAction\",\"target\":{\"@type\":\"EntryPoint\",\"urlTemplate\":\"https:\/\/swiss-academy.org\/de\/?s={search_term_string}\"},\"query-input\":{\"@type\":\"PropertyValueSpecification\",\"valueRequired\":true,\"valueName\":\"search_term_string\"}}],\"inLanguage\":\"de\"},{\"@type\":\"Organization\",\"@id\":\"https:\/\/swiss-academy.org\/de\/#organization\",\"name\":\"SWISS Academy for Training and Evolution\",\"url\":\"https:\/\/swiss-academy.org\/de\/\",\"logo\":{\"@type\":\"ImageObject\",\"inLanguage\":\"de\",\"@id\":\"https:\/\/swiss-academy.org\/de\/#\/schema\/logo\/image\/\",\"url\":\"https:\/\/swiss-academy.org\/wp-content\/uploads\/2021\/01\/logo-light.png\",\"contentUrl\":\"https:\/\/swiss-academy.org\/wp-content\/uploads\/2021\/01\/logo-light.png\",\"width\":270,\"height\":73,\"caption\":\"SWISS Academy for Training and Evolution\"},\"image\":{\"@id\":\"https:\/\/swiss-academy.org\/de\/#\/schema\/logo\/image\/\"},\"sameAs\":[\"https:\/\/www.facebook.com\/SwissacademySATE\/\"]}]}<\/script>\n<!-- \/ Yoast SEO plugin. -->","yoast_head_json":{"title":"Registrierung - SWISS Academy for Training and Evolution","robots":{"index":"index","follow":"follow","max-snippet":"max-snippet:-1","max-image-preview":"max-image-preview:large","max-video-preview":"max-video-preview:-1"},"canonical":"https:\/\/swiss-academy.org\/de\/registrierung\/","og_locale":"de_DE","og_type":"article","og_title":"Registrierung - SWISS Academy for Training and Evolution","og_description":"[:ar]\u064a\u064f\u0637\u0644\u0628 \u0645\u0646 \u0627\u0644\u0645\u0634\u0627\u0631\u0643\u064a\u0646 \u0645\u0644\u0626 \u0648\u062a\u0642\u062f\u064a\u0645 \u0637\u0644\u0628 \u0639\u0628\u0631 \u0627\u0644\u0625\u0646\u062a\u0631\u0646\u062a \u0644\u0644\u0628\u0631\u0646\u0627\u0645\u062c \u0623\u0648 \u0627\u0644\u062f\u0648\u0631\u0629 \u0627\u0644\u0630\u064a \u064a\u0631\u063a\u0628\u0648\u0646 \u0625\u0644\u0649 \u0627\u0644\u0645\u0634\u0627\u0631\u0643\u0629 \u0641\u064a\u0647\u0627 [:]","og_url":"https:\/\/swiss-academy.org\/de\/registrierung\/","og_site_name":"SWISS Academy for Training and Evolution","article_publisher":"https:\/\/www.facebook.com\/SwissacademySATE\/","article_modified_time":"2023-09-21T09:57:06+00:00","og_image":[{"width":1920,"height":1200,"url":"https:\/\/swiss-academy.org\/wp-content\/uploads\/2021\/02\/6-1.jpg","type":"image\/jpeg"}],"twitter_card":"summary_large_image","schema":{"@context":"https:\/\/schema.org","@graph":[{"@type":"WebPage","@id":"https:\/\/swiss-academy.org\/de\/registrierung\/","url":"https:\/\/swiss-academy.org\/de\/registrierung\/","name":"Registrierung - SWISS Academy for Training and Evolution","isPartOf":{"@id":"https:\/\/swiss-academy.org\/de\/#website"},"primaryImageOfPage":{"@id":"https:\/\/swiss-academy.org\/de\/registrierung\/#primaryimage"},"image":{"@id":"https:\/\/swiss-academy.org\/de\/registrierung\/#primaryimage"},"thumbnailUrl":"https:\/\/swiss-academy.org\/wp-content\/uploads\/2021\/02\/6-1.jpg","datePublished":"2021-02-01T08:58:59+00:00","dateModified":"2023-09-21T09:57:06+00:00","inLanguage":"de","potentialAction":[{"@type":"ReadAction","target":["https:\/\/swiss-academy.org\/de\/registrierung\/"]}]},{"@type":"ImageObject","inLanguage":"de","@id":"https:\/\/swiss-academy.org\/de\/registrierung\/#primaryimage","url":"https:\/\/swiss-academy.org\/wp-content\/uploads\/2021\/02\/6-1.jpg","contentUrl":"https:\/\/swiss-academy.org\/wp-content\/uploads\/2021\/02\/6-1.jpg","width":1920,"height":1200},{"@type":"WebSite","@id":"https:\/\/swiss-academy.org\/de\/#website","url":"https:\/\/swiss-academy.org\/de\/","name":"SWISS Academy for Training and Evolution","description":"","publisher":{"@id":"https:\/\/swiss-academy.org\/de\/#organization"},"potentialAction":[{"@type":"SearchAction","target":{"@type":"EntryPoint","urlTemplate":"https:\/\/swiss-academy.org\/de\/?s={search_term_string}"},"query-input":{"@type":"PropertyValueSpecification","valueRequired":true,"valueName":"search_term_string"}}],"inLanguage":"de"},{"@type":"Organization","@id":"https:\/\/swiss-academy.org\/de\/#organization","name":"SWISS Academy for Training and Evolution","url":"https:\/\/swiss-academy.org\/de\/","logo":{"@type":"ImageObject","inLanguage":"de","@id":"https:\/\/swiss-academy.org\/de\/#\/schema\/logo\/image\/","url":"https:\/\/swiss-academy.org\/wp-content\/uploads\/2021\/01\/logo-light.png","contentUrl":"https:\/\/swiss-academy.org\/wp-content\/uploads\/2021\/01\/logo-light.png","width":270,"height":73,"caption":"SWISS Academy for Training and Evolution"},"image":{"@id":"https:\/\/swiss-academy.org\/de\/#\/schema\/logo\/image\/"},"sameAs":["https:\/\/www.facebook.com\/SwissacademySATE\/"]}]}},"_links":{"self":[{"href":"https:\/\/swiss-academy.org\/de\/wp-json\/wp\/v2\/pages\/1436","targetHints":{"allow":["GET"]}}],"collection":[{"href":"https:\/\/swiss-academy.org\/de\/wp-json\/wp\/v2\/pages"}],"about":[{"href":"https:\/\/swiss-academy.org\/de\/wp-json\/wp\/v2\/types\/page"}],"author":[{"embeddable":true,"href":"https:\/\/swiss-academy.org\/de\/wp-json\/wp\/v2\/users\/1"}],"replies":[{"embeddable":true,"href":"https:\/\/swiss-academy.org\/de\/wp-json\/wp\/v2\/comments?post=1436"}],"version-history":[{"count":2,"href":"https:\/\/swiss-academy.org\/de\/wp-json\/wp\/v2\/pages\/1436\/revisions"}],"predecessor-version":[{"id":1438,"href":"https:\/\/swiss-academy.org\/de\/wp-json\/wp\/v2\/pages\/1436\/revisions\/1438"}],"wp:featuredmedia":[{"embeddable":true,"href":"https:\/\/swiss-academy.org\/de\/wp-json\/wp\/v2\/media\/934"}],"wp:attachment":[{"href":"https:\/\/swiss-academy.org\/de\/wp-json\/wp\/v2\/media?parent=1436"}],"curies":[{"name":"wp","href":"https:\/\/api.w.org\/{rel}","templated":true}]}}