{"id":1442,"date":"2021-02-01T08:58:39","date_gmt":"2021-02-01T08:58:39","guid":{"rendered":"https:\/\/swiss-academy.org\/atteste\/"},"modified":"2024-07-04T13:24:22","modified_gmt":"2024-07-04T13:24:22","slug":"atteste","status":"publish","type":"page","link":"https:\/\/swiss-academy.org\/de\/aus-und-weiterbildungsstrategie-2\/atteste\/","title":{"rendered":"Atteste"},"content":{"rendered":"<div class=\"wpb-content-wrapper\"><p>[vc_row][vc_column][vc_column_text]Sobald ein Teilnehmer ein Programm abgeschlossen hat, erh\u00e4lt er ein offizielles Zertifikat als Anerkennung f\u00fcr seine Arbeit und Teilnahme am Programm. Unsere Zertifikate werden von Institutionen und Arbeitgebern weltweit anerkannt. Das erworbene Zertifikat zeigt, dass die Teilnehmer \u00fcber die von vielen Institutionen und Einrichtungen geforderten &#8222;arbeitsbereiten&#8220; F\u00e4higkeiten verf\u00fcgen.<\/p>\n<p>Sobald ein Teilnehmer den SATE-Schulungskurs oder -Workshop abgeschlossen hat, wird er aufgefordert, eine formelle Bewertung abzulegen, die zu einem Pass- oder Abschlusszertifikat f\u00fchrt.[\/vc_column_text][vc_column_text]<\/p>\n<h2 style=\"text-align: center;\">Beispiel f\u00fcr ein Zertifikat<\/h2>\n<p>[\/vc_column_text][vc_single_image image=&#8220;1784&#8243; img_size=&#8220;large&#8220; alignment=&#8220;center&#8220;][\/vc_column][\/vc_row][vc_column][\/vc_column]<\/p>\n<\/div>","protected":false},"excerpt":{"rendered":"<p>Sobald ein Teilnehmer ein Programm abgeschlossen hat, erh\u00e4lt er ein offizielles Zertifikat als Anerkennung f\u00fcr seine Arbeit und Teilnahme am Programm.<\/p>\n","protected":false},"author":1,"featured_media":937,"parent":1476,"menu_order":4,"comment_status":"closed","ping_status":"closed","template":"","meta":{"footnotes":""},"class_list":["post-1442","page","type-page","status-publish","has-post-thumbnail","hentry"],"yoast_head":"<!-- This site is optimized with the Yoast SEO plugin v26.3 - https:\/\/yoast.com\/wordpress\/plugins\/seo\/ -->\n<title>Atteste - SWISS Academy for Training and Evolution<\/title>\n<meta name=\"robots\" content=\"index, follow, max-snippet:-1, max-image-preview:large, max-video-preview:-1\" \/>\n<link rel=\"canonical\" href=\"https:\/\/swiss-academy.org\/de\/aus-und-weiterbildungsstrategie-2\/atteste\/\" \/>\n<meta property=\"og:locale\" content=\"de_DE\" \/>\n<meta property=\"og:type\" content=\"article\" \/>\n<meta property=\"og:title\" content=\"Atteste - SWISS Academy for Training and Evolution\" \/>\n<meta property=\"og:description\" content=\"Sobald ein Teilnehmer ein Programm abgeschlossen hat, erh\u00e4lt er ein offizielles Zertifikat als Anerkennung f\u00fcr seine Arbeit und Teilnahme am Programm.\" \/>\n<meta property=\"og:url\" content=\"https:\/\/swiss-academy.org\/de\/aus-und-weiterbildungsstrategie-2\/atteste\/\" \/>\n<meta property=\"og:site_name\" content=\"SWISS Academy for Training and Evolution\" \/>\n<meta property=\"article:publisher\" content=\"https:\/\/www.facebook.com\/SwissacademySATE\/\" \/>\n<meta property=\"article:modified_time\" content=\"2024-07-04T13:24:22+00:00\" \/>\n<meta property=\"og:image\" content=\"https:\/\/swiss-academy.org\/wp-content\/uploads\/2021\/02\/4.jpg\" \/>\n\t<meta property=\"og:image:width\" content=\"310\" \/>\n\t<meta property=\"og:image:height\" content=\"207\" \/>\n\t<meta property=\"og:image:type\" content=\"image\/jpeg\" \/>\n<meta name=\"twitter:card\" content=\"summary_large_image\" \/>\n<meta name=\"twitter:label1\" content=\"Gesch\u00e4tzte Lesezeit\" \/>\n\t<meta name=\"twitter:data1\" content=\"1\u00a0Minute\" \/>\n<script type=\"application\/ld+json\" class=\"yoast-schema-graph\">{\"@context\":\"https:\/\/schema.org\",\"@graph\":[{\"@type\":\"WebPage\",\"@id\":\"https:\/\/swiss-academy.org\/de\/aus-und-weiterbildungsstrategie-2\/atteste\/\",\"url\":\"https:\/\/swiss-academy.org\/de\/aus-und-weiterbildungsstrategie-2\/atteste\/\",\"name\":\"Atteste - SWISS Academy for Training and Evolution\",\"isPartOf\":{\"@id\":\"https:\/\/swiss-academy.org\/de\/#website\"},\"primaryImageOfPage\":{\"@id\":\"https:\/\/swiss-academy.org\/de\/aus-und-weiterbildungsstrategie-2\/atteste\/#primaryimage\"},\"image\":{\"@id\":\"https:\/\/swiss-academy.org\/de\/aus-und-weiterbildungsstrategie-2\/atteste\/#primaryimage\"},\"thumbnailUrl\":\"https:\/\/swiss-academy.org\/wp-content\/uploads\/2021\/02\/4.jpg\",\"datePublished\":\"2021-02-01T08:58:39+00:00\",\"dateModified\":\"2024-07-04T13:24:22+00:00\",\"breadcrumb\":{\"@id\":\"https:\/\/swiss-academy.org\/de\/aus-und-weiterbildungsstrategie-2\/atteste\/#breadcrumb\"},\"inLanguage\":\"de\",\"potentialAction\":[{\"@type\":\"ReadAction\",\"target\":[\"https:\/\/swiss-academy.org\/de\/aus-und-weiterbildungsstrategie-2\/atteste\/\"]}]},{\"@type\":\"ImageObject\",\"inLanguage\":\"de\",\"@id\":\"https:\/\/swiss-academy.org\/de\/aus-und-weiterbildungsstrategie-2\/atteste\/#primaryimage\",\"url\":\"https:\/\/swiss-academy.org\/wp-content\/uploads\/2021\/02\/4.jpg\",\"contentUrl\":\"https:\/\/swiss-academy.org\/wp-content\/uploads\/2021\/02\/4.jpg\",\"width\":310,\"height\":207},{\"@type\":\"BreadcrumbList\",\"@id\":\"https:\/\/swiss-academy.org\/de\/aus-und-weiterbildungsstrategie-2\/atteste\/#breadcrumb\",\"itemListElement\":[{\"@type\":\"ListItem\",\"position\":1,\"name\":\"Aus- und Weiterbildungsstrategie\",\"item\":\"https:\/\/swiss-academy.org\/de\/sate-education-training-strategy-2\/\"},{\"@type\":\"ListItem\",\"position\":2,\"name\":\"Atteste\"}]},{\"@type\":\"WebSite\",\"@id\":\"https:\/\/swiss-academy.org\/de\/#website\",\"url\":\"https:\/\/swiss-academy.org\/de\/\",\"name\":\"SWISS Academy for Training and Evolution\",\"description\":\"\",\"publisher\":{\"@id\":\"https:\/\/swiss-academy.org\/de\/#organization\"},\"potentialAction\":[{\"@type\":\"SearchAction\",\"target\":{\"@type\":\"EntryPoint\",\"urlTemplate\":\"https:\/\/swiss-academy.org\/de\/?s={search_term_string}\"},\"query-input\":{\"@type\":\"PropertyValueSpecification\",\"valueRequired\":true,\"valueName\":\"search_term_string\"}}],\"inLanguage\":\"de\"},{\"@type\":\"Organization\",\"@id\":\"https:\/\/swiss-academy.org\/de\/#organization\",\"name\":\"SWISS Academy for Training and Evolution\",\"url\":\"https:\/\/swiss-academy.org\/de\/\",\"logo\":{\"@type\":\"ImageObject\",\"inLanguage\":\"de\",\"@id\":\"https:\/\/swiss-academy.org\/de\/#\/schema\/logo\/image\/\",\"url\":\"https:\/\/swiss-academy.org\/wp-content\/uploads\/2021\/01\/logo-light.png\",\"contentUrl\":\"https:\/\/swiss-academy.org\/wp-content\/uploads\/2021\/01\/logo-light.png\",\"width\":270,\"height\":73,\"caption\":\"SWISS Academy for Training and Evolution\"},\"image\":{\"@id\":\"https:\/\/swiss-academy.org\/de\/#\/schema\/logo\/image\/\"},\"sameAs\":[\"https:\/\/www.facebook.com\/SwissacademySATE\/\"]}]}<\/script>\n<!-- \/ Yoast SEO plugin. -->","yoast_head_json":{"title":"Atteste - SWISS Academy for Training and Evolution","robots":{"index":"index","follow":"follow","max-snippet":"max-snippet:-1","max-image-preview":"max-image-preview:large","max-video-preview":"max-video-preview:-1"},"canonical":"https:\/\/swiss-academy.org\/de\/aus-und-weiterbildungsstrategie-2\/atteste\/","og_locale":"de_DE","og_type":"article","og_title":"Atteste - SWISS Academy for Training and Evolution","og_description":"Sobald ein Teilnehmer ein Programm abgeschlossen hat, erh\u00e4lt er ein offizielles Zertifikat als Anerkennung f\u00fcr seine Arbeit und Teilnahme am Programm.","og_url":"https:\/\/swiss-academy.org\/de\/aus-und-weiterbildungsstrategie-2\/atteste\/","og_site_name":"SWISS Academy for Training and Evolution","article_publisher":"https:\/\/www.facebook.com\/SwissacademySATE\/","article_modified_time":"2024-07-04T13:24:22+00:00","og_image":[{"width":310,"height":207,"url":"https:\/\/swiss-academy.org\/wp-content\/uploads\/2021\/02\/4.jpg","type":"image\/jpeg"}],"twitter_card":"summary_large_image","twitter_misc":{"Gesch\u00e4tzte Lesezeit":"1\u00a0Minute"},"schema":{"@context":"https:\/\/schema.org","@graph":[{"@type":"WebPage","@id":"https:\/\/swiss-academy.org\/de\/aus-und-weiterbildungsstrategie-2\/atteste\/","url":"https:\/\/swiss-academy.org\/de\/aus-und-weiterbildungsstrategie-2\/atteste\/","name":"Atteste - SWISS Academy for Training and Evolution","isPartOf":{"@id":"https:\/\/swiss-academy.org\/de\/#website"},"primaryImageOfPage":{"@id":"https:\/\/swiss-academy.org\/de\/aus-und-weiterbildungsstrategie-2\/atteste\/#primaryimage"},"image":{"@id":"https:\/\/swiss-academy.org\/de\/aus-und-weiterbildungsstrategie-2\/atteste\/#primaryimage"},"thumbnailUrl":"https:\/\/swiss-academy.org\/wp-content\/uploads\/2021\/02\/4.jpg","datePublished":"2021-02-01T08:58:39+00:00","dateModified":"2024-07-04T13:24:22+00:00","breadcrumb":{"@id":"https:\/\/swiss-academy.org\/de\/aus-und-weiterbildungsstrategie-2\/atteste\/#breadcrumb"},"inLanguage":"de","potentialAction":[{"@type":"ReadAction","target":["https:\/\/swiss-academy.org\/de\/aus-und-weiterbildungsstrategie-2\/atteste\/"]}]},{"@type":"ImageObject","inLanguage":"de","@id":"https:\/\/swiss-academy.org\/de\/aus-und-weiterbildungsstrategie-2\/atteste\/#primaryimage","url":"https:\/\/swiss-academy.org\/wp-content\/uploads\/2021\/02\/4.jpg","contentUrl":"https:\/\/swiss-academy.org\/wp-content\/uploads\/2021\/02\/4.jpg","width":310,"height":207},{"@type":"BreadcrumbList","@id":"https:\/\/swiss-academy.org\/de\/aus-und-weiterbildungsstrategie-2\/atteste\/#breadcrumb","itemListElement":[{"@type":"ListItem","position":1,"name":"Aus- und Weiterbildungsstrategie","item":"https:\/\/swiss-academy.org\/de\/sate-education-training-strategy-2\/"},{"@type":"ListItem","position":2,"name":"Atteste"}]},{"@type":"WebSite","@id":"https:\/\/swiss-academy.org\/de\/#website","url":"https:\/\/swiss-academy.org\/de\/","name":"SWISS Academy for Training and Evolution","description":"","publisher":{"@id":"https:\/\/swiss-academy.org\/de\/#organization"},"potentialAction":[{"@type":"SearchAction","target":{"@type":"EntryPoint","urlTemplate":"https:\/\/swiss-academy.org\/de\/?s={search_term_string}"},"query-input":{"@type":"PropertyValueSpecification","valueRequired":true,"valueName":"search_term_string"}}],"inLanguage":"de"},{"@type":"Organization","@id":"https:\/\/swiss-academy.org\/de\/#organization","name":"SWISS Academy for Training and Evolution","url":"https:\/\/swiss-academy.org\/de\/","logo":{"@type":"ImageObject","inLanguage":"de","@id":"https:\/\/swiss-academy.org\/de\/#\/schema\/logo\/image\/","url":"https:\/\/swiss-academy.org\/wp-content\/uploads\/2021\/01\/logo-light.png","contentUrl":"https:\/\/swiss-academy.org\/wp-content\/uploads\/2021\/01\/logo-light.png","width":270,"height":73,"caption":"SWISS Academy for Training and Evolution"},"image":{"@id":"https:\/\/swiss-academy.org\/de\/#\/schema\/logo\/image\/"},"sameAs":["https:\/\/www.facebook.com\/SwissacademySATE\/"]}]}},"_links":{"self":[{"href":"https:\/\/swiss-academy.org\/de\/wp-json\/wp\/v2\/pages\/1442","targetHints":{"allow":["GET"]}}],"collection":[{"href":"https:\/\/swiss-academy.org\/de\/wp-json\/wp\/v2\/pages"}],"about":[{"href":"https:\/\/swiss-academy.org\/de\/wp-json\/wp\/v2\/types\/page"}],"author":[{"embeddable":true,"href":"https:\/\/swiss-academy.org\/de\/wp-json\/wp\/v2\/users\/1"}],"replies":[{"embeddable":true,"href":"https:\/\/swiss-academy.org\/de\/wp-json\/wp\/v2\/comments?post=1442"}],"version-history":[{"count":6,"href":"https:\/\/swiss-academy.org\/de\/wp-json\/wp\/v2\/pages\/1442\/revisions"}],"predecessor-version":[{"id":1805,"href":"https:\/\/swiss-academy.org\/de\/wp-json\/wp\/v2\/pages\/1442\/revisions\/1805"}],"up":[{"embeddable":true,"href":"https:\/\/swiss-academy.org\/de\/wp-json\/wp\/v2\/pages\/1476"}],"wp:featuredmedia":[{"embeddable":true,"href":"https:\/\/swiss-academy.org\/de\/wp-json\/wp\/v2\/media\/937"}],"wp:attachment":[{"href":"https:\/\/swiss-academy.org\/de\/wp-json\/wp\/v2\/media?parent=1442"}],"curies":[{"name":"wp","href":"https:\/\/api.w.org\/{rel}","templated":true}]}}