{"id":1454,"date":"2021-02-01T08:58:07","date_gmt":"2021-02-01T08:58:07","guid":{"rendered":"https:\/\/swiss-academy.org\/die-phase-waehrend-des-trainings\/"},"modified":"2022-12-27T13:52:45","modified_gmt":"2022-12-27T13:52:45","slug":"die-phase-waehrend-des-trainings","status":"publish","type":"page","link":"https:\/\/swiss-academy.org\/de\/aus-und-weiterbildungsstrategie-2\/die-phase-waehrend-des-trainings\/","title":{"rendered":"Die Phase w\u00e4hrend des Trainings"},"content":{"rendered":"<div class=\"wpb-content-wrapper\"><p>[vc_row el_class=&#8220;style-6&#8243;][vc_column width=&#8220;1\/2&#8243;][vc_column_text]<\/p>\n<h6>Eine unvergessliche Lernerfahrung<\/h6>\n<p>Auf dieser Ebene der SATE-Trainings- und Lernstrategie stellt das SATE-Betriebsteam sicher, dass die Kurse, einschlie\u00dflich der E-Learning-Kurse, die Bedeutung effizient kommunizieren und eine unvergessliche Lernerfahrung schaffen.<\/p>\n<p>Das Setzen von Erwartungen ist entscheidend f\u00fcr die Definition der Lernziele. Der Lerntransfer erfolgt effizienter, wenn die Lernenden wissen, welche Verhaltensweisen von ihnen nach dem Training erwartet werden.<\/p>\n<p>In der heutigen schnelllebigen Arbeitsumgebung haben erwachsene Lernende wenig Zeit; Deshalb sch\u00e4tzen sie einen Kurs, der sofort auf die Jagd geht.<\/p>\n<p>SATE sa\u00df Regeln aus, die von allen Trainern verlangen, die Aufteilung der Kursinhalte zu priorisieren, um sicherzustellen, dass die Kurse \u00fcbersichtlich und relevant sind, sich auf die &#8222;Must-Know&#8220; -Inhalte konzentrieren und alles eliminieren, was die Lernziele nicht direkt anspricht, ohne die &#8222;Nice-to-Know&#8220; -Informationen zu ignorieren.[\/vc_column_text][\/vc_column][vc_column width=&#8220;1\/2&#8243;][vc_single_image image=&#8220;752&#8243; img_size=&#8220;full&#8220;][\/vc_column][\/vc_row][vc_row el_class=&#8220;style-6&#8243;][vc_column][vc_column_text]<\/p>\n<h6>Vergleichende Lernmethoden<\/h6>\n<p>Denn Lernen wird am besten durch Verb\u00e4nde erreicht. SATE stellt sicher, dass in seinen sorgf\u00e4ltig konzipierten Kursen Lehrmittel angewendet werden, um \u00c4hnlichkeiten zwischen zwei unterschiedlichen Objekten oder Ideen zu ziehen und gleichzeitig sicherzustellen, dass die Unterschiede zwischen den verglichenen Objekten hervorgehoben werden.<br \/>\nAnalogien und Metaphern werden in SATE-Kursen als effektive Werkzeuge verwendet, um den Teilnehmern zu helfen, auf ihre Vorkenntnisse oder Erfahrungen zur\u00fcckzugreifen, um neue Konzepte zu verstehen, \u00c4hnlichkeiten zu entdecken und zu verstehen.[\/vc_column_text][\/vc_column][\/vc_row][vc_row el_class=&#8220;style-6&#8243;][vc_column][vc_column_text]<\/p>\n<h6>Inhalte mit realen Jobrollen und Verantwortlichkeiten in Einklang bringen<\/h6>\n<p>Erwachsene Lernende sind nur dann motiviert, neu erworbenes Wissen anzuwenden, wenn sie zuversichtlich sind, dass es ihnen helfen wird, reale Herausforderungen zu meistern. Aus diesem Grund arbeitete SATE daran, realistische Szenarien in seine entworfenen Kurse zu integrieren, um die Probleme der Teilnehmer am Arbeitsplatz zu simulieren. SATE-Kurse beinhalten auch praktische \u00dcbungen, die denen \u00e4hneln, die von den Teilnehmern am Arbeitsplatz erwartet werden. Vergessen Sie auch nicht, einige Beispiele aus dem wirklichen Leben einzubeziehen, um den Teilnehmern die M\u00f6glichkeit zu geben, in einer sicheren Umgebung zu lernen.[\/vc_column_text][\/vc_column][\/vc_row][vc_row el_class=&#8220;style-6&#8243;][vc_column][vc_column_text]<\/p>\n<h6>Aktionspl\u00e4ne zur Erhaltung und Verbesserung der Motivation<\/h6>\n<p>Das SATE-Team aus P\u00e4dagogen und Trainern arbeitet mit den Lernenden zusammen, um Aktionspl\u00e4ne zu erstellen, die sie bei der R\u00fcckkehr an die Arbeit unterst\u00fctzen. Diese Aktionspl\u00e4ne legen die Richtlinien fest, die den Teilnehmern helfen, das anzuwenden, was sie w\u00e4hrend des Trainings gelernt haben.[\/vc_column_text][\/vc_column][\/vc_row][vc_column][\/vc_column]<\/p>\n<\/div>","protected":false},"excerpt":{"rendered":"<p>Der Lerntransfer erfolgt effizienter, wenn die Lernenden wissen, welche Verhaltensweisen von ihnen nach dem Training erwartet werden.<\/p>\n","protected":false},"author":1,"featured_media":928,"parent":1476,"menu_order":3,"comment_status":"closed","ping_status":"closed","template":"","meta":{"footnotes":""},"class_list":["post-1454","page","type-page","status-publish","has-post-thumbnail","hentry"],"yoast_head":"<!-- This site is optimized with the Yoast SEO plugin v26.3 - https:\/\/yoast.com\/wordpress\/plugins\/seo\/ -->\n<title>Die Phase w\u00e4hrend des Trainings - SWISS Academy for Training and Evolution<\/title>\n<meta name=\"robots\" content=\"index, follow, max-snippet:-1, max-image-preview:large, max-video-preview:-1\" \/>\n<link rel=\"canonical\" href=\"https:\/\/swiss-academy.org\/de\/aus-und-weiterbildungsstrategie-2\/die-phase-waehrend-des-trainings\/\" \/>\n<meta property=\"og:locale\" content=\"de_DE\" \/>\n<meta property=\"og:type\" content=\"article\" \/>\n<meta property=\"og:title\" content=\"Die Phase w\u00e4hrend des Trainings - SWISS Academy for Training and Evolution\" \/>\n<meta property=\"og:description\" content=\"Der Lerntransfer erfolgt effizienter, wenn die Lernenden wissen, welche Verhaltensweisen von ihnen nach dem Training erwartet werden.\" \/>\n<meta property=\"og:url\" content=\"https:\/\/swiss-academy.org\/de\/aus-und-weiterbildungsstrategie-2\/die-phase-waehrend-des-trainings\/\" \/>\n<meta property=\"og:site_name\" content=\"SWISS Academy for Training and Evolution\" \/>\n<meta property=\"article:publisher\" content=\"https:\/\/www.facebook.com\/SwissacademySATE\/\" \/>\n<meta property=\"article:modified_time\" content=\"2022-12-27T13:52:45+00:00\" \/>\n<meta property=\"og:image\" content=\"https:\/\/swiss-academy.org\/wp-content\/uploads\/2021\/02\/2.jpg\" \/>\n\t<meta property=\"og:image:width\" content=\"310\" \/>\n\t<meta property=\"og:image:height\" content=\"207\" \/>\n\t<meta property=\"og:image:type\" content=\"image\/jpeg\" \/>\n<meta name=\"twitter:card\" content=\"summary_large_image\" \/>\n<meta name=\"twitter:label1\" content=\"Gesch\u00e4tzte Lesezeit\" \/>\n\t<meta name=\"twitter:data1\" content=\"2\u00a0Minuten\" \/>\n<script type=\"application\/ld+json\" class=\"yoast-schema-graph\">{\"@context\":\"https:\/\/schema.org\",\"@graph\":[{\"@type\":\"WebPage\",\"@id\":\"https:\/\/swiss-academy.org\/de\/aus-und-weiterbildungsstrategie-2\/die-phase-waehrend-des-trainings\/\",\"url\":\"https:\/\/swiss-academy.org\/de\/aus-und-weiterbildungsstrategie-2\/die-phase-waehrend-des-trainings\/\",\"name\":\"Die Phase w\u00e4hrend des Trainings - SWISS Academy for Training and Evolution\",\"isPartOf\":{\"@id\":\"https:\/\/swiss-academy.org\/de\/#website\"},\"primaryImageOfPage\":{\"@id\":\"https:\/\/swiss-academy.org\/de\/aus-und-weiterbildungsstrategie-2\/die-phase-waehrend-des-trainings\/#primaryimage\"},\"image\":{\"@id\":\"https:\/\/swiss-academy.org\/de\/aus-und-weiterbildungsstrategie-2\/die-phase-waehrend-des-trainings\/#primaryimage\"},\"thumbnailUrl\":\"https:\/\/swiss-academy.org\/wp-content\/uploads\/2021\/02\/2.jpg\",\"datePublished\":\"2021-02-01T08:58:07+00:00\",\"dateModified\":\"2022-12-27T13:52:45+00:00\",\"breadcrumb\":{\"@id\":\"https:\/\/swiss-academy.org\/de\/aus-und-weiterbildungsstrategie-2\/die-phase-waehrend-des-trainings\/#breadcrumb\"},\"inLanguage\":\"de\",\"potentialAction\":[{\"@type\":\"ReadAction\",\"target\":[\"https:\/\/swiss-academy.org\/de\/aus-und-weiterbildungsstrategie-2\/die-phase-waehrend-des-trainings\/\"]}]},{\"@type\":\"ImageObject\",\"inLanguage\":\"de\",\"@id\":\"https:\/\/swiss-academy.org\/de\/aus-und-weiterbildungsstrategie-2\/die-phase-waehrend-des-trainings\/#primaryimage\",\"url\":\"https:\/\/swiss-academy.org\/wp-content\/uploads\/2021\/02\/2.jpg\",\"contentUrl\":\"https:\/\/swiss-academy.org\/wp-content\/uploads\/2021\/02\/2.jpg\",\"width\":310,\"height\":207},{\"@type\":\"BreadcrumbList\",\"@id\":\"https:\/\/swiss-academy.org\/de\/aus-und-weiterbildungsstrategie-2\/die-phase-waehrend-des-trainings\/#breadcrumb\",\"itemListElement\":[{\"@type\":\"ListItem\",\"position\":1,\"name\":\"Aus- und Weiterbildungsstrategie\",\"item\":\"https:\/\/swiss-academy.org\/de\/sate-education-training-strategy-2\/\"},{\"@type\":\"ListItem\",\"position\":2,\"name\":\"Die Phase w\u00e4hrend des Trainings\"}]},{\"@type\":\"WebSite\",\"@id\":\"https:\/\/swiss-academy.org\/de\/#website\",\"url\":\"https:\/\/swiss-academy.org\/de\/\",\"name\":\"SWISS Academy for Training and Evolution\",\"description\":\"\",\"publisher\":{\"@id\":\"https:\/\/swiss-academy.org\/de\/#organization\"},\"potentialAction\":[{\"@type\":\"SearchAction\",\"target\":{\"@type\":\"EntryPoint\",\"urlTemplate\":\"https:\/\/swiss-academy.org\/de\/?s={search_term_string}\"},\"query-input\":{\"@type\":\"PropertyValueSpecification\",\"valueRequired\":true,\"valueName\":\"search_term_string\"}}],\"inLanguage\":\"de\"},{\"@type\":\"Organization\",\"@id\":\"https:\/\/swiss-academy.org\/de\/#organization\",\"name\":\"SWISS Academy for Training and Evolution\",\"url\":\"https:\/\/swiss-academy.org\/de\/\",\"logo\":{\"@type\":\"ImageObject\",\"inLanguage\":\"de\",\"@id\":\"https:\/\/swiss-academy.org\/de\/#\/schema\/logo\/image\/\",\"url\":\"https:\/\/swiss-academy.org\/wp-content\/uploads\/2021\/01\/logo-light.png\",\"contentUrl\":\"https:\/\/swiss-academy.org\/wp-content\/uploads\/2021\/01\/logo-light.png\",\"width\":270,\"height\":73,\"caption\":\"SWISS Academy for Training and Evolution\"},\"image\":{\"@id\":\"https:\/\/swiss-academy.org\/de\/#\/schema\/logo\/image\/\"},\"sameAs\":[\"https:\/\/www.facebook.com\/SwissacademySATE\/\"]}]}<\/script>\n<!-- \/ Yoast SEO plugin. -->","yoast_head_json":{"title":"Die Phase w\u00e4hrend des Trainings - SWISS Academy for Training and Evolution","robots":{"index":"index","follow":"follow","max-snippet":"max-snippet:-1","max-image-preview":"max-image-preview:large","max-video-preview":"max-video-preview:-1"},"canonical":"https:\/\/swiss-academy.org\/de\/aus-und-weiterbildungsstrategie-2\/die-phase-waehrend-des-trainings\/","og_locale":"de_DE","og_type":"article","og_title":"Die Phase w\u00e4hrend des Trainings - SWISS Academy for Training and Evolution","og_description":"Der Lerntransfer erfolgt effizienter, wenn die Lernenden wissen, welche Verhaltensweisen von ihnen nach dem Training erwartet werden.","og_url":"https:\/\/swiss-academy.org\/de\/aus-und-weiterbildungsstrategie-2\/die-phase-waehrend-des-trainings\/","og_site_name":"SWISS Academy for Training and Evolution","article_publisher":"https:\/\/www.facebook.com\/SwissacademySATE\/","article_modified_time":"2022-12-27T13:52:45+00:00","og_image":[{"width":310,"height":207,"url":"https:\/\/swiss-academy.org\/wp-content\/uploads\/2021\/02\/2.jpg","type":"image\/jpeg"}],"twitter_card":"summary_large_image","twitter_misc":{"Gesch\u00e4tzte Lesezeit":"2\u00a0Minuten"},"schema":{"@context":"https:\/\/schema.org","@graph":[{"@type":"WebPage","@id":"https:\/\/swiss-academy.org\/de\/aus-und-weiterbildungsstrategie-2\/die-phase-waehrend-des-trainings\/","url":"https:\/\/swiss-academy.org\/de\/aus-und-weiterbildungsstrategie-2\/die-phase-waehrend-des-trainings\/","name":"Die Phase w\u00e4hrend des Trainings - SWISS Academy for Training and Evolution","isPartOf":{"@id":"https:\/\/swiss-academy.org\/de\/#website"},"primaryImageOfPage":{"@id":"https:\/\/swiss-academy.org\/de\/aus-und-weiterbildungsstrategie-2\/die-phase-waehrend-des-trainings\/#primaryimage"},"image":{"@id":"https:\/\/swiss-academy.org\/de\/aus-und-weiterbildungsstrategie-2\/die-phase-waehrend-des-trainings\/#primaryimage"},"thumbnailUrl":"https:\/\/swiss-academy.org\/wp-content\/uploads\/2021\/02\/2.jpg","datePublished":"2021-02-01T08:58:07+00:00","dateModified":"2022-12-27T13:52:45+00:00","breadcrumb":{"@id":"https:\/\/swiss-academy.org\/de\/aus-und-weiterbildungsstrategie-2\/die-phase-waehrend-des-trainings\/#breadcrumb"},"inLanguage":"de","potentialAction":[{"@type":"ReadAction","target":["https:\/\/swiss-academy.org\/de\/aus-und-weiterbildungsstrategie-2\/die-phase-waehrend-des-trainings\/"]}]},{"@type":"ImageObject","inLanguage":"de","@id":"https:\/\/swiss-academy.org\/de\/aus-und-weiterbildungsstrategie-2\/die-phase-waehrend-des-trainings\/#primaryimage","url":"https:\/\/swiss-academy.org\/wp-content\/uploads\/2021\/02\/2.jpg","contentUrl":"https:\/\/swiss-academy.org\/wp-content\/uploads\/2021\/02\/2.jpg","width":310,"height":207},{"@type":"BreadcrumbList","@id":"https:\/\/swiss-academy.org\/de\/aus-und-weiterbildungsstrategie-2\/die-phase-waehrend-des-trainings\/#breadcrumb","itemListElement":[{"@type":"ListItem","position":1,"name":"Aus- und Weiterbildungsstrategie","item":"https:\/\/swiss-academy.org\/de\/sate-education-training-strategy-2\/"},{"@type":"ListItem","position":2,"name":"Die Phase w\u00e4hrend des Trainings"}]},{"@type":"WebSite","@id":"https:\/\/swiss-academy.org\/de\/#website","url":"https:\/\/swiss-academy.org\/de\/","name":"SWISS Academy for Training and Evolution","description":"","publisher":{"@id":"https:\/\/swiss-academy.org\/de\/#organization"},"potentialAction":[{"@type":"SearchAction","target":{"@type":"EntryPoint","urlTemplate":"https:\/\/swiss-academy.org\/de\/?s={search_term_string}"},"query-input":{"@type":"PropertyValueSpecification","valueRequired":true,"valueName":"search_term_string"}}],"inLanguage":"de"},{"@type":"Organization","@id":"https:\/\/swiss-academy.org\/de\/#organization","name":"SWISS Academy for Training and Evolution","url":"https:\/\/swiss-academy.org\/de\/","logo":{"@type":"ImageObject","inLanguage":"de","@id":"https:\/\/swiss-academy.org\/de\/#\/schema\/logo\/image\/","url":"https:\/\/swiss-academy.org\/wp-content\/uploads\/2021\/01\/logo-light.png","contentUrl":"https:\/\/swiss-academy.org\/wp-content\/uploads\/2021\/01\/logo-light.png","width":270,"height":73,"caption":"SWISS Academy for Training and Evolution"},"image":{"@id":"https:\/\/swiss-academy.org\/de\/#\/schema\/logo\/image\/"},"sameAs":["https:\/\/www.facebook.com\/SwissacademySATE\/"]}]}},"_links":{"self":[{"href":"https:\/\/swiss-academy.org\/de\/wp-json\/wp\/v2\/pages\/1454","targetHints":{"allow":["GET"]}}],"collection":[{"href":"https:\/\/swiss-academy.org\/de\/wp-json\/wp\/v2\/pages"}],"about":[{"href":"https:\/\/swiss-academy.org\/de\/wp-json\/wp\/v2\/types\/page"}],"author":[{"embeddable":true,"href":"https:\/\/swiss-academy.org\/de\/wp-json\/wp\/v2\/users\/1"}],"replies":[{"embeddable":true,"href":"https:\/\/swiss-academy.org\/de\/wp-json\/wp\/v2\/comments?post=1454"}],"version-history":[{"count":2,"href":"https:\/\/swiss-academy.org\/de\/wp-json\/wp\/v2\/pages\/1454\/revisions"}],"predecessor-version":[{"id":1456,"href":"https:\/\/swiss-academy.org\/de\/wp-json\/wp\/v2\/pages\/1454\/revisions\/1456"}],"up":[{"embeddable":true,"href":"https:\/\/swiss-academy.org\/de\/wp-json\/wp\/v2\/pages\/1476"}],"wp:featuredmedia":[{"embeddable":true,"href":"https:\/\/swiss-academy.org\/de\/wp-json\/wp\/v2\/media\/928"}],"wp:attachment":[{"href":"https:\/\/swiss-academy.org\/de\/wp-json\/wp\/v2\/media?parent=1454"}],"curies":[{"name":"wp","href":"https:\/\/api.w.org\/{rel}","templated":true}]}}