{"id":1460,"date":"2021-02-01T08:57:48","date_gmt":"2021-02-01T08:57:48","guid":{"rendered":"https:\/\/swiss-academy.org\/die-phase-vor-dem-training\/"},"modified":"2022-12-27T13:54:37","modified_gmt":"2022-12-27T13:54:37","slug":"die-phase-vor-dem-training","status":"publish","type":"page","link":"https:\/\/swiss-academy.org\/de\/aus-und-weiterbildungsstrategie-2\/die-phase-vor-dem-training\/","title":{"rendered":"Die Phase vor dem Training"},"content":{"rendered":"<div class=\"wpb-content-wrapper\"><p>[vc_row el_class=&#8220;style-6&#8243;][vc_column width=&#8220;1\/2&#8243;][vc_column_text]<\/p>\n<h6>Bewertung der Teilnehmer<\/h6>\n<p>Das SATE-Team aus Trainern, P\u00e4dagogen und Partnern muss eine Analyse f\u00fcr ein Zielsegment potenzieller Teilnehmer unter Ber\u00fccksichtigung des geografischen Standorts und der Arbeitsumgebung durchf\u00fchren. Ein solcher Schritt ist entscheidend, um zu beurteilen, welche F\u00e4higkeiten und Kenntnisse potenzielle Teilnehmer ben\u00f6tigen, um sich in ihren beruflichen Verantwortlichkeiten auszuzeichnen, und um L\u00fccken in ihren vorhandenen Kenntnissen und F\u00e4higkeiten zu identifizieren.<\/p>\n<p>Eine der Methoden, die SATE anwendet, um diese Ziele zu erreichen, ist die Verbreitung von Selbsteinsch\u00e4tzungs- und Umfrageformularen, um die F\u00e4higkeiten zu identifizieren, die potenzielle Teilnehmer derzeit besitzen, und die Wissens- und Ausbildungsl\u00fccken, die sie schlie\u00dfen m\u00f6chten.<\/p>\n<p>Die aus der Bewertung des Schulungsbedarfs gewonnenen Erkenntnisse werden vom SATE-Team verwendet, um pers\u00f6nliche, virtuelle und E-Learning-Kurse mit relevanten Inhalten zu entwerfen, die den Lernenden helfen, in ihrer Arbeit gute Leistungen zu erbringen.[\/vc_column_text][\/vc_column][vc_column width=&#8220;1\/2&#8243;][vc_single_image image=&#8220;748&#8243; img_size=&#8220;full&#8220; style=&#8220;vc_box_shadow_3d&#8220;][\/vc_column][\/vc_row][vc_row el_class=&#8220;style-6&#8243;][vc_column][vc_column_text]<\/p>\n<h6>Erwartungen setzen<\/h6>\n<p>Die Ermittlung der Zwecke der Ausbildungs- und Lernziele ist in dieser Phase des SATE-Arbeitsplans von wesentlicher Bedeutung. Dies w\u00fcrde es SATE erm\u00f6glichen, sicherzustellen, dass alle seine Teammitglieder auf ein gemeinsames Ziel hinarbeiten und ihre Bem\u00fchungen darauf konzentrieren, die h\u00f6chsten Ziele zu erreichen. Dies w\u00fcrde auch dazu beitragen, die Erwartungen des Publikums zu setzen; wo die Teilnehmer wissen, worauf das Training ausgerichtet ist und welche Lernergebnisse sie erwarten k\u00f6nnen.[\/vc_column_text][\/vc_column][\/vc_row][vc_row el_class=&#8220;style-6&#8243;][vc_column][vc_column_text]<\/p>\n<h6>Ausrichtung der SATE-Ziele an den Lernergebnissen<\/h6>\n<p>In dieser Phase der SATE-Lernstrategie arbeitet das F\u00fchrungsteam daran, die Lernergebnisse mit den SATE-Zielen in Einklang zu bringen, um eine klare Verbindung zwischen den SATE-Zielen und den F\u00e4higkeiten herzustellen, die die Lernenden bis zum Abschluss des Kurses erlernen und entwickeln werden. Dies erfordert auch, dass SATE den Lernprozess f\u00fcr seine Teammitglieder erleichtert und M\u00f6glichkeiten f\u00fcr sie schafft, das Wissen anzuwenden.[\/vc_column_text][\/vc_column][\/vc_row][vc_column][\/vc_column]<\/p>\n<\/div>","protected":false},"excerpt":{"rendered":"<p>Die Identifizierung der Zwecke von Trainings- und Lernzielen ist in dieser Phase der Arbeit von SATE von entscheidender Bedeutung, da dies es SATE erm\u00f6glichen w\u00fcrde, sicherzustellen, dass alle seine Teammitglieder auf ein gemeinsames Ziel hinarbeiten und ihre Bem\u00fchungen auf die Erreichung der h\u00f6chsten Ziele konzentrieren.<\/p>\n","protected":false},"author":1,"featured_media":931,"parent":1476,"menu_order":2,"comment_status":"closed","ping_status":"closed","template":"","meta":{"footnotes":""},"class_list":["post-1460","page","type-page","status-publish","has-post-thumbnail","hentry"],"yoast_head":"<!-- This site is optimized with the Yoast SEO plugin v26.3 - https:\/\/yoast.com\/wordpress\/plugins\/seo\/ -->\n<title>Die Phase vor dem Training - SWISS Academy for Training and Evolution<\/title>\n<meta name=\"robots\" content=\"index, follow, max-snippet:-1, max-image-preview:large, max-video-preview:-1\" \/>\n<link rel=\"canonical\" href=\"https:\/\/swiss-academy.org\/de\/aus-und-weiterbildungsstrategie-2\/die-phase-vor-dem-training\/\" \/>\n<meta property=\"og:locale\" content=\"de_DE\" \/>\n<meta property=\"og:type\" content=\"article\" \/>\n<meta property=\"og:title\" content=\"Die Phase vor dem Training - SWISS Academy for Training and Evolution\" \/>\n<meta property=\"og:description\" content=\"Die Identifizierung der Zwecke von Trainings- und Lernzielen ist in dieser Phase der Arbeit von SATE von entscheidender Bedeutung, da dies es SATE erm\u00f6glichen w\u00fcrde, sicherzustellen, dass alle seine Teammitglieder auf ein gemeinsames Ziel hinarbeiten und ihre Bem\u00fchungen auf die Erreichung der h\u00f6chsten Ziele konzentrieren.\" \/>\n<meta property=\"og:url\" content=\"https:\/\/swiss-academy.org\/de\/aus-und-weiterbildungsstrategie-2\/die-phase-vor-dem-training\/\" \/>\n<meta property=\"og:site_name\" content=\"SWISS Academy for Training and Evolution\" \/>\n<meta property=\"article:publisher\" content=\"https:\/\/www.facebook.com\/SwissacademySATE\/\" \/>\n<meta property=\"article:modified_time\" content=\"2022-12-27T13:54:37+00:00\" \/>\n<meta property=\"og:image\" content=\"https:\/\/swiss-academy.org\/wp-content\/uploads\/2021\/02\/1-1.jpg\" \/>\n\t<meta property=\"og:image:width\" content=\"310\" \/>\n\t<meta property=\"og:image:height\" content=\"207\" \/>\n\t<meta property=\"og:image:type\" content=\"image\/jpeg\" \/>\n<meta name=\"twitter:card\" content=\"summary_large_image\" \/>\n<meta name=\"twitter:label1\" content=\"Gesch\u00e4tzte Lesezeit\" \/>\n\t<meta name=\"twitter:data1\" content=\"2\u00a0Minuten\" \/>\n<script type=\"application\/ld+json\" class=\"yoast-schema-graph\">{\"@context\":\"https:\/\/schema.org\",\"@graph\":[{\"@type\":\"WebPage\",\"@id\":\"https:\/\/swiss-academy.org\/de\/aus-und-weiterbildungsstrategie-2\/die-phase-vor-dem-training\/\",\"url\":\"https:\/\/swiss-academy.org\/de\/aus-und-weiterbildungsstrategie-2\/die-phase-vor-dem-training\/\",\"name\":\"Die Phase vor dem Training - SWISS Academy for Training and Evolution\",\"isPartOf\":{\"@id\":\"https:\/\/swiss-academy.org\/de\/#website\"},\"primaryImageOfPage\":{\"@id\":\"https:\/\/swiss-academy.org\/de\/aus-und-weiterbildungsstrategie-2\/die-phase-vor-dem-training\/#primaryimage\"},\"image\":{\"@id\":\"https:\/\/swiss-academy.org\/de\/aus-und-weiterbildungsstrategie-2\/die-phase-vor-dem-training\/#primaryimage\"},\"thumbnailUrl\":\"https:\/\/swiss-academy.org\/wp-content\/uploads\/2021\/02\/1-1.jpg\",\"datePublished\":\"2021-02-01T08:57:48+00:00\",\"dateModified\":\"2022-12-27T13:54:37+00:00\",\"breadcrumb\":{\"@id\":\"https:\/\/swiss-academy.org\/de\/aus-und-weiterbildungsstrategie-2\/die-phase-vor-dem-training\/#breadcrumb\"},\"inLanguage\":\"de\",\"potentialAction\":[{\"@type\":\"ReadAction\",\"target\":[\"https:\/\/swiss-academy.org\/de\/aus-und-weiterbildungsstrategie-2\/die-phase-vor-dem-training\/\"]}]},{\"@type\":\"ImageObject\",\"inLanguage\":\"de\",\"@id\":\"https:\/\/swiss-academy.org\/de\/aus-und-weiterbildungsstrategie-2\/die-phase-vor-dem-training\/#primaryimage\",\"url\":\"https:\/\/swiss-academy.org\/wp-content\/uploads\/2021\/02\/1-1.jpg\",\"contentUrl\":\"https:\/\/swiss-academy.org\/wp-content\/uploads\/2021\/02\/1-1.jpg\",\"width\":310,\"height\":207},{\"@type\":\"BreadcrumbList\",\"@id\":\"https:\/\/swiss-academy.org\/de\/aus-und-weiterbildungsstrategie-2\/die-phase-vor-dem-training\/#breadcrumb\",\"itemListElement\":[{\"@type\":\"ListItem\",\"position\":1,\"name\":\"Aus- und Weiterbildungsstrategie\",\"item\":\"https:\/\/swiss-academy.org\/de\/sate-education-training-strategy-2\/\"},{\"@type\":\"ListItem\",\"position\":2,\"name\":\"Die Phase vor dem Training\"}]},{\"@type\":\"WebSite\",\"@id\":\"https:\/\/swiss-academy.org\/de\/#website\",\"url\":\"https:\/\/swiss-academy.org\/de\/\",\"name\":\"SWISS Academy for Training and Evolution\",\"description\":\"\",\"publisher\":{\"@id\":\"https:\/\/swiss-academy.org\/de\/#organization\"},\"potentialAction\":[{\"@type\":\"SearchAction\",\"target\":{\"@type\":\"EntryPoint\",\"urlTemplate\":\"https:\/\/swiss-academy.org\/de\/?s={search_term_string}\"},\"query-input\":{\"@type\":\"PropertyValueSpecification\",\"valueRequired\":true,\"valueName\":\"search_term_string\"}}],\"inLanguage\":\"de\"},{\"@type\":\"Organization\",\"@id\":\"https:\/\/swiss-academy.org\/de\/#organization\",\"name\":\"SWISS Academy for Training and Evolution\",\"url\":\"https:\/\/swiss-academy.org\/de\/\",\"logo\":{\"@type\":\"ImageObject\",\"inLanguage\":\"de\",\"@id\":\"https:\/\/swiss-academy.org\/de\/#\/schema\/logo\/image\/\",\"url\":\"https:\/\/swiss-academy.org\/wp-content\/uploads\/2021\/01\/logo-light.png\",\"contentUrl\":\"https:\/\/swiss-academy.org\/wp-content\/uploads\/2021\/01\/logo-light.png\",\"width\":270,\"height\":73,\"caption\":\"SWISS Academy for Training and Evolution\"},\"image\":{\"@id\":\"https:\/\/swiss-academy.org\/de\/#\/schema\/logo\/image\/\"},\"sameAs\":[\"https:\/\/www.facebook.com\/SwissacademySATE\/\"]}]}<\/script>\n<!-- \/ Yoast SEO plugin. -->","yoast_head_json":{"title":"Die Phase vor dem Training - SWISS Academy for Training and Evolution","robots":{"index":"index","follow":"follow","max-snippet":"max-snippet:-1","max-image-preview":"max-image-preview:large","max-video-preview":"max-video-preview:-1"},"canonical":"https:\/\/swiss-academy.org\/de\/aus-und-weiterbildungsstrategie-2\/die-phase-vor-dem-training\/","og_locale":"de_DE","og_type":"article","og_title":"Die Phase vor dem Training - SWISS Academy for Training and Evolution","og_description":"Die Identifizierung der Zwecke von Trainings- und Lernzielen ist in dieser Phase der Arbeit von SATE von entscheidender Bedeutung, da dies es SATE erm\u00f6glichen w\u00fcrde, sicherzustellen, dass alle seine Teammitglieder auf ein gemeinsames Ziel hinarbeiten und ihre Bem\u00fchungen auf die Erreichung der h\u00f6chsten Ziele konzentrieren.","og_url":"https:\/\/swiss-academy.org\/de\/aus-und-weiterbildungsstrategie-2\/die-phase-vor-dem-training\/","og_site_name":"SWISS Academy for Training and Evolution","article_publisher":"https:\/\/www.facebook.com\/SwissacademySATE\/","article_modified_time":"2022-12-27T13:54:37+00:00","og_image":[{"width":310,"height":207,"url":"https:\/\/swiss-academy.org\/wp-content\/uploads\/2021\/02\/1-1.jpg","type":"image\/jpeg"}],"twitter_card":"summary_large_image","twitter_misc":{"Gesch\u00e4tzte Lesezeit":"2\u00a0Minuten"},"schema":{"@context":"https:\/\/schema.org","@graph":[{"@type":"WebPage","@id":"https:\/\/swiss-academy.org\/de\/aus-und-weiterbildungsstrategie-2\/die-phase-vor-dem-training\/","url":"https:\/\/swiss-academy.org\/de\/aus-und-weiterbildungsstrategie-2\/die-phase-vor-dem-training\/","name":"Die Phase vor dem Training - SWISS Academy for Training and Evolution","isPartOf":{"@id":"https:\/\/swiss-academy.org\/de\/#website"},"primaryImageOfPage":{"@id":"https:\/\/swiss-academy.org\/de\/aus-und-weiterbildungsstrategie-2\/die-phase-vor-dem-training\/#primaryimage"},"image":{"@id":"https:\/\/swiss-academy.org\/de\/aus-und-weiterbildungsstrategie-2\/die-phase-vor-dem-training\/#primaryimage"},"thumbnailUrl":"https:\/\/swiss-academy.org\/wp-content\/uploads\/2021\/02\/1-1.jpg","datePublished":"2021-02-01T08:57:48+00:00","dateModified":"2022-12-27T13:54:37+00:00","breadcrumb":{"@id":"https:\/\/swiss-academy.org\/de\/aus-und-weiterbildungsstrategie-2\/die-phase-vor-dem-training\/#breadcrumb"},"inLanguage":"de","potentialAction":[{"@type":"ReadAction","target":["https:\/\/swiss-academy.org\/de\/aus-und-weiterbildungsstrategie-2\/die-phase-vor-dem-training\/"]}]},{"@type":"ImageObject","inLanguage":"de","@id":"https:\/\/swiss-academy.org\/de\/aus-und-weiterbildungsstrategie-2\/die-phase-vor-dem-training\/#primaryimage","url":"https:\/\/swiss-academy.org\/wp-content\/uploads\/2021\/02\/1-1.jpg","contentUrl":"https:\/\/swiss-academy.org\/wp-content\/uploads\/2021\/02\/1-1.jpg","width":310,"height":207},{"@type":"BreadcrumbList","@id":"https:\/\/swiss-academy.org\/de\/aus-und-weiterbildungsstrategie-2\/die-phase-vor-dem-training\/#breadcrumb","itemListElement":[{"@type":"ListItem","position":1,"name":"Aus- und Weiterbildungsstrategie","item":"https:\/\/swiss-academy.org\/de\/sate-education-training-strategy-2\/"},{"@type":"ListItem","position":2,"name":"Die Phase vor dem Training"}]},{"@type":"WebSite","@id":"https:\/\/swiss-academy.org\/de\/#website","url":"https:\/\/swiss-academy.org\/de\/","name":"SWISS Academy for Training and Evolution","description":"","publisher":{"@id":"https:\/\/swiss-academy.org\/de\/#organization"},"potentialAction":[{"@type":"SearchAction","target":{"@type":"EntryPoint","urlTemplate":"https:\/\/swiss-academy.org\/de\/?s={search_term_string}"},"query-input":{"@type":"PropertyValueSpecification","valueRequired":true,"valueName":"search_term_string"}}],"inLanguage":"de"},{"@type":"Organization","@id":"https:\/\/swiss-academy.org\/de\/#organization","name":"SWISS Academy for Training and Evolution","url":"https:\/\/swiss-academy.org\/de\/","logo":{"@type":"ImageObject","inLanguage":"de","@id":"https:\/\/swiss-academy.org\/de\/#\/schema\/logo\/image\/","url":"https:\/\/swiss-academy.org\/wp-content\/uploads\/2021\/01\/logo-light.png","contentUrl":"https:\/\/swiss-academy.org\/wp-content\/uploads\/2021\/01\/logo-light.png","width":270,"height":73,"caption":"SWISS Academy for Training and Evolution"},"image":{"@id":"https:\/\/swiss-academy.org\/de\/#\/schema\/logo\/image\/"},"sameAs":["https:\/\/www.facebook.com\/SwissacademySATE\/"]}]}},"_links":{"self":[{"href":"https:\/\/swiss-academy.org\/de\/wp-json\/wp\/v2\/pages\/1460","targetHints":{"allow":["GET"]}}],"collection":[{"href":"https:\/\/swiss-academy.org\/de\/wp-json\/wp\/v2\/pages"}],"about":[{"href":"https:\/\/swiss-academy.org\/de\/wp-json\/wp\/v2\/types\/page"}],"author":[{"embeddable":true,"href":"https:\/\/swiss-academy.org\/de\/wp-json\/wp\/v2\/users\/1"}],"replies":[{"embeddable":true,"href":"https:\/\/swiss-academy.org\/de\/wp-json\/wp\/v2\/comments?post=1460"}],"version-history":[{"count":2,"href":"https:\/\/swiss-academy.org\/de\/wp-json\/wp\/v2\/pages\/1460\/revisions"}],"predecessor-version":[{"id":1462,"href":"https:\/\/swiss-academy.org\/de\/wp-json\/wp\/v2\/pages\/1460\/revisions\/1462"}],"up":[{"embeddable":true,"href":"https:\/\/swiss-academy.org\/de\/wp-json\/wp\/v2\/pages\/1476"}],"wp:featuredmedia":[{"embeddable":true,"href":"https:\/\/swiss-academy.org\/de\/wp-json\/wp\/v2\/media\/931"}],"wp:attachment":[{"href":"https:\/\/swiss-academy.org\/de\/wp-json\/wp\/v2\/media?parent=1460"}],"curies":[{"name":"wp","href":"https:\/\/api.w.org\/{rel}","templated":true}]}}