{"id":1481,"date":"2021-02-01T08:36:56","date_gmt":"2021-02-01T08:36:56","guid":{"rendered":"https:\/\/swiss-academy.org\/sate-fuehrungsteam\/"},"modified":"2023-09-21T09:56:48","modified_gmt":"2023-09-21T09:56:48","slug":"sate-fuehrungsteam","status":"publish","type":"page","link":"https:\/\/swiss-academy.org\/de\/sate-fuehrungsteam\/","title":{"rendered":"SATE F\u00fchrungsteam"},"content":{"rendered":"<div class=\"wpb-content-wrapper\"><p>[vc_row css=&#8220;.vc_custom_1618847734472{background-color: #f2f2f2 !important;}&#8220;][vc_column width=&#8220;5\/6&#8243;][vc_custom_heading text=&#8220;Kassem LAHHAM&#8220; font_container=&#8220;tag:h5|text_align:left&#8220; google_fonts=&#8220;font_family:Roboto%3A100%2C100italic%2C300%2C300italic%2Cregular%2Citalic%2C500%2C500italic%2C700%2C700italic%2C900%2C900italic|font_style:700%20bold%20regular%3A700%3Anormal&#8220;][vc_column_text]<\/p>\n<h6><strong>Mitbegr\u00fcnder<\/strong><strong> &amp; Pr\u00e4sident<\/strong><\/h6>\n<p>Kassem Lahhams Karriereweg erstreckt sich \u00fcber mehr als drei Jahrzehnte in der Finanzbranche mit einem tiefen Fokus auf Verm\u00f6gensverwaltung, Legacy-Planung, Fin-Tech und Private Banking.<\/p>\n<p>Kassem begann seine berufliche Laufbahn in Deutschland, wo er geboren und aufgewachsen ist, und begann als Private Banker, der HNWI-Kunden seit mehr als einem Jahrzehnt f\u00fcr eine der gr\u00f6\u00dften deutschen Banken von Grund auf beriet, auch von der Schweiz aus.<\/p>\n<p>Ausgestattet mit fundierten Produktkenntnissen, flie\u00dfenden Deutsch-, Arabisch-, Franz\u00f6sisch- und Englischsprachen sowie tiefen Beziehungen und Strategieerfahrungen, die er durch seine langj\u00e4hrige Bankbeziehung f\u00fcr die Schweizer Grossbanken erworben hat, beriet er im Finanz- und Private Banking f\u00fcr internationale Bankinstitute und Finanzunternehmen in Asien und den GCC-Staaten.<\/p>\n<div>Kassem ist auch ein zertifizierter deutscher Banklehrer und h\u00e4lt viele Diplome in Wirtschaft und Finanzen aus Deutschland, den USA und Gro\u00dfbritannien und h\u00e4lt heute regelm\u00e4\u00dfig Gastvortr\u00e4ge f\u00fcr gro\u00dfe Universit\u00e4ten \u00fcber Finanzen, Due Diligence-Prozesse, Kryptow\u00e4hrungen, ICOs, KIs und Blockchain-Themen.<\/div>\n<div><\/div>\n<div>\n<p>&nbsp;<\/p>\n<p><strong>Sachkenntnis  <\/strong><\/p>\n<p><span style=\"line-height: 1.5;\">Bankwesen , Regulierung ,<\/span><span style=\"line-height: 1.5;\">Verm\u00f6gensverwaltung ,  <\/span><span style=\"line-height: 1.5;\">Unternehmensfinanzierung  <\/span><span style=\"line-height: 1.5;\">Versicherung  <\/span><span style=\"line-height: 1.5;\">Finanzm\u00e4rkte  <\/span><span style=\"line-height: 1.5;\">Betrugsbek\u00e4mpfung ,  <\/span><span style=\"line-height: 1.5;\">Verm\u00f6gensverwaltung  <\/span><span style=\"line-height: 1.5;\">Commercial Banking ,  <\/span><span style=\"line-height: 1.5;\">Family Office ,  <\/span><span style=\"line-height: 1.5;\">Finanzberatung ,  <\/span><span style=\"line-height: 1.5;\">Finanzgebaren  <\/span><span style=\"line-height: 1.5;\">Kranken- &amp; Lebensversicherung,  <\/span><span style=\"line-height: 1.5;\">Islamic Banking ,  <\/span><span style=\"line-height: 1.5;\">Portfoliomanagement ,  <\/span><span style=\"line-height: 1.5;\">Private Banking ,  <\/span><span style=\"line-height: 1.5;\">Projektfinanzierung ,  <\/span><span style=\"line-height: 1.5;\">Privatkundengesch\u00e4ft.<\/span><\/p>\n<\/div>\n<p>[\/vc_column_text][\/vc_column][vc_column width=&#8220;1\/6&#8243;][vc_single_image image=&#8220;194&#8243; img_size=&#8220;full&#8220; css=&#8220;.vc_custom_1618842666169{margin-bottom: 10px !important;}&#8220;][vc_icon icon_fontawesome=&#8220;fa fa-linkedin-square&#8220; color=&#8220;sky&#8220; background_style=&#8220;boxed&#8220; size=&#8220;lg&#8220; link=&#8220;url:https%3A%2F%2Fwww.linkedin.com%2Fin%2Fkassemlahham||target:%20_blank|&#8220;][\/vc_column][\/vc_row][vc_row css=&#8220;.vc_custom_1618847746485{background-color: #f2f2f2 !important;}&#8220;][vc_column width=&#8220;1\/6&#8243;][vc_single_image image=&#8220;413&#8243; img_size=&#8220;full&#8220; css=&#8220;.vc_custom_1618842874959{margin-bottom: 10px !important;}&#8220;][vc_icon icon_fontawesome=&#8220;fa fa-linkedin-square&#8220; color=&#8220;sky&#8220; background_style=&#8220;boxed&#8220; size=&#8220;lg&#8220; link=&#8220;url:https%3A%2F%2Flinkedin.com%2Fin%2Flamajbarah%20_blank||target:%20_blank|&#8220;][\/vc_column][vc_column width=&#8220;5\/6&#8243;][vc_custom_heading text=&#8220;Lama JBARAH&#8220; font_container=&#8220;tag:h5|text_align:left&#8220; google_fonts=&#8220;font_family:Roboto%3A100%2C100italic%2C300%2C300italic%2Cregular%2Citalic%2C500%2C500italic%2C700%2C700italic%2C900%2C900italic|font_style:700%20bold%20regular%3A700%3Anormal&#8220;][vc_column_text]<\/p>\n<h6><strong>Mitbegr\u00fcnder &amp; Vizepr\u00e4sident<\/strong><\/h6>\n<p>Lama Jbarah ist ein Menschenrechtsaktivist und Forscher f\u00fcr Nahost-Angelegenheiten. Derzeit ist sie Pr\u00e4sidentin von International-Lawyers.org, einer gemeinn\u00fctzigen, ECOSOC-akkreditierten Nichtregierungsorganisation mit Sitz in Genf, die sich f\u00fcr globale Gerechtigkeit einsetzt.<\/p>\n<p>Lama wurde f\u00fcr ihre unerm\u00fcdlichen Bem\u00fchungen anerkannt, universelle Menschenrechte, einschlie\u00dflich der Rechte von Frauen, zu f\u00f6rdern, zu bef\u00fcrworten und f\u00fcr angemessene Errungenschaften zu mobilisieren. Sie hat einen M.A. in Internationalen Beziehungen von der Webster University Genf und ist Mitglied der Fakult\u00e4t in der Abteilung f\u00fcr Internationale Beziehungen.<\/p>\n<p>Lama ist auch Autor und Co-Autor mehrerer ver\u00f6ffentlichter wissenschaftlicher Artikel \u00fcber politische Angelegenheiten und Menschenrechte; Sie nahm auch als Referentin an verschiedenen internationalen Foren teil.<\/p>\n<p>&nbsp;<\/p>\n<p><strong>Sachkenntnis<\/strong><\/p>\n<p>Menschenrechte , Advocay , St\u00e4rkung der Rolle der Frau , V\u00f6lkerrecht , Nichtregierungsorganisationen , Internationale Beziehungen , Interkulturelle und religi\u00f6se Zusammenarbeit , Angelegenheiten der Vereinten Nationen.[\/vc_column_text][\/vc_column][\/vc_row][vc_column][\/vc_column][vc_column][\/vc_column]<\/p>\n<\/div>","protected":false},"excerpt":{"rendered":"<p>[vc_row css=&#8220;.vc_custom_1618847734472{background-color: #f2f2f2 !important;}&#8220;][vc_column width=&#8220;5\/6&#8243;][vc_custom_heading text=&#8220;Kassem LAHHAM&#8220; font_container=&#8220;tag:h5|text_align:left&#8220; google_fonts=&#8220;font_family:Roboto%3A100%2C100italic%2C300%2C300italic%2Cregular%2Citalic%2C500%2C500italic%2C700%2C700italic%2C900%2C900italic|font_style:700%20bold%20regular%3A700%3Anormal&#8220;][vc_column_text] Mitbegr\u00fcnder &amp; Pr\u00e4sident Kassem Lahhams Karriereweg erstreckt sich \u00fcber mehr als drei Jahrzehnte in der Finanzbranche mit einem tiefen Fokus auf Verm\u00f6gensverwaltung, Legacy-Planung, Fin-Tech und Private Banking. Kassem begann seine berufliche Laufbahn in Deutschland, wo er geboren und aufgewachsen ist, und begann als Private Banker, der [&hellip;]<\/p>\n","protected":false},"author":1,"featured_media":0,"parent":0,"menu_order":64,"comment_status":"closed","ping_status":"closed","template":"","meta":{"footnotes":""},"class_list":["post-1481","page","type-page","status-publish","hentry"],"yoast_head":"<!-- This site is optimized with the Yoast SEO plugin v26.3 - https:\/\/yoast.com\/wordpress\/plugins\/seo\/ -->\n<title>SATE F\u00fchrungsteam - SWISS Academy for Training and Evolution<\/title>\n<meta name=\"robots\" content=\"index, follow, max-snippet:-1, max-image-preview:large, max-video-preview:-1\" \/>\n<link rel=\"canonical\" href=\"https:\/\/swiss-academy.org\/de\/sate-fuehrungsteam\/\" \/>\n<meta property=\"og:locale\" content=\"de_DE\" \/>\n<meta property=\"og:type\" content=\"article\" \/>\n<meta property=\"og:title\" content=\"SATE F\u00fchrungsteam - SWISS Academy for Training and Evolution\" \/>\n<meta property=\"og:description\" content=\"[vc_row css=&#8220;.vc_custom_1618847734472{background-color: #f2f2f2 !important;}&#8220;][vc_column width=&#8220;5\/6&#8243;][vc_custom_heading text=&#8220;Kassem LAHHAM&#8220; font_container=&#8220;tag:h5|text_align:left&#8220; google_fonts=&#8220;font_family:Roboto%3A100%2C100italic%2C300%2C300italic%2Cregular%2Citalic%2C500%2C500italic%2C700%2C700italic%2C900%2C900italic|font_style:700%20bold%20regular%3A700%3Anormal&#8220;][vc_column_text] Mitbegr\u00fcnder &amp; Pr\u00e4sident Kassem Lahhams Karriereweg erstreckt sich \u00fcber mehr als drei Jahrzehnte in der Finanzbranche mit einem tiefen Fokus auf Verm\u00f6gensverwaltung, Legacy-Planung, Fin-Tech und Private Banking. Kassem begann seine berufliche Laufbahn in Deutschland, wo er geboren und aufgewachsen ist, und begann als Private Banker, der [&hellip;]\" \/>\n<meta property=\"og:url\" content=\"https:\/\/swiss-academy.org\/de\/sate-fuehrungsteam\/\" \/>\n<meta property=\"og:site_name\" content=\"SWISS Academy for Training and Evolution\" \/>\n<meta property=\"article:publisher\" content=\"https:\/\/www.facebook.com\/SwissacademySATE\/\" \/>\n<meta property=\"article:modified_time\" content=\"2023-09-21T09:56:48+00:00\" \/>\n<meta name=\"twitter:card\" content=\"summary_large_image\" \/>\n<meta name=\"twitter:label1\" content=\"Gesch\u00e4tzte Lesezeit\" \/>\n\t<meta name=\"twitter:data1\" content=\"3\u00a0Minuten\" \/>\n<script type=\"application\/ld+json\" class=\"yoast-schema-graph\">{\"@context\":\"https:\/\/schema.org\",\"@graph\":[{\"@type\":\"WebPage\",\"@id\":\"https:\/\/swiss-academy.org\/de\/sate-fuehrungsteam\/\",\"url\":\"https:\/\/swiss-academy.org\/de\/sate-fuehrungsteam\/\",\"name\":\"SATE F\u00fchrungsteam - SWISS Academy for Training and Evolution\",\"isPartOf\":{\"@id\":\"https:\/\/swiss-academy.org\/de\/#website\"},\"datePublished\":\"2021-02-01T08:36:56+00:00\",\"dateModified\":\"2023-09-21T09:56:48+00:00\",\"inLanguage\":\"de\",\"potentialAction\":[{\"@type\":\"ReadAction\",\"target\":[\"https:\/\/swiss-academy.org\/de\/sate-fuehrungsteam\/\"]}]},{\"@type\":\"WebSite\",\"@id\":\"https:\/\/swiss-academy.org\/de\/#website\",\"url\":\"https:\/\/swiss-academy.org\/de\/\",\"name\":\"SWISS Academy for Training and Evolution\",\"description\":\"\",\"publisher\":{\"@id\":\"https:\/\/swiss-academy.org\/de\/#organization\"},\"potentialAction\":[{\"@type\":\"SearchAction\",\"target\":{\"@type\":\"EntryPoint\",\"urlTemplate\":\"https:\/\/swiss-academy.org\/de\/?s={search_term_string}\"},\"query-input\":{\"@type\":\"PropertyValueSpecification\",\"valueRequired\":true,\"valueName\":\"search_term_string\"}}],\"inLanguage\":\"de\"},{\"@type\":\"Organization\",\"@id\":\"https:\/\/swiss-academy.org\/de\/#organization\",\"name\":\"SWISS Academy for Training and Evolution\",\"url\":\"https:\/\/swiss-academy.org\/de\/\",\"logo\":{\"@type\":\"ImageObject\",\"inLanguage\":\"de\",\"@id\":\"https:\/\/swiss-academy.org\/de\/#\/schema\/logo\/image\/\",\"url\":\"https:\/\/swiss-academy.org\/wp-content\/uploads\/2021\/01\/logo-light.png\",\"contentUrl\":\"https:\/\/swiss-academy.org\/wp-content\/uploads\/2021\/01\/logo-light.png\",\"width\":270,\"height\":73,\"caption\":\"SWISS Academy for Training and Evolution\"},\"image\":{\"@id\":\"https:\/\/swiss-academy.org\/de\/#\/schema\/logo\/image\/\"},\"sameAs\":[\"https:\/\/www.facebook.com\/SwissacademySATE\/\"]}]}<\/script>\n<!-- \/ Yoast SEO plugin. -->","yoast_head_json":{"title":"SATE F\u00fchrungsteam - SWISS Academy for Training and Evolution","robots":{"index":"index","follow":"follow","max-snippet":"max-snippet:-1","max-image-preview":"max-image-preview:large","max-video-preview":"max-video-preview:-1"},"canonical":"https:\/\/swiss-academy.org\/de\/sate-fuehrungsteam\/","og_locale":"de_DE","og_type":"article","og_title":"SATE F\u00fchrungsteam - SWISS Academy for Training and Evolution","og_description":"[vc_row css=&#8220;.vc_custom_1618847734472{background-color: #f2f2f2 !important;}&#8220;][vc_column width=&#8220;5\/6&#8243;][vc_custom_heading text=&#8220;Kassem LAHHAM&#8220; font_container=&#8220;tag:h5|text_align:left&#8220; google_fonts=&#8220;font_family:Roboto%3A100%2C100italic%2C300%2C300italic%2Cregular%2Citalic%2C500%2C500italic%2C700%2C700italic%2C900%2C900italic|font_style:700%20bold%20regular%3A700%3Anormal&#8220;][vc_column_text] Mitbegr\u00fcnder &amp; Pr\u00e4sident Kassem Lahhams Karriereweg erstreckt sich \u00fcber mehr als drei Jahrzehnte in der Finanzbranche mit einem tiefen Fokus auf Verm\u00f6gensverwaltung, Legacy-Planung, Fin-Tech und Private Banking. Kassem begann seine berufliche Laufbahn in Deutschland, wo er geboren und aufgewachsen ist, und begann als Private Banker, der [&hellip;]","og_url":"https:\/\/swiss-academy.org\/de\/sate-fuehrungsteam\/","og_site_name":"SWISS Academy for Training and Evolution","article_publisher":"https:\/\/www.facebook.com\/SwissacademySATE\/","article_modified_time":"2023-09-21T09:56:48+00:00","twitter_card":"summary_large_image","twitter_misc":{"Gesch\u00e4tzte Lesezeit":"3\u00a0Minuten"},"schema":{"@context":"https:\/\/schema.org","@graph":[{"@type":"WebPage","@id":"https:\/\/swiss-academy.org\/de\/sate-fuehrungsteam\/","url":"https:\/\/swiss-academy.org\/de\/sate-fuehrungsteam\/","name":"SATE F\u00fchrungsteam - SWISS Academy for Training and Evolution","isPartOf":{"@id":"https:\/\/swiss-academy.org\/de\/#website"},"datePublished":"2021-02-01T08:36:56+00:00","dateModified":"2023-09-21T09:56:48+00:00","inLanguage":"de","potentialAction":[{"@type":"ReadAction","target":["https:\/\/swiss-academy.org\/de\/sate-fuehrungsteam\/"]}]},{"@type":"WebSite","@id":"https:\/\/swiss-academy.org\/de\/#website","url":"https:\/\/swiss-academy.org\/de\/","name":"SWISS Academy for Training and Evolution","description":"","publisher":{"@id":"https:\/\/swiss-academy.org\/de\/#organization"},"potentialAction":[{"@type":"SearchAction","target":{"@type":"EntryPoint","urlTemplate":"https:\/\/swiss-academy.org\/de\/?s={search_term_string}"},"query-input":{"@type":"PropertyValueSpecification","valueRequired":true,"valueName":"search_term_string"}}],"inLanguage":"de"},{"@type":"Organization","@id":"https:\/\/swiss-academy.org\/de\/#organization","name":"SWISS Academy for Training and Evolution","url":"https:\/\/swiss-academy.org\/de\/","logo":{"@type":"ImageObject","inLanguage":"de","@id":"https:\/\/swiss-academy.org\/de\/#\/schema\/logo\/image\/","url":"https:\/\/swiss-academy.org\/wp-content\/uploads\/2021\/01\/logo-light.png","contentUrl":"https:\/\/swiss-academy.org\/wp-content\/uploads\/2021\/01\/logo-light.png","width":270,"height":73,"caption":"SWISS Academy for Training and Evolution"},"image":{"@id":"https:\/\/swiss-academy.org\/de\/#\/schema\/logo\/image\/"},"sameAs":["https:\/\/www.facebook.com\/SwissacademySATE\/"]}]}},"_links":{"self":[{"href":"https:\/\/swiss-academy.org\/de\/wp-json\/wp\/v2\/pages\/1481","targetHints":{"allow":["GET"]}}],"collection":[{"href":"https:\/\/swiss-academy.org\/de\/wp-json\/wp\/v2\/pages"}],"about":[{"href":"https:\/\/swiss-academy.org\/de\/wp-json\/wp\/v2\/types\/page"}],"author":[{"embeddable":true,"href":"https:\/\/swiss-academy.org\/de\/wp-json\/wp\/v2\/users\/1"}],"replies":[{"embeddable":true,"href":"https:\/\/swiss-academy.org\/de\/wp-json\/wp\/v2\/comments?post=1481"}],"version-history":[{"count":2,"href":"https:\/\/swiss-academy.org\/de\/wp-json\/wp\/v2\/pages\/1481\/revisions"}],"predecessor-version":[{"id":1483,"href":"https:\/\/swiss-academy.org\/de\/wp-json\/wp\/v2\/pages\/1481\/revisions\/1483"}],"wp:attachment":[{"href":"https:\/\/swiss-academy.org\/de\/wp-json\/wp\/v2\/media?parent=1481"}],"curies":[{"name":"wp","href":"https:\/\/api.w.org\/{rel}","templated":true}]}}