{"id":1487,"date":"2021-02-01T08:36:29","date_gmt":"2021-02-01T08:36:29","guid":{"rendered":"https:\/\/swiss-academy.org\/ueber-uns\/"},"modified":"2023-09-21T09:56:50","modified_gmt":"2023-09-21T09:56:50","slug":"ueber-uns","status":"publish","type":"page","link":"https:\/\/swiss-academy.org\/de\/ueber-uns\/","title":{"rendered":"\u00dcber uns"},"content":{"rendered":"<div class=\"wpb-content-wrapper\"><p>[vc_row][vc_column width=&#8220;1\/2&#8243;][vc_column_text]Swiss Academy for Training and Evolution (nachfolgend SATE) ist ein Verein mit Sitz in Genf (Schweiz) und wird durch das Schweizerische Zivilgesetzbuch f\u00fcr Vereine geregelt. SATE ist eine internationale Plattform, die global zug\u00e4ngliche, selbstgesteuerte und On-Demand-Pr\u00e4senz-, virtuelle und E-Learning-Trainings anbietet, die professionelle Verbesserungskurse beinhalten, die eine Vielzahl von Themen und Disziplinen abdecken.<\/p>\n<p>SATE verpflichtet sich, sorgf\u00e4ltig ausgew\u00e4hlte Programminhalte anzubieten, die sich auf Themen konzentrieren, die wahrscheinlich im Mittelpunkt der Sorgen weltweiter Institutionen und Einrichtungen in der Welt von heute und morgen stehen werden.[\/vc_column_text][\/vc_column][vc_column width=&#8220;1\/2&#8243;][vc_single_image image=&#8220;733&#8243; img_size=&#8220;full&#8220; el_class=&#8220;img-box&#8220;][\/vc_column][\/vc_row][vc_row][vc_column][vc_separator][\/vc_column][\/vc_row][vc_row][vc_column width=&#8220;1\/2&#8243;][vc_single_image image=&#8220;734&#8243; img_size=&#8220;full&#8220; style=&#8220;vc_box_shadow_3d&#8220;][\/vc_column][vc_column width=&#8220;1\/2&#8243;][vc_column_text]<\/p>\n<h5>SATE Ziele &amp; Dienstleistungen<\/h5>\n<ul class=\"list-items list-unstyled mb-0\">\n<li>SATE bietet immersive Programme in verschiedenen F\u00e4chern und Bereichen an, die von Experten aus unserem Team und unserem globalen Partnernetzwerk unterrichtet werden<\/li>\n<li>SATE bietet Lern- und Entwicklungsdienstleistungen an, einschlie\u00dflich Beratungsdienstleistungen und personalisierter Coaching-Dienstleistungen f\u00fcr F\u00fchrungskr\u00e4fte f\u00fcr verschiedene Unternehmen und Beg\u00fcnstigte<\/li>\n<li>SATE arbeitet an der St\u00e4rkung und Verbesserung der Lernf\u00e4higkeiten und des beruflichen Wissens, um bestehende Verhaltensweisen und Einstellungen in einflussreiche und dynamische F\u00e4higkeiten umzuwandeln<\/li>\n<li>SATE bietet den Beg\u00fcnstigten die M\u00f6glichkeit, qualitativ hochwertige Online-Schulungen zu erhalten<\/li>\n<li>SATE bietet Berufsausbildungen und Workshops an, die den Teilnehmern die praktischen F\u00e4higkeiten und das Fachwissen vermitteln, die in vielen professionellen Gesch\u00e4ftsbereichen erforderlich sind<\/li>\n<\/ul>\n<p>[\/vc_column_text][\/vc_column][\/vc_row][vc_column][\/vc_column]<\/p>\n<\/div>","protected":false},"excerpt":{"rendered":"<p>[vc_row][vc_column width=&#8220;1\/2&#8243;][vc_column_text]Swiss Academy for Training and Evolution (nachfolgend SATE) ist ein Verein mit Sitz in Genf (Schweiz) und wird durch das Schweizerische Zivilgesetzbuch f\u00fcr Vereine geregelt. SATE ist eine internationale Plattform, die global zug\u00e4ngliche, selbstgesteuerte und On-Demand-Pr\u00e4senz-, virtuelle und E-Learning-Trainings anbietet, die professionelle Verbesserungskurse beinhalten, die eine Vielzahl von Themen und Disziplinen abdecken. SATE verpflichtet [&hellip;]<\/p>\n","protected":false},"author":1,"featured_media":1069,"parent":0,"menu_order":72,"comment_status":"closed","ping_status":"closed","template":"","meta":{"footnotes":""},"class_list":["post-1487","page","type-page","status-publish","has-post-thumbnail","hentry"],"yoast_head":"<!-- This site is optimized with the Yoast SEO plugin v26.3 - https:\/\/yoast.com\/wordpress\/plugins\/seo\/ -->\n<title>\u00dcber uns - SWISS Academy for Training and Evolution<\/title>\n<meta name=\"robots\" content=\"index, follow, max-snippet:-1, max-image-preview:large, max-video-preview:-1\" \/>\n<link rel=\"canonical\" href=\"https:\/\/swiss-academy.org\/de\/ueber-uns\/\" \/>\n<meta property=\"og:locale\" content=\"de_DE\" \/>\n<meta property=\"og:type\" content=\"article\" \/>\n<meta property=\"og:title\" content=\"\u00dcber uns - SWISS Academy for Training and Evolution\" \/>\n<meta property=\"og:description\" content=\"[vc_row][vc_column width=&#8220;1\/2&#8243;][vc_column_text]Swiss Academy for Training and Evolution (nachfolgend SATE) ist ein Verein mit Sitz in Genf (Schweiz) und wird durch das Schweizerische Zivilgesetzbuch f\u00fcr Vereine geregelt. SATE ist eine internationale Plattform, die global zug\u00e4ngliche, selbstgesteuerte und On-Demand-Pr\u00e4senz-, virtuelle und E-Learning-Trainings anbietet, die professionelle Verbesserungskurse beinhalten, die eine Vielzahl von Themen und Disziplinen abdecken. SATE verpflichtet [&hellip;]\" \/>\n<meta property=\"og:url\" content=\"https:\/\/swiss-academy.org\/de\/ueber-uns\/\" \/>\n<meta property=\"og:site_name\" content=\"SWISS Academy for Training and Evolution\" \/>\n<meta property=\"article:publisher\" content=\"https:\/\/www.facebook.com\/SwissacademySATE\/\" \/>\n<meta property=\"article:modified_time\" content=\"2023-09-21T09:56:50+00:00\" \/>\n<meta property=\"og:image\" content=\"https:\/\/swiss-academy.org\/wp-content\/uploads\/2021\/04\/about-banner.jpg\" \/>\n\t<meta property=\"og:image:width\" content=\"1250\" \/>\n\t<meta property=\"og:image:height\" content=\"553\" \/>\n\t<meta property=\"og:image:type\" content=\"image\/jpeg\" \/>\n<meta name=\"twitter:card\" content=\"summary_large_image\" \/>\n<meta name=\"twitter:label1\" content=\"Gesch\u00e4tzte Lesezeit\" \/>\n\t<meta name=\"twitter:data1\" content=\"1\u00a0Minute\" \/>\n<script type=\"application\/ld+json\" class=\"yoast-schema-graph\">{\"@context\":\"https:\/\/schema.org\",\"@graph\":[{\"@type\":\"WebPage\",\"@id\":\"https:\/\/swiss-academy.org\/de\/ueber-uns\/\",\"url\":\"https:\/\/swiss-academy.org\/de\/ueber-uns\/\",\"name\":\"\u00dcber uns - SWISS Academy for Training and Evolution\",\"isPartOf\":{\"@id\":\"https:\/\/swiss-academy.org\/de\/#website\"},\"primaryImageOfPage\":{\"@id\":\"https:\/\/swiss-academy.org\/de\/ueber-uns\/#primaryimage\"},\"image\":{\"@id\":\"https:\/\/swiss-academy.org\/de\/ueber-uns\/#primaryimage\"},\"thumbnailUrl\":\"https:\/\/swiss-academy.org\/wp-content\/uploads\/2021\/04\/about-banner.jpg\",\"datePublished\":\"2021-02-01T08:36:29+00:00\",\"dateModified\":\"2023-09-21T09:56:50+00:00\",\"inLanguage\":\"de\",\"potentialAction\":[{\"@type\":\"ReadAction\",\"target\":[\"https:\/\/swiss-academy.org\/de\/ueber-uns\/\"]}]},{\"@type\":\"ImageObject\",\"inLanguage\":\"de\",\"@id\":\"https:\/\/swiss-academy.org\/de\/ueber-uns\/#primaryimage\",\"url\":\"https:\/\/swiss-academy.org\/wp-content\/uploads\/2021\/04\/about-banner.jpg\",\"contentUrl\":\"https:\/\/swiss-academy.org\/wp-content\/uploads\/2021\/04\/about-banner.jpg\",\"width\":1250,\"height\":553},{\"@type\":\"WebSite\",\"@id\":\"https:\/\/swiss-academy.org\/de\/#website\",\"url\":\"https:\/\/swiss-academy.org\/de\/\",\"name\":\"SWISS Academy for Training and Evolution\",\"description\":\"\",\"publisher\":{\"@id\":\"https:\/\/swiss-academy.org\/de\/#organization\"},\"potentialAction\":[{\"@type\":\"SearchAction\",\"target\":{\"@type\":\"EntryPoint\",\"urlTemplate\":\"https:\/\/swiss-academy.org\/de\/?s={search_term_string}\"},\"query-input\":{\"@type\":\"PropertyValueSpecification\",\"valueRequired\":true,\"valueName\":\"search_term_string\"}}],\"inLanguage\":\"de\"},{\"@type\":\"Organization\",\"@id\":\"https:\/\/swiss-academy.org\/de\/#organization\",\"name\":\"SWISS Academy for Training and Evolution\",\"url\":\"https:\/\/swiss-academy.org\/de\/\",\"logo\":{\"@type\":\"ImageObject\",\"inLanguage\":\"de\",\"@id\":\"https:\/\/swiss-academy.org\/de\/#\/schema\/logo\/image\/\",\"url\":\"https:\/\/swiss-academy.org\/wp-content\/uploads\/2021\/01\/logo-light.png\",\"contentUrl\":\"https:\/\/swiss-academy.org\/wp-content\/uploads\/2021\/01\/logo-light.png\",\"width\":270,\"height\":73,\"caption\":\"SWISS Academy for Training and Evolution\"},\"image\":{\"@id\":\"https:\/\/swiss-academy.org\/de\/#\/schema\/logo\/image\/\"},\"sameAs\":[\"https:\/\/www.facebook.com\/SwissacademySATE\/\"]}]}<\/script>\n<!-- \/ Yoast SEO plugin. -->","yoast_head_json":{"title":"\u00dcber uns - SWISS Academy for Training and Evolution","robots":{"index":"index","follow":"follow","max-snippet":"max-snippet:-1","max-image-preview":"max-image-preview:large","max-video-preview":"max-video-preview:-1"},"canonical":"https:\/\/swiss-academy.org\/de\/ueber-uns\/","og_locale":"de_DE","og_type":"article","og_title":"\u00dcber uns - SWISS Academy for Training and Evolution","og_description":"[vc_row][vc_column width=&#8220;1\/2&#8243;][vc_column_text]Swiss Academy for Training and Evolution (nachfolgend SATE) ist ein Verein mit Sitz in Genf (Schweiz) und wird durch das Schweizerische Zivilgesetzbuch f\u00fcr Vereine geregelt. SATE ist eine internationale Plattform, die global zug\u00e4ngliche, selbstgesteuerte und On-Demand-Pr\u00e4senz-, virtuelle und E-Learning-Trainings anbietet, die professionelle Verbesserungskurse beinhalten, die eine Vielzahl von Themen und Disziplinen abdecken. SATE verpflichtet [&hellip;]","og_url":"https:\/\/swiss-academy.org\/de\/ueber-uns\/","og_site_name":"SWISS Academy for Training and Evolution","article_publisher":"https:\/\/www.facebook.com\/SwissacademySATE\/","article_modified_time":"2023-09-21T09:56:50+00:00","og_image":[{"width":1250,"height":553,"url":"https:\/\/swiss-academy.org\/wp-content\/uploads\/2021\/04\/about-banner.jpg","type":"image\/jpeg"}],"twitter_card":"summary_large_image","twitter_misc":{"Gesch\u00e4tzte Lesezeit":"1\u00a0Minute"},"schema":{"@context":"https:\/\/schema.org","@graph":[{"@type":"WebPage","@id":"https:\/\/swiss-academy.org\/de\/ueber-uns\/","url":"https:\/\/swiss-academy.org\/de\/ueber-uns\/","name":"\u00dcber uns - SWISS Academy for Training and Evolution","isPartOf":{"@id":"https:\/\/swiss-academy.org\/de\/#website"},"primaryImageOfPage":{"@id":"https:\/\/swiss-academy.org\/de\/ueber-uns\/#primaryimage"},"image":{"@id":"https:\/\/swiss-academy.org\/de\/ueber-uns\/#primaryimage"},"thumbnailUrl":"https:\/\/swiss-academy.org\/wp-content\/uploads\/2021\/04\/about-banner.jpg","datePublished":"2021-02-01T08:36:29+00:00","dateModified":"2023-09-21T09:56:50+00:00","inLanguage":"de","potentialAction":[{"@type":"ReadAction","target":["https:\/\/swiss-academy.org\/de\/ueber-uns\/"]}]},{"@type":"ImageObject","inLanguage":"de","@id":"https:\/\/swiss-academy.org\/de\/ueber-uns\/#primaryimage","url":"https:\/\/swiss-academy.org\/wp-content\/uploads\/2021\/04\/about-banner.jpg","contentUrl":"https:\/\/swiss-academy.org\/wp-content\/uploads\/2021\/04\/about-banner.jpg","width":1250,"height":553},{"@type":"WebSite","@id":"https:\/\/swiss-academy.org\/de\/#website","url":"https:\/\/swiss-academy.org\/de\/","name":"SWISS Academy for Training and Evolution","description":"","publisher":{"@id":"https:\/\/swiss-academy.org\/de\/#organization"},"potentialAction":[{"@type":"SearchAction","target":{"@type":"EntryPoint","urlTemplate":"https:\/\/swiss-academy.org\/de\/?s={search_term_string}"},"query-input":{"@type":"PropertyValueSpecification","valueRequired":true,"valueName":"search_term_string"}}],"inLanguage":"de"},{"@type":"Organization","@id":"https:\/\/swiss-academy.org\/de\/#organization","name":"SWISS Academy for Training and Evolution","url":"https:\/\/swiss-academy.org\/de\/","logo":{"@type":"ImageObject","inLanguage":"de","@id":"https:\/\/swiss-academy.org\/de\/#\/schema\/logo\/image\/","url":"https:\/\/swiss-academy.org\/wp-content\/uploads\/2021\/01\/logo-light.png","contentUrl":"https:\/\/swiss-academy.org\/wp-content\/uploads\/2021\/01\/logo-light.png","width":270,"height":73,"caption":"SWISS Academy for Training and Evolution"},"image":{"@id":"https:\/\/swiss-academy.org\/de\/#\/schema\/logo\/image\/"},"sameAs":["https:\/\/www.facebook.com\/SwissacademySATE\/"]}]}},"_links":{"self":[{"href":"https:\/\/swiss-academy.org\/de\/wp-json\/wp\/v2\/pages\/1487","targetHints":{"allow":["GET"]}}],"collection":[{"href":"https:\/\/swiss-academy.org\/de\/wp-json\/wp\/v2\/pages"}],"about":[{"href":"https:\/\/swiss-academy.org\/de\/wp-json\/wp\/v2\/types\/page"}],"author":[{"embeddable":true,"href":"https:\/\/swiss-academy.org\/de\/wp-json\/wp\/v2\/users\/1"}],"replies":[{"embeddable":true,"href":"https:\/\/swiss-academy.org\/de\/wp-json\/wp\/v2\/comments?post=1487"}],"version-history":[{"count":2,"href":"https:\/\/swiss-academy.org\/de\/wp-json\/wp\/v2\/pages\/1487\/revisions"}],"predecessor-version":[{"id":1489,"href":"https:\/\/swiss-academy.org\/de\/wp-json\/wp\/v2\/pages\/1487\/revisions\/1489"}],"wp:featuredmedia":[{"embeddable":true,"href":"https:\/\/swiss-academy.org\/de\/wp-json\/wp\/v2\/media\/1069"}],"wp:attachment":[{"href":"https:\/\/swiss-academy.org\/de\/wp-json\/wp\/v2\/media?parent=1487"}],"curies":[{"name":"wp","href":"https:\/\/api.w.org\/{rel}","templated":true}]}}