{"id":1405,"date":"2021-02-05T11:20:40","date_gmt":"2021-02-05T11:20:40","guid":{"rendered":"https:\/\/swiss-academy.org\/programmes-actuellement-disponibles\/"},"modified":"2023-09-21T09:56:51","modified_gmt":"2023-09-21T09:56:51","slug":"programmes-actuellement-disponibles","status":"publish","type":"page","link":"https:\/\/swiss-academy.org\/fr\/programmes-actuellement-disponibles\/","title":{"rendered":"Programmes actuellement disponibles"},"content":{"rendered":"<div class=\"wpb-content-wrapper\"><p>[vc_row equal_height=\u00a0\u00bbyes\u00a0\u00bb][vc_column width=\u00a0\u00bb1\/2&Prime; el_class=\u00a0\u00bbstyle-6&Prime;][vc_column_text]<\/p>\n<h6>Secteurs de la banque, de la gestion de patrimoine et de l\u2019assurance :<\/h6>\n<ul class=\"list-items list-unstyled mb-0\">\n<li>Innovation strat\u00e9gique et gestion de la cha\u00eene de valeur<\/li>\n<li>Banques, r\u00e9glementation &amp; VAR<\/li>\n<li>Principes fondamentaux de l\u2019analyse de cr\u00e9dit<\/li>\n<li>Pr\u00eats \u00e0 la consommation &#8211; Pr\u00eats commerciaux et services bancaires aux entreprises -Blockchain- Technologie centralis\u00e9e, d\u00e9centralis\u00e9e et distribu\u00e9e<\/li>\n<li>Sp\u00e9cialiste en gestion de patrimoine et en placement<\/li>\n<li>Application des lois bancaires<\/li>\n<li>Programme actuariel de gestion des risques de l\u2019assurance de dommages<\/li>\n<li>Sp\u00e9cialiste de portefeuille<\/li>\n<li>Atelier sur les risques quantitatifs<\/li>\n<li>Banque de d\u00e9tail Am\u00e9liorer les comp\u00e9tences en gestion des ventes crois\u00e9es<\/li>\n<\/ul>\n<p>[\/vc_column_text][\/vc_column][vc_column width=\u00a0\u00bb1\/2&Prime; el_class=\u00a0\u00bbstyle-6&Prime;][vc_column_text]<\/p>\n<h6>Droit international public : Droits de l\u2019homme, Droit humanitaire et droit des r\u00e9fugi\u00e9s :<\/h6>\n<ul class=\"list-items list-unstyled mb-0\">\n<li>Conseil des droits de l\u2019homme des Nations Unies : M\u00e9canismes et proc\u00e9dures<\/li>\n<li>M\u00e9canismes internationaux individuels de plainte en mati\u00e8re de droits de l\u2019homme<\/li>\n<li>Introduction au droit international public<\/li>\n<li>Introduction au droit international des r\u00e9fugi\u00e9s<\/li>\n<li>L\u2019interaction entre le droit international des droits de l\u2019homme et le droit international humanitaire<\/li>\n<li>Comment planifier une campagne de plaidoyer r\u00e9ussie<\/li>\n<li>Responsabilit\u00e9 sociale des entreprises : Entreprises et droits de l\u2019homme<\/li>\n<\/ul>\n<p>[\/vc_column_text][\/vc_column][\/vc_row][vc_row equal_height=\u00a0\u00bbyes\u00a0\u00bb][vc_column width=\u00a0\u00bb1\/2&Prime; el_class=\u00a0\u00bbstyle-6&Prime;][vc_column_text]<\/p>\n<h6>Leadership et gestion :<\/h6>\n<ul class=\"list-items list-unstyled mb-0\">\n<li><span style=\"line-height: 1.5;\">Pr\u00e9sence de la direction  <\/span><\/li>\n<li>Pr\u00e9senter avec impact : les secrets de la prise de parole en public et de la pr\u00e9sentation<\/li>\n<li>Une communication courageuse<\/li>\n<li><span style=\"line-height: 1.5;\">Gestion de crise<\/span><\/li>\n<\/ul>\n<p>[\/vc_column_text][\/vc_column][vc_column width=\u00a0\u00bb1\/2&Prime; el_class=\u00a0\u00bbstyle-6&Prime;][vc_column_text]<\/p>\n<h6>Questions de d\u00e9veloppement soci\u00e9tal :<\/h6>\n<ul class=\"list-items list-unstyled mb-0\">\n<li>Verdissement urbain et r\u00e9duction des effets du changement climatique<\/li>\n<\/ul>\n<p>[\/vc_column_text][\/vc_column][\/vc_row]<\/p>\n<\/div>","protected":false},"excerpt":{"rendered":"<p>[vc_row equal_height=\u00a0\u00bbyes\u00a0\u00bb][vc_column width=\u00a0\u00bb1\/2&Prime; el_class=\u00a0\u00bbstyle-6&Prime;][vc_column_text] Secteurs de la banque, de la gestion de patrimoine et de l\u2019assurance : Innovation strat\u00e9gique et gestion de la cha\u00eene de valeur Banques, r\u00e9glementation &amp; VAR Principes fondamentaux de l\u2019analyse de cr\u00e9dit Pr\u00eats \u00e0 la consommation &#8211; Pr\u00eats commerciaux et services bancaires aux entreprises -Blockchain- Technologie centralis\u00e9e, d\u00e9centralis\u00e9e et distribu\u00e9e Sp\u00e9cialiste [&hellip;]<\/p>\n","protected":false},"author":1,"featured_media":0,"parent":0,"menu_order":98,"comment_status":"closed","ping_status":"closed","template":"","meta":{"footnotes":""},"class_list":["post-1405","page","type-page","status-publish","hentry"],"yoast_head":"<!-- This site is optimized with the Yoast SEO plugin v26.3 - https:\/\/yoast.com\/wordpress\/plugins\/seo\/ -->\n<title>Programmes actuellement disponibles - SWISS Academy for Training and Evolution<\/title>\n<meta name=\"robots\" content=\"index, follow, max-snippet:-1, max-image-preview:large, max-video-preview:-1\" \/>\n<link rel=\"canonical\" href=\"https:\/\/swiss-academy.org\/fr\/programmes-actuellement-disponibles\/\" \/>\n<meta property=\"og:locale\" content=\"fr_FR\" \/>\n<meta property=\"og:type\" content=\"article\" \/>\n<meta property=\"og:title\" content=\"Programmes actuellement disponibles - SWISS Academy for Training and Evolution\" \/>\n<meta property=\"og:description\" content=\"[vc_row equal_height=\u00a0\u00bbyes\u00a0\u00bb][vc_column width=\u00a0\u00bb1\/2&Prime; el_class=\u00a0\u00bbstyle-6&Prime;][vc_column_text] Secteurs de la banque, de la gestion de patrimoine et de l\u2019assurance : Innovation strat\u00e9gique et gestion de la cha\u00eene de valeur Banques, r\u00e9glementation &amp; VAR Principes fondamentaux de l\u2019analyse de cr\u00e9dit Pr\u00eats \u00e0 la consommation &#8211; Pr\u00eats commerciaux et services bancaires aux entreprises -Blockchain- Technologie centralis\u00e9e, d\u00e9centralis\u00e9e et distribu\u00e9e Sp\u00e9cialiste [&hellip;]\" \/>\n<meta property=\"og:url\" content=\"https:\/\/swiss-academy.org\/fr\/programmes-actuellement-disponibles\/\" \/>\n<meta property=\"og:site_name\" content=\"SWISS Academy for Training and Evolution\" \/>\n<meta property=\"article:publisher\" content=\"https:\/\/www.facebook.com\/SwissacademySATE\/\" \/>\n<meta property=\"article:modified_time\" content=\"2023-09-21T09:56:51+00:00\" \/>\n<meta name=\"twitter:card\" content=\"summary_large_image\" \/>\n<meta name=\"twitter:label1\" content=\"Dur\u00e9e de lecture estim\u00e9e\" \/>\n\t<meta name=\"twitter:data1\" content=\"2 minutes\" \/>\n<script type=\"application\/ld+json\" class=\"yoast-schema-graph\">{\"@context\":\"https:\/\/schema.org\",\"@graph\":[{\"@type\":\"WebPage\",\"@id\":\"https:\/\/swiss-academy.org\/fr\/programmes-actuellement-disponibles\/\",\"url\":\"https:\/\/swiss-academy.org\/fr\/programmes-actuellement-disponibles\/\",\"name\":\"Programmes actuellement disponibles - SWISS Academy for Training and Evolution\",\"isPartOf\":{\"@id\":\"https:\/\/swiss-academy.org\/fr\/#website\"},\"datePublished\":\"2021-02-05T11:20:40+00:00\",\"dateModified\":\"2023-09-21T09:56:51+00:00\",\"inLanguage\":\"fr-FR\",\"potentialAction\":[{\"@type\":\"ReadAction\",\"target\":[\"https:\/\/swiss-academy.org\/fr\/programmes-actuellement-disponibles\/\"]}]},{\"@type\":\"WebSite\",\"@id\":\"https:\/\/swiss-academy.org\/fr\/#website\",\"url\":\"https:\/\/swiss-academy.org\/fr\/\",\"name\":\"SWISS Academy for Training and Evolution\",\"description\":\"\",\"publisher\":{\"@id\":\"https:\/\/swiss-academy.org\/fr\/#organization\"},\"potentialAction\":[{\"@type\":\"SearchAction\",\"target\":{\"@type\":\"EntryPoint\",\"urlTemplate\":\"https:\/\/swiss-academy.org\/fr\/?s={search_term_string}\"},\"query-input\":{\"@type\":\"PropertyValueSpecification\",\"valueRequired\":true,\"valueName\":\"search_term_string\"}}],\"inLanguage\":\"fr-FR\"},{\"@type\":\"Organization\",\"@id\":\"https:\/\/swiss-academy.org\/fr\/#organization\",\"name\":\"SWISS Academy for Training and Evolution\",\"url\":\"https:\/\/swiss-academy.org\/fr\/\",\"logo\":{\"@type\":\"ImageObject\",\"inLanguage\":\"fr-FR\",\"@id\":\"https:\/\/swiss-academy.org\/fr\/#\/schema\/logo\/image\/\",\"url\":\"https:\/\/swiss-academy.org\/wp-content\/uploads\/2021\/01\/logo-light.png\",\"contentUrl\":\"https:\/\/swiss-academy.org\/wp-content\/uploads\/2021\/01\/logo-light.png\",\"width\":270,\"height\":73,\"caption\":\"SWISS Academy for Training and Evolution\"},\"image\":{\"@id\":\"https:\/\/swiss-academy.org\/fr\/#\/schema\/logo\/image\/\"},\"sameAs\":[\"https:\/\/www.facebook.com\/SwissacademySATE\/\"]}]}<\/script>\n<!-- \/ Yoast SEO plugin. -->","yoast_head_json":{"title":"Programmes actuellement disponibles - SWISS Academy for Training and Evolution","robots":{"index":"index","follow":"follow","max-snippet":"max-snippet:-1","max-image-preview":"max-image-preview:large","max-video-preview":"max-video-preview:-1"},"canonical":"https:\/\/swiss-academy.org\/fr\/programmes-actuellement-disponibles\/","og_locale":"fr_FR","og_type":"article","og_title":"Programmes actuellement disponibles - SWISS Academy for Training and Evolution","og_description":"[vc_row equal_height=\u00a0\u00bbyes\u00a0\u00bb][vc_column width=\u00a0\u00bb1\/2&Prime; el_class=\u00a0\u00bbstyle-6&Prime;][vc_column_text] Secteurs de la banque, de la gestion de patrimoine et de l\u2019assurance : Innovation strat\u00e9gique et gestion de la cha\u00eene de valeur Banques, r\u00e9glementation &amp; VAR Principes fondamentaux de l\u2019analyse de cr\u00e9dit Pr\u00eats \u00e0 la consommation &#8211; Pr\u00eats commerciaux et services bancaires aux entreprises -Blockchain- Technologie centralis\u00e9e, d\u00e9centralis\u00e9e et distribu\u00e9e Sp\u00e9cialiste [&hellip;]","og_url":"https:\/\/swiss-academy.org\/fr\/programmes-actuellement-disponibles\/","og_site_name":"SWISS Academy for Training and Evolution","article_publisher":"https:\/\/www.facebook.com\/SwissacademySATE\/","article_modified_time":"2023-09-21T09:56:51+00:00","twitter_card":"summary_large_image","twitter_misc":{"Dur\u00e9e de lecture estim\u00e9e":"2 minutes"},"schema":{"@context":"https:\/\/schema.org","@graph":[{"@type":"WebPage","@id":"https:\/\/swiss-academy.org\/fr\/programmes-actuellement-disponibles\/","url":"https:\/\/swiss-academy.org\/fr\/programmes-actuellement-disponibles\/","name":"Programmes actuellement disponibles - SWISS Academy for Training and Evolution","isPartOf":{"@id":"https:\/\/swiss-academy.org\/fr\/#website"},"datePublished":"2021-02-05T11:20:40+00:00","dateModified":"2023-09-21T09:56:51+00:00","inLanguage":"fr-FR","potentialAction":[{"@type":"ReadAction","target":["https:\/\/swiss-academy.org\/fr\/programmes-actuellement-disponibles\/"]}]},{"@type":"WebSite","@id":"https:\/\/swiss-academy.org\/fr\/#website","url":"https:\/\/swiss-academy.org\/fr\/","name":"SWISS Academy for Training and Evolution","description":"","publisher":{"@id":"https:\/\/swiss-academy.org\/fr\/#organization"},"potentialAction":[{"@type":"SearchAction","target":{"@type":"EntryPoint","urlTemplate":"https:\/\/swiss-academy.org\/fr\/?s={search_term_string}"},"query-input":{"@type":"PropertyValueSpecification","valueRequired":true,"valueName":"search_term_string"}}],"inLanguage":"fr-FR"},{"@type":"Organization","@id":"https:\/\/swiss-academy.org\/fr\/#organization","name":"SWISS Academy for Training and Evolution","url":"https:\/\/swiss-academy.org\/fr\/","logo":{"@type":"ImageObject","inLanguage":"fr-FR","@id":"https:\/\/swiss-academy.org\/fr\/#\/schema\/logo\/image\/","url":"https:\/\/swiss-academy.org\/wp-content\/uploads\/2021\/01\/logo-light.png","contentUrl":"https:\/\/swiss-academy.org\/wp-content\/uploads\/2021\/01\/logo-light.png","width":270,"height":73,"caption":"SWISS Academy for Training and Evolution"},"image":{"@id":"https:\/\/swiss-academy.org\/fr\/#\/schema\/logo\/image\/"},"sameAs":["https:\/\/www.facebook.com\/SwissacademySATE\/"]}]}},"_links":{"self":[{"href":"https:\/\/swiss-academy.org\/fr\/wp-json\/wp\/v2\/pages\/1405","targetHints":{"allow":["GET"]}}],"collection":[{"href":"https:\/\/swiss-academy.org\/fr\/wp-json\/wp\/v2\/pages"}],"about":[{"href":"https:\/\/swiss-academy.org\/fr\/wp-json\/wp\/v2\/types\/page"}],"author":[{"embeddable":true,"href":"https:\/\/swiss-academy.org\/fr\/wp-json\/wp\/v2\/users\/1"}],"replies":[{"embeddable":true,"href":"https:\/\/swiss-academy.org\/fr\/wp-json\/wp\/v2\/comments?post=1405"}],"version-history":[{"count":2,"href":"https:\/\/swiss-academy.org\/fr\/wp-json\/wp\/v2\/pages\/1405\/revisions"}],"predecessor-version":[{"id":1407,"href":"https:\/\/swiss-academy.org\/fr\/wp-json\/wp\/v2\/pages\/1405\/revisions\/1407"}],"wp:attachment":[{"href":"https:\/\/swiss-academy.org\/fr\/wp-json\/wp\/v2\/media?parent=1405"}],"curies":[{"name":"wp","href":"https:\/\/api.w.org\/{rel}","templated":true}]}}