{"id":1417,"date":"2021-02-05T09:47:55","date_gmt":"2021-02-05T09:47:55","guid":{"rendered":"https:\/\/swiss-academy.org\/modalites-des-programmes\/"},"modified":"2023-09-21T09:57:05","modified_gmt":"2023-09-21T09:57:05","slug":"modalites-des-programmes","status":"publish","type":"page","link":"https:\/\/swiss-academy.org\/fr\/modalites-des-programmes\/","title":{"rendered":"Modalit\u00e9s des programmes"},"content":{"rendered":"<div class=\"wpb-content-wrapper\"><p>[vc_row][vc_column][vc_column_text]L\u2019\u00e9ducation et la formation offertes par SATE sont orient\u00e9es vers des carri\u00e8res internationales dans les secteurs public et priv\u00e9. Il donne la priorit\u00e9 \u00e0 l\u2019action, au d\u00e9veloppement du leadership, aux comp\u00e9tences en communication, \u00e0 l\u2019\u00e9valuation des situations et aux processus d\u00e9cisionnels judicieux.<\/p>\n<p>SATE exige des participants des normes individuelles rigoureuses et \u00e9lev\u00e9es de r\u00e9ussite. Dans la poursuite de cet objectif, SATE a adopt\u00e9 diff\u00e9rents mod\u00e8les d\u2019approches de formation, qui s\u2019adaptent aux march\u00e9s de formation les plus r\u00e9cents.[\/vc_column_text][\/vc_column][\/vc_row][vc_row el_class=\u00a0\u00bbstyle-6&Prime;][vc_column width=\u00a0\u00bb1\/2&Prime;][vc_column_text]<\/p>\n<h6>Cours d\u2019apprentissage en ligne (virtuels) SATE<\/h6>\n<p>La perturbation des possibilit\u00e9s de mobilit\u00e9 de la formation en raison de l\u2019\u00e9pid\u00e9mie de pand\u00e9mie de COVID-19 \u00e0 travers le monde a incit\u00e9 SATE \u00e0 suivre les mesures nationales impos\u00e9es par les \u00c9tats pour lutter contre la propagation du virus et donc \u00e0 am\u00e9liorer nos m\u00e9thodologies de formation en ligne.<\/p>\n<p>SATE propose des outils et des ressources num\u00e9riques en ligne et hors ligne pour les apprenants, les formateurs et les \u00e9ducateurs pendant la p\u00e9riode de pand\u00e9mie, ce qui ne n\u00e9cessite pas d\u2019interaction en face \u00e0 face.<\/p>\n<p>Les conf\u00e9rences \/ webinaires en ligne SATE sont con\u00e7us avec des m\u00e9thodes interactives telles que le brainstorming, la r\u00e9solution de probl\u00e8mes, les discussions, etc., pour faciliter le processus d\u2019apprentissage exp\u00e9rientiel des adultes pour une plus grande participation et un meilleur rappel des questions fondamentales.[\/vc_column_text][vc_btn title=\u00a0\u00bbVoir le cours disponible\u00a0\u00bb style=\u00a0\u00bbcustom\u00a0\u00bb custom_background=\u00a0\u00bb#d50002&Prime; custom_text=\u00a0\u00bb#ffffff\u00a0\u00bb shape=\u00a0\u00bbround\u00a0\u00bb align=\u00a0\u00bbleft\u00a0\u00bb el_class=\u00a0\u00bbcourse_link_btn\u00a0\u00bb link=\u00a0\u00bburl:https%3A%2F%2Fswiss-academy.org%2Ffr%2Fcours-programmes%2F|title:Cours%20%26amp%3B%20Programmes|\u00a0\u00bb][\/vc_column][vc_column width=\u00a0\u00bb1\/2&Prime;][vc_single_image image=\u00a0\u00bb757&Prime; img_size=\u00a0\u00bbfull\u00a0\u00bb style=\u00a0\u00bbvc_box_shadow\u00a0\u00bb][\/vc_column][\/vc_row][vc_row el_class=\u00a0\u00bbstyle-6&Prime;][vc_column][vc_column_text]<\/p>\n<h6>Cours de formation en pr\u00e9sentiel traditionnels \/ am\u00e9lior\u00e9s<\/h6>\n<p>Cette modalit\u00e9 de formation est actuellement suspendue en raison des cons\u00e9quences perturbatrices de la pand\u00e9mie mondiale. Dans ce type de modalit\u00e9 de formation, les participants sont normalement invit\u00e9s \u00e0 rejoindre le cours en assistant \u00e0 une session traditionnelle \u00e0 l\u2019endroit physique assign\u00e9.[\/vc_column_text][vc_btn title=\u00a0\u00bbVoir le cours disponible\u00a0\u00bb style=\u00a0\u00bbcustom\u00a0\u00bb custom_background=\u00a0\u00bb#d50002&Prime; custom_text=\u00a0\u00bb#ffffff\u00a0\u00bb shape=\u00a0\u00bbround\u00a0\u00bb align=\u00a0\u00bbleft\u00a0\u00bb el_class=\u00a0\u00bbcourse_link_btn\u00a0\u00bb link=\u00a0\u00bburl:https%3A%2F%2Fswiss-academy.org%2Ffr%2Fcours-programmes%2F|title:Cours%20%26amp%3B%20Programmes|\u00a0\u00bb][\/vc_column][\/vc_row][vc_row el_class=\u00a0\u00bbstyle-6&Prime;][vc_column][vc_column_text]<\/p>\n<h6>E-Learning \/ Cours num\u00e9riques (bient\u00f4t disponibles)<\/h6>\n<p>Cette modalit\u00e9 d\u2019\u00e9ducation et de formation repr\u00e9sente une m\u00e9thode efficace de transfert de connaissances num\u00e9riques qui est rapide et ne n\u00e9cessite pas beaucoup de co\u00fbts.<\/p>\n<p>Avec l\u2019apprentissage en ligne, SATE peut transmettre des connaissances importantes facilement et efficacement en ligne. Fournir automatiquement des cours d\u2019apprentissage en ligne via une plate-forme d\u2019apprentissage facile aidera les participants \u00e0 suivre leurs progr\u00e8s \u00e0 tout moment et rendra les informations faciles \u00e0 saisir et \u00e0 absorber.[\/vc_column_text][vc_btn title=\u00a0\u00bbVoir le cours disponible\u00a0\u00bb style=\u00a0\u00bbcustom\u00a0\u00bb custom_background=\u00a0\u00bb#d50002&Prime; custom_text=\u00a0\u00bb#ffffff\u00a0\u00bb shape=\u00a0\u00bbround\u00a0\u00bb align=\u00a0\u00bbleft\u00a0\u00bb el_class=\u00a0\u00bbcourse_link_btn\u00a0\u00bb link=\u00a0\u00bburl:https%3A%2F%2Fswiss-academy.org%2Ffr%2Fcours-programmes%2F|title:Cours%20%26amp%3B%20Programmes|\u00a0\u00bb][\/vc_column][\/vc_row]<\/p>\n<\/div>","protected":false},"excerpt":{"rendered":"<p>[vc_row][vc_column][vc_column_text]L\u2019\u00e9ducation et la formation offertes par SATE sont orient\u00e9es vers des carri\u00e8res internationales dans les secteurs public et priv\u00e9. Il donne la priorit\u00e9 \u00e0 l\u2019action, au d\u00e9veloppement du leadership, aux comp\u00e9tences en communication, \u00e0 l\u2019\u00e9valuation des situations et aux processus d\u00e9cisionnels judicieux. SATE exige des participants des normes individuelles rigoureuses et \u00e9lev\u00e9es de r\u00e9ussite. Dans [&hellip;]<\/p>\n","protected":false},"author":1,"featured_media":0,"parent":0,"menu_order":118,"comment_status":"closed","ping_status":"closed","template":"","meta":{"footnotes":""},"class_list":["post-1417","page","type-page","status-publish","hentry"],"yoast_head":"<!-- This site is optimized with the Yoast SEO plugin v26.3 - https:\/\/yoast.com\/wordpress\/plugins\/seo\/ -->\n<title>Modalit\u00e9s des programmes - SWISS Academy for Training and Evolution<\/title>\n<meta name=\"robots\" content=\"index, follow, max-snippet:-1, max-image-preview:large, max-video-preview:-1\" \/>\n<link rel=\"canonical\" href=\"https:\/\/swiss-academy.org\/fr\/modalites-des-programmes\/\" \/>\n<meta property=\"og:locale\" content=\"fr_FR\" \/>\n<meta property=\"og:type\" content=\"article\" \/>\n<meta property=\"og:title\" content=\"Modalit\u00e9s des programmes - SWISS Academy for Training and Evolution\" \/>\n<meta property=\"og:description\" content=\"[vc_row][vc_column][vc_column_text]L\u2019\u00e9ducation et la formation offertes par SATE sont orient\u00e9es vers des carri\u00e8res internationales dans les secteurs public et priv\u00e9. Il donne la priorit\u00e9 \u00e0 l\u2019action, au d\u00e9veloppement du leadership, aux comp\u00e9tences en communication, \u00e0 l\u2019\u00e9valuation des situations et aux processus d\u00e9cisionnels judicieux. SATE exige des participants des normes individuelles rigoureuses et \u00e9lev\u00e9es de r\u00e9ussite. Dans [&hellip;]\" \/>\n<meta property=\"og:url\" content=\"https:\/\/swiss-academy.org\/fr\/modalites-des-programmes\/\" \/>\n<meta property=\"og:site_name\" content=\"SWISS Academy for Training and Evolution\" \/>\n<meta property=\"article:publisher\" content=\"https:\/\/www.facebook.com\/SwissacademySATE\/\" \/>\n<meta property=\"article:modified_time\" content=\"2023-09-21T09:57:05+00:00\" \/>\n<meta name=\"twitter:card\" content=\"summary_large_image\" \/>\n<meta name=\"twitter:label1\" content=\"Dur\u00e9e de lecture estim\u00e9e\" \/>\n\t<meta name=\"twitter:data1\" content=\"3 minutes\" \/>\n<script type=\"application\/ld+json\" class=\"yoast-schema-graph\">{\"@context\":\"https:\/\/schema.org\",\"@graph\":[{\"@type\":\"WebPage\",\"@id\":\"https:\/\/swiss-academy.org\/fr\/modalites-des-programmes\/\",\"url\":\"https:\/\/swiss-academy.org\/fr\/modalites-des-programmes\/\",\"name\":\"Modalit\u00e9s des programmes - SWISS Academy for Training and Evolution\",\"isPartOf\":{\"@id\":\"https:\/\/swiss-academy.org\/fr\/#website\"},\"datePublished\":\"2021-02-05T09:47:55+00:00\",\"dateModified\":\"2023-09-21T09:57:05+00:00\",\"inLanguage\":\"fr-FR\",\"potentialAction\":[{\"@type\":\"ReadAction\",\"target\":[\"https:\/\/swiss-academy.org\/fr\/modalites-des-programmes\/\"]}]},{\"@type\":\"WebSite\",\"@id\":\"https:\/\/swiss-academy.org\/fr\/#website\",\"url\":\"https:\/\/swiss-academy.org\/fr\/\",\"name\":\"SWISS Academy for Training and Evolution\",\"description\":\"\",\"publisher\":{\"@id\":\"https:\/\/swiss-academy.org\/fr\/#organization\"},\"potentialAction\":[{\"@type\":\"SearchAction\",\"target\":{\"@type\":\"EntryPoint\",\"urlTemplate\":\"https:\/\/swiss-academy.org\/fr\/?s={search_term_string}\"},\"query-input\":{\"@type\":\"PropertyValueSpecification\",\"valueRequired\":true,\"valueName\":\"search_term_string\"}}],\"inLanguage\":\"fr-FR\"},{\"@type\":\"Organization\",\"@id\":\"https:\/\/swiss-academy.org\/fr\/#organization\",\"name\":\"SWISS Academy for Training and Evolution\",\"url\":\"https:\/\/swiss-academy.org\/fr\/\",\"logo\":{\"@type\":\"ImageObject\",\"inLanguage\":\"fr-FR\",\"@id\":\"https:\/\/swiss-academy.org\/fr\/#\/schema\/logo\/image\/\",\"url\":\"https:\/\/swiss-academy.org\/wp-content\/uploads\/2021\/01\/logo-light.png\",\"contentUrl\":\"https:\/\/swiss-academy.org\/wp-content\/uploads\/2021\/01\/logo-light.png\",\"width\":270,\"height\":73,\"caption\":\"SWISS Academy for Training and Evolution\"},\"image\":{\"@id\":\"https:\/\/swiss-academy.org\/fr\/#\/schema\/logo\/image\/\"},\"sameAs\":[\"https:\/\/www.facebook.com\/SwissacademySATE\/\"]}]}<\/script>\n<!-- \/ Yoast SEO plugin. -->","yoast_head_json":{"title":"Modalit\u00e9s des programmes - SWISS Academy for Training and Evolution","robots":{"index":"index","follow":"follow","max-snippet":"max-snippet:-1","max-image-preview":"max-image-preview:large","max-video-preview":"max-video-preview:-1"},"canonical":"https:\/\/swiss-academy.org\/fr\/modalites-des-programmes\/","og_locale":"fr_FR","og_type":"article","og_title":"Modalit\u00e9s des programmes - SWISS Academy for Training and Evolution","og_description":"[vc_row][vc_column][vc_column_text]L\u2019\u00e9ducation et la formation offertes par SATE sont orient\u00e9es vers des carri\u00e8res internationales dans les secteurs public et priv\u00e9. Il donne la priorit\u00e9 \u00e0 l\u2019action, au d\u00e9veloppement du leadership, aux comp\u00e9tences en communication, \u00e0 l\u2019\u00e9valuation des situations et aux processus d\u00e9cisionnels judicieux. SATE exige des participants des normes individuelles rigoureuses et \u00e9lev\u00e9es de r\u00e9ussite. Dans [&hellip;]","og_url":"https:\/\/swiss-academy.org\/fr\/modalites-des-programmes\/","og_site_name":"SWISS Academy for Training and Evolution","article_publisher":"https:\/\/www.facebook.com\/SwissacademySATE\/","article_modified_time":"2023-09-21T09:57:05+00:00","twitter_card":"summary_large_image","twitter_misc":{"Dur\u00e9e de lecture estim\u00e9e":"3 minutes"},"schema":{"@context":"https:\/\/schema.org","@graph":[{"@type":"WebPage","@id":"https:\/\/swiss-academy.org\/fr\/modalites-des-programmes\/","url":"https:\/\/swiss-academy.org\/fr\/modalites-des-programmes\/","name":"Modalit\u00e9s des programmes - SWISS Academy for Training and Evolution","isPartOf":{"@id":"https:\/\/swiss-academy.org\/fr\/#website"},"datePublished":"2021-02-05T09:47:55+00:00","dateModified":"2023-09-21T09:57:05+00:00","inLanguage":"fr-FR","potentialAction":[{"@type":"ReadAction","target":["https:\/\/swiss-academy.org\/fr\/modalites-des-programmes\/"]}]},{"@type":"WebSite","@id":"https:\/\/swiss-academy.org\/fr\/#website","url":"https:\/\/swiss-academy.org\/fr\/","name":"SWISS Academy for Training and Evolution","description":"","publisher":{"@id":"https:\/\/swiss-academy.org\/fr\/#organization"},"potentialAction":[{"@type":"SearchAction","target":{"@type":"EntryPoint","urlTemplate":"https:\/\/swiss-academy.org\/fr\/?s={search_term_string}"},"query-input":{"@type":"PropertyValueSpecification","valueRequired":true,"valueName":"search_term_string"}}],"inLanguage":"fr-FR"},{"@type":"Organization","@id":"https:\/\/swiss-academy.org\/fr\/#organization","name":"SWISS Academy for Training and Evolution","url":"https:\/\/swiss-academy.org\/fr\/","logo":{"@type":"ImageObject","inLanguage":"fr-FR","@id":"https:\/\/swiss-academy.org\/fr\/#\/schema\/logo\/image\/","url":"https:\/\/swiss-academy.org\/wp-content\/uploads\/2021\/01\/logo-light.png","contentUrl":"https:\/\/swiss-academy.org\/wp-content\/uploads\/2021\/01\/logo-light.png","width":270,"height":73,"caption":"SWISS Academy for Training and Evolution"},"image":{"@id":"https:\/\/swiss-academy.org\/fr\/#\/schema\/logo\/image\/"},"sameAs":["https:\/\/www.facebook.com\/SwissacademySATE\/"]}]}},"_links":{"self":[{"href":"https:\/\/swiss-academy.org\/fr\/wp-json\/wp\/v2\/pages\/1417","targetHints":{"allow":["GET"]}}],"collection":[{"href":"https:\/\/swiss-academy.org\/fr\/wp-json\/wp\/v2\/pages"}],"about":[{"href":"https:\/\/swiss-academy.org\/fr\/wp-json\/wp\/v2\/types\/page"}],"author":[{"embeddable":true,"href":"https:\/\/swiss-academy.org\/fr\/wp-json\/wp\/v2\/users\/1"}],"replies":[{"embeddable":true,"href":"https:\/\/swiss-academy.org\/fr\/wp-json\/wp\/v2\/comments?post=1417"}],"version-history":[{"count":2,"href":"https:\/\/swiss-academy.org\/fr\/wp-json\/wp\/v2\/pages\/1417\/revisions"}],"predecessor-version":[{"id":1419,"href":"https:\/\/swiss-academy.org\/fr\/wp-json\/wp\/v2\/pages\/1417\/revisions\/1419"}],"wp:attachment":[{"href":"https:\/\/swiss-academy.org\/fr\/wp-json\/wp\/v2\/media?parent=1417"}],"curies":[{"name":"wp","href":"https:\/\/api.w.org\/{rel}","templated":true}]}}