{"id":1429,"date":"2021-02-05T08:54:12","date_gmt":"2021-02-05T08:54:12","guid":{"rendered":"https:\/\/swiss-academy.org\/conseil-consultatif-de-letat\/"},"modified":"2023-09-21T09:57:05","modified_gmt":"2023-09-21T09:57:05","slug":"conseil-consultatif-de-letat","status":"publish","type":"page","link":"https:\/\/swiss-academy.org\/fr\/conseil-consultatif-de-letat\/","title":{"rendered":"Conseil consultatif de l\u2019\u00c9tat"},"content":{"rendered":"<div class=\"wpb-content-wrapper\"><p>[vc_row content_placement=\u00a0\u00bbmiddle\u00a0\u00bb][vc_column width=\u00a0\u00bb2\/3&Prime;][vc_column_text]<\/p>\n<h6>Conseil consultatif de l\u2019\u00c9tat<\/h6>\n<p>Le conseil consultatif de l\u2019\u00c9tat fournit des orientations strat\u00e9giques de haut niveau \u00e0 l\u2019\u00e9quipe. Les membres de l\u2019\u00c9tat sont des leaders dans leur domaine d\u2019expertise, \u00e0 l\u2019\u00e9chelle mondiale et dans leur propre r\u00e9gion. Les membres du Comit\u00e9 consultatif y participent \u00e0 titre personnel.[\/vc_column_text][\/vc_column][vc_column width=\u00a0\u00bb1\/3&Prime;][vc_single_image image=\u00a0\u00bb740&Prime; img_size=\u00a0\u00bbfull\u00a0\u00bb style=\u00a0\u00bbvc_box_shadow_3d\u00a0\u00bb][\/vc_column][\/vc_row]<\/p>\n<\/div>","protected":false},"excerpt":{"rendered":"<p>[vc_row content_placement=\u00a0\u00bbmiddle\u00a0\u00bb][vc_column width=\u00a0\u00bb2\/3&Prime;][vc_column_text] Conseil consultatif de l\u2019\u00c9tat Le conseil consultatif de l\u2019\u00c9tat fournit des orientations strat\u00e9giques de haut niveau \u00e0 l\u2019\u00e9quipe. Les membres de l\u2019\u00c9tat sont des leaders dans leur domaine d\u2019expertise, \u00e0 l\u2019\u00e9chelle mondiale et dans leur propre r\u00e9gion. Les membres du Comit\u00e9 consultatif y participent \u00e0 titre personnel.[\/vc_column_text][\/vc_column][vc_column width=\u00a0\u00bb1\/3&Prime;][vc_single_image image=\u00a0\u00bb740&Prime; img_size=\u00a0\u00bbfull\u00a0\u00bb style=\u00a0\u00bbvc_box_shadow_3d\u00a0\u00bb][\/vc_column][\/vc_row]<\/p>\n","protected":false},"author":1,"featured_media":0,"parent":0,"menu_order":122,"comment_status":"closed","ping_status":"closed","template":"","meta":{"footnotes":""},"class_list":["post-1429","page","type-page","status-publish","hentry"],"yoast_head":"<!-- This site is optimized with the Yoast SEO plugin v26.3 - https:\/\/yoast.com\/wordpress\/plugins\/seo\/ -->\n<title>Conseil consultatif de l\u2019\u00c9tat - SWISS Academy for Training and Evolution<\/title>\n<meta name=\"robots\" content=\"index, follow, max-snippet:-1, max-image-preview:large, max-video-preview:-1\" \/>\n<link rel=\"canonical\" href=\"https:\/\/swiss-academy.org\/fr\/conseil-consultatif-de-letat\/\" \/>\n<meta property=\"og:locale\" content=\"fr_FR\" \/>\n<meta property=\"og:type\" content=\"article\" \/>\n<meta property=\"og:title\" content=\"Conseil consultatif de l\u2019\u00c9tat - SWISS Academy for Training and Evolution\" \/>\n<meta property=\"og:description\" content=\"[vc_row content_placement=\u00a0\u00bbmiddle\u00a0\u00bb][vc_column width=\u00a0\u00bb2\/3&Prime;][vc_column_text] Conseil consultatif de l\u2019\u00c9tat Le conseil consultatif de l\u2019\u00c9tat fournit des orientations strat\u00e9giques de haut niveau \u00e0 l\u2019\u00e9quipe. Les membres de l\u2019\u00c9tat sont des leaders dans leur domaine d\u2019expertise, \u00e0 l\u2019\u00e9chelle mondiale et dans leur propre r\u00e9gion. Les membres du Comit\u00e9 consultatif y participent \u00e0 titre personnel.[\/vc_column_text][\/vc_column][vc_column width=\u00a0\u00bb1\/3&Prime;][vc_single_image image=\u00a0\u00bb740&Prime; img_size=\u00a0\u00bbfull\u00a0\u00bb style=\u00a0\u00bbvc_box_shadow_3d\u00a0\u00bb][\/vc_column][\/vc_row]\" \/>\n<meta property=\"og:url\" content=\"https:\/\/swiss-academy.org\/fr\/conseil-consultatif-de-letat\/\" \/>\n<meta property=\"og:site_name\" content=\"SWISS Academy for Training and Evolution\" \/>\n<meta property=\"article:publisher\" content=\"https:\/\/www.facebook.com\/SwissacademySATE\/\" \/>\n<meta property=\"article:modified_time\" content=\"2023-09-21T09:57:05+00:00\" \/>\n<meta name=\"twitter:card\" content=\"summary_large_image\" \/>\n<script type=\"application\/ld+json\" class=\"yoast-schema-graph\">{\"@context\":\"https:\/\/schema.org\",\"@graph\":[{\"@type\":\"WebPage\",\"@id\":\"https:\/\/swiss-academy.org\/fr\/conseil-consultatif-de-letat\/\",\"url\":\"https:\/\/swiss-academy.org\/fr\/conseil-consultatif-de-letat\/\",\"name\":\"Conseil consultatif de l\u2019\u00c9tat - SWISS Academy for Training and Evolution\",\"isPartOf\":{\"@id\":\"https:\/\/swiss-academy.org\/fr\/#website\"},\"datePublished\":\"2021-02-05T08:54:12+00:00\",\"dateModified\":\"2023-09-21T09:57:05+00:00\",\"inLanguage\":\"fr-FR\",\"potentialAction\":[{\"@type\":\"ReadAction\",\"target\":[\"https:\/\/swiss-academy.org\/fr\/conseil-consultatif-de-letat\/\"]}]},{\"@type\":\"WebSite\",\"@id\":\"https:\/\/swiss-academy.org\/fr\/#website\",\"url\":\"https:\/\/swiss-academy.org\/fr\/\",\"name\":\"SWISS Academy for Training and Evolution\",\"description\":\"\",\"publisher\":{\"@id\":\"https:\/\/swiss-academy.org\/fr\/#organization\"},\"potentialAction\":[{\"@type\":\"SearchAction\",\"target\":{\"@type\":\"EntryPoint\",\"urlTemplate\":\"https:\/\/swiss-academy.org\/fr\/?s={search_term_string}\"},\"query-input\":{\"@type\":\"PropertyValueSpecification\",\"valueRequired\":true,\"valueName\":\"search_term_string\"}}],\"inLanguage\":\"fr-FR\"},{\"@type\":\"Organization\",\"@id\":\"https:\/\/swiss-academy.org\/fr\/#organization\",\"name\":\"SWISS Academy for Training and Evolution\",\"url\":\"https:\/\/swiss-academy.org\/fr\/\",\"logo\":{\"@type\":\"ImageObject\",\"inLanguage\":\"fr-FR\",\"@id\":\"https:\/\/swiss-academy.org\/fr\/#\/schema\/logo\/image\/\",\"url\":\"https:\/\/swiss-academy.org\/wp-content\/uploads\/2021\/01\/logo-light.png\",\"contentUrl\":\"https:\/\/swiss-academy.org\/wp-content\/uploads\/2021\/01\/logo-light.png\",\"width\":270,\"height\":73,\"caption\":\"SWISS Academy for Training and Evolution\"},\"image\":{\"@id\":\"https:\/\/swiss-academy.org\/fr\/#\/schema\/logo\/image\/\"},\"sameAs\":[\"https:\/\/www.facebook.com\/SwissacademySATE\/\"]}]}<\/script>\n<!-- \/ Yoast SEO plugin. -->","yoast_head_json":{"title":"Conseil consultatif de l\u2019\u00c9tat - SWISS Academy for Training and Evolution","robots":{"index":"index","follow":"follow","max-snippet":"max-snippet:-1","max-image-preview":"max-image-preview:large","max-video-preview":"max-video-preview:-1"},"canonical":"https:\/\/swiss-academy.org\/fr\/conseil-consultatif-de-letat\/","og_locale":"fr_FR","og_type":"article","og_title":"Conseil consultatif de l\u2019\u00c9tat - SWISS Academy for Training and Evolution","og_description":"[vc_row content_placement=\u00a0\u00bbmiddle\u00a0\u00bb][vc_column width=\u00a0\u00bb2\/3&Prime;][vc_column_text] Conseil consultatif de l\u2019\u00c9tat Le conseil consultatif de l\u2019\u00c9tat fournit des orientations strat\u00e9giques de haut niveau \u00e0 l\u2019\u00e9quipe. Les membres de l\u2019\u00c9tat sont des leaders dans leur domaine d\u2019expertise, \u00e0 l\u2019\u00e9chelle mondiale et dans leur propre r\u00e9gion. Les membres du Comit\u00e9 consultatif y participent \u00e0 titre personnel.[\/vc_column_text][\/vc_column][vc_column width=\u00a0\u00bb1\/3&Prime;][vc_single_image image=\u00a0\u00bb740&Prime; img_size=\u00a0\u00bbfull\u00a0\u00bb style=\u00a0\u00bbvc_box_shadow_3d\u00a0\u00bb][\/vc_column][\/vc_row]","og_url":"https:\/\/swiss-academy.org\/fr\/conseil-consultatif-de-letat\/","og_site_name":"SWISS Academy for Training and Evolution","article_publisher":"https:\/\/www.facebook.com\/SwissacademySATE\/","article_modified_time":"2023-09-21T09:57:05+00:00","twitter_card":"summary_large_image","schema":{"@context":"https:\/\/schema.org","@graph":[{"@type":"WebPage","@id":"https:\/\/swiss-academy.org\/fr\/conseil-consultatif-de-letat\/","url":"https:\/\/swiss-academy.org\/fr\/conseil-consultatif-de-letat\/","name":"Conseil consultatif de l\u2019\u00c9tat - SWISS Academy for Training and Evolution","isPartOf":{"@id":"https:\/\/swiss-academy.org\/fr\/#website"},"datePublished":"2021-02-05T08:54:12+00:00","dateModified":"2023-09-21T09:57:05+00:00","inLanguage":"fr-FR","potentialAction":[{"@type":"ReadAction","target":["https:\/\/swiss-academy.org\/fr\/conseil-consultatif-de-letat\/"]}]},{"@type":"WebSite","@id":"https:\/\/swiss-academy.org\/fr\/#website","url":"https:\/\/swiss-academy.org\/fr\/","name":"SWISS Academy for Training and Evolution","description":"","publisher":{"@id":"https:\/\/swiss-academy.org\/fr\/#organization"},"potentialAction":[{"@type":"SearchAction","target":{"@type":"EntryPoint","urlTemplate":"https:\/\/swiss-academy.org\/fr\/?s={search_term_string}"},"query-input":{"@type":"PropertyValueSpecification","valueRequired":true,"valueName":"search_term_string"}}],"inLanguage":"fr-FR"},{"@type":"Organization","@id":"https:\/\/swiss-academy.org\/fr\/#organization","name":"SWISS Academy for Training and Evolution","url":"https:\/\/swiss-academy.org\/fr\/","logo":{"@type":"ImageObject","inLanguage":"fr-FR","@id":"https:\/\/swiss-academy.org\/fr\/#\/schema\/logo\/image\/","url":"https:\/\/swiss-academy.org\/wp-content\/uploads\/2021\/01\/logo-light.png","contentUrl":"https:\/\/swiss-academy.org\/wp-content\/uploads\/2021\/01\/logo-light.png","width":270,"height":73,"caption":"SWISS Academy for Training and Evolution"},"image":{"@id":"https:\/\/swiss-academy.org\/fr\/#\/schema\/logo\/image\/"},"sameAs":["https:\/\/www.facebook.com\/SwissacademySATE\/"]}]}},"_links":{"self":[{"href":"https:\/\/swiss-academy.org\/fr\/wp-json\/wp\/v2\/pages\/1429","targetHints":{"allow":["GET"]}}],"collection":[{"href":"https:\/\/swiss-academy.org\/fr\/wp-json\/wp\/v2\/pages"}],"about":[{"href":"https:\/\/swiss-academy.org\/fr\/wp-json\/wp\/v2\/types\/page"}],"author":[{"embeddable":true,"href":"https:\/\/swiss-academy.org\/fr\/wp-json\/wp\/v2\/users\/1"}],"replies":[{"embeddable":true,"href":"https:\/\/swiss-academy.org\/fr\/wp-json\/wp\/v2\/comments?post=1429"}],"version-history":[{"count":2,"href":"https:\/\/swiss-academy.org\/fr\/wp-json\/wp\/v2\/pages\/1429\/revisions"}],"predecessor-version":[{"id":1431,"href":"https:\/\/swiss-academy.org\/fr\/wp-json\/wp\/v2\/pages\/1429\/revisions\/1431"}],"wp:attachment":[{"href":"https:\/\/swiss-academy.org\/fr\/wp-json\/wp\/v2\/media?parent=1429"}],"curies":[{"name":"wp","href":"https:\/\/api.w.org\/{rel}","templated":true}]}}