{"id":1445,"date":"2021-02-01T08:58:39","date_gmt":"2021-02-01T08:58:39","guid":{"rendered":"https:\/\/swiss-academy.org\/certificats\/"},"modified":"2024-07-04T13:24:22","modified_gmt":"2024-07-04T13:24:22","slug":"certificats","status":"publish","type":"page","link":"https:\/\/swiss-academy.org\/fr\/strategie-deducation-et-de-formation-2\/certificats\/","title":{"rendered":"Certificats"},"content":{"rendered":"<div class=\"wpb-content-wrapper\"><p>[vc_row][vc_column][vc_column_text]Une fois qu\u2019un participant a termin\u00e9 un programme, il \/ elle re\u00e7oit un certificat officiel en reconnaissance de son travail et de sa participation au programme. Nos certificats sont reconnus par les institutions et les employeurs du monde entier. Le certificat obtenu d\u00e9montre que les participants ont les comp\u00e9tences \u00ab&nbsp;pr\u00eates \u00e0 travailler&nbsp;\u00bb demand\u00e9es par de nombreuses institutions et entit\u00e9s.<\/p>\n<p>Une fois qu\u2019un participant a termin\u00e9 le cours de formation ou l\u2019atelier de SATE, il lui sera demand\u00e9 de passer une \u00e9valuation formelle qui m\u00e8nera \u00e0 un certificat de r\u00e9ussite ou d\u2019ach\u00e8vement.[\/vc_column_text][vc_column_text]<\/p>\n<h2 style=\"text-align: center;\">Exemple de certificat<\/h2>\n<p>[\/vc_column_text][vc_single_image image=\u00a0\u00bb1784&Prime; img_size=\u00a0\u00bblarge\u00a0\u00bb alignment=\u00a0\u00bbcenter\u00a0\u00bb][\/vc_column][\/vc_row][vc_column][\/vc_column]<\/p>\n<\/div>","protected":false},"excerpt":{"rendered":"<p>Une fois qu\u2019un participant a termin\u00e9 un programme, il \/ elle re\u00e7oit un certificat officiel en reconnaissance de son travail et de sa participation au programme.<\/p>\n","protected":false},"author":1,"featured_media":936,"parent":1473,"menu_order":4,"comment_status":"closed","ping_status":"closed","template":"","meta":{"footnotes":""},"class_list":["post-1445","page","type-page","status-publish","has-post-thumbnail","hentry"],"yoast_head":"<!-- This site is optimized with the Yoast SEO plugin v26.3 - https:\/\/yoast.com\/wordpress\/plugins\/seo\/ -->\n<title>Certificats - SWISS Academy for Training and Evolution<\/title>\n<meta name=\"robots\" content=\"index, follow, max-snippet:-1, max-image-preview:large, max-video-preview:-1\" \/>\n<link rel=\"canonical\" href=\"https:\/\/swiss-academy.org\/fr\/strategie-deducation-et-de-formation-2\/certificats\/\" \/>\n<meta property=\"og:locale\" content=\"fr_FR\" \/>\n<meta property=\"og:type\" content=\"article\" \/>\n<meta property=\"og:title\" content=\"Certificats - SWISS Academy for Training and Evolution\" \/>\n<meta property=\"og:description\" content=\"Une fois qu\u2019un participant a termin\u00e9 un programme, il \/ elle re\u00e7oit un certificat officiel en reconnaissance de son travail et de sa participation au programme.\" \/>\n<meta property=\"og:url\" content=\"https:\/\/swiss-academy.org\/fr\/strategie-deducation-et-de-formation-2\/certificats\/\" \/>\n<meta property=\"og:site_name\" content=\"SWISS Academy for Training and Evolution\" \/>\n<meta property=\"article:publisher\" content=\"https:\/\/www.facebook.com\/SwissacademySATE\/\" \/>\n<meta property=\"article:modified_time\" content=\"2024-07-04T13:24:22+00:00\" \/>\n<meta property=\"og:image\" content=\"https:\/\/swiss-academy.org\/wp-content\/uploads\/2021\/02\/4.jpg\" \/>\n\t<meta property=\"og:image:width\" content=\"310\" \/>\n\t<meta property=\"og:image:height\" content=\"207\" \/>\n\t<meta property=\"og:image:type\" content=\"image\/jpeg\" \/>\n<meta name=\"twitter:card\" content=\"summary_large_image\" \/>\n<meta name=\"twitter:label1\" content=\"Dur\u00e9e de lecture estim\u00e9e\" \/>\n\t<meta name=\"twitter:data1\" content=\"1 minute\" \/>\n<script type=\"application\/ld+json\" class=\"yoast-schema-graph\">{\"@context\":\"https:\/\/schema.org\",\"@graph\":[{\"@type\":\"WebPage\",\"@id\":\"https:\/\/swiss-academy.org\/fr\/strategie-deducation-et-de-formation-2\/certificats\/\",\"url\":\"https:\/\/swiss-academy.org\/fr\/strategie-deducation-et-de-formation-2\/certificats\/\",\"name\":\"Certificats - SWISS Academy for Training and Evolution\",\"isPartOf\":{\"@id\":\"https:\/\/swiss-academy.org\/fr\/#website\"},\"primaryImageOfPage\":{\"@id\":\"https:\/\/swiss-academy.org\/fr\/strategie-deducation-et-de-formation-2\/certificats\/#primaryimage\"},\"image\":{\"@id\":\"https:\/\/swiss-academy.org\/fr\/strategie-deducation-et-de-formation-2\/certificats\/#primaryimage\"},\"thumbnailUrl\":\"https:\/\/swiss-academy.org\/wp-content\/uploads\/2021\/02\/4.jpg\",\"datePublished\":\"2021-02-01T08:58:39+00:00\",\"dateModified\":\"2024-07-04T13:24:22+00:00\",\"breadcrumb\":{\"@id\":\"https:\/\/swiss-academy.org\/fr\/strategie-deducation-et-de-formation-2\/certificats\/#breadcrumb\"},\"inLanguage\":\"fr-FR\",\"potentialAction\":[{\"@type\":\"ReadAction\",\"target\":[\"https:\/\/swiss-academy.org\/fr\/strategie-deducation-et-de-formation-2\/certificats\/\"]}]},{\"@type\":\"ImageObject\",\"inLanguage\":\"fr-FR\",\"@id\":\"https:\/\/swiss-academy.org\/fr\/strategie-deducation-et-de-formation-2\/certificats\/#primaryimage\",\"url\":\"https:\/\/swiss-academy.org\/wp-content\/uploads\/2021\/02\/4.jpg\",\"contentUrl\":\"https:\/\/swiss-academy.org\/wp-content\/uploads\/2021\/02\/4.jpg\",\"width\":310,\"height\":207},{\"@type\":\"BreadcrumbList\",\"@id\":\"https:\/\/swiss-academy.org\/fr\/strategie-deducation-et-de-formation-2\/certificats\/#breadcrumb\",\"itemListElement\":[{\"@type\":\"ListItem\",\"position\":1,\"name\":\"Pedagogie et formation\",\"item\":\"https:\/\/swiss-academy.org\/fr\/strategie-deducation-et-de-formation-2\/\"},{\"@type\":\"ListItem\",\"position\":2,\"name\":\"Certificats\"}]},{\"@type\":\"WebSite\",\"@id\":\"https:\/\/swiss-academy.org\/fr\/#website\",\"url\":\"https:\/\/swiss-academy.org\/fr\/\",\"name\":\"SWISS Academy for Training and Evolution\",\"description\":\"\",\"publisher\":{\"@id\":\"https:\/\/swiss-academy.org\/fr\/#organization\"},\"potentialAction\":[{\"@type\":\"SearchAction\",\"target\":{\"@type\":\"EntryPoint\",\"urlTemplate\":\"https:\/\/swiss-academy.org\/fr\/?s={search_term_string}\"},\"query-input\":{\"@type\":\"PropertyValueSpecification\",\"valueRequired\":true,\"valueName\":\"search_term_string\"}}],\"inLanguage\":\"fr-FR\"},{\"@type\":\"Organization\",\"@id\":\"https:\/\/swiss-academy.org\/fr\/#organization\",\"name\":\"SWISS Academy for Training and Evolution\",\"url\":\"https:\/\/swiss-academy.org\/fr\/\",\"logo\":{\"@type\":\"ImageObject\",\"inLanguage\":\"fr-FR\",\"@id\":\"https:\/\/swiss-academy.org\/fr\/#\/schema\/logo\/image\/\",\"url\":\"https:\/\/swiss-academy.org\/wp-content\/uploads\/2021\/01\/logo-light.png\",\"contentUrl\":\"https:\/\/swiss-academy.org\/wp-content\/uploads\/2021\/01\/logo-light.png\",\"width\":270,\"height\":73,\"caption\":\"SWISS Academy for Training and Evolution\"},\"image\":{\"@id\":\"https:\/\/swiss-academy.org\/fr\/#\/schema\/logo\/image\/\"},\"sameAs\":[\"https:\/\/www.facebook.com\/SwissacademySATE\/\"]}]}<\/script>\n<!-- \/ Yoast SEO plugin. -->","yoast_head_json":{"title":"Certificats - SWISS Academy for Training and Evolution","robots":{"index":"index","follow":"follow","max-snippet":"max-snippet:-1","max-image-preview":"max-image-preview:large","max-video-preview":"max-video-preview:-1"},"canonical":"https:\/\/swiss-academy.org\/fr\/strategie-deducation-et-de-formation-2\/certificats\/","og_locale":"fr_FR","og_type":"article","og_title":"Certificats - SWISS Academy for Training and Evolution","og_description":"Une fois qu\u2019un participant a termin\u00e9 un programme, il \/ elle re\u00e7oit un certificat officiel en reconnaissance de son travail et de sa participation au programme.","og_url":"https:\/\/swiss-academy.org\/fr\/strategie-deducation-et-de-formation-2\/certificats\/","og_site_name":"SWISS Academy for Training and Evolution","article_publisher":"https:\/\/www.facebook.com\/SwissacademySATE\/","article_modified_time":"2024-07-04T13:24:22+00:00","og_image":[{"width":310,"height":207,"url":"https:\/\/swiss-academy.org\/wp-content\/uploads\/2021\/02\/4.jpg","type":"image\/jpeg"}],"twitter_card":"summary_large_image","twitter_misc":{"Dur\u00e9e de lecture estim\u00e9e":"1 minute"},"schema":{"@context":"https:\/\/schema.org","@graph":[{"@type":"WebPage","@id":"https:\/\/swiss-academy.org\/fr\/strategie-deducation-et-de-formation-2\/certificats\/","url":"https:\/\/swiss-academy.org\/fr\/strategie-deducation-et-de-formation-2\/certificats\/","name":"Certificats - SWISS Academy for Training and Evolution","isPartOf":{"@id":"https:\/\/swiss-academy.org\/fr\/#website"},"primaryImageOfPage":{"@id":"https:\/\/swiss-academy.org\/fr\/strategie-deducation-et-de-formation-2\/certificats\/#primaryimage"},"image":{"@id":"https:\/\/swiss-academy.org\/fr\/strategie-deducation-et-de-formation-2\/certificats\/#primaryimage"},"thumbnailUrl":"https:\/\/swiss-academy.org\/wp-content\/uploads\/2021\/02\/4.jpg","datePublished":"2021-02-01T08:58:39+00:00","dateModified":"2024-07-04T13:24:22+00:00","breadcrumb":{"@id":"https:\/\/swiss-academy.org\/fr\/strategie-deducation-et-de-formation-2\/certificats\/#breadcrumb"},"inLanguage":"fr-FR","potentialAction":[{"@type":"ReadAction","target":["https:\/\/swiss-academy.org\/fr\/strategie-deducation-et-de-formation-2\/certificats\/"]}]},{"@type":"ImageObject","inLanguage":"fr-FR","@id":"https:\/\/swiss-academy.org\/fr\/strategie-deducation-et-de-formation-2\/certificats\/#primaryimage","url":"https:\/\/swiss-academy.org\/wp-content\/uploads\/2021\/02\/4.jpg","contentUrl":"https:\/\/swiss-academy.org\/wp-content\/uploads\/2021\/02\/4.jpg","width":310,"height":207},{"@type":"BreadcrumbList","@id":"https:\/\/swiss-academy.org\/fr\/strategie-deducation-et-de-formation-2\/certificats\/#breadcrumb","itemListElement":[{"@type":"ListItem","position":1,"name":"Pedagogie et formation","item":"https:\/\/swiss-academy.org\/fr\/strategie-deducation-et-de-formation-2\/"},{"@type":"ListItem","position":2,"name":"Certificats"}]},{"@type":"WebSite","@id":"https:\/\/swiss-academy.org\/fr\/#website","url":"https:\/\/swiss-academy.org\/fr\/","name":"SWISS Academy for Training and Evolution","description":"","publisher":{"@id":"https:\/\/swiss-academy.org\/fr\/#organization"},"potentialAction":[{"@type":"SearchAction","target":{"@type":"EntryPoint","urlTemplate":"https:\/\/swiss-academy.org\/fr\/?s={search_term_string}"},"query-input":{"@type":"PropertyValueSpecification","valueRequired":true,"valueName":"search_term_string"}}],"inLanguage":"fr-FR"},{"@type":"Organization","@id":"https:\/\/swiss-academy.org\/fr\/#organization","name":"SWISS Academy for Training and Evolution","url":"https:\/\/swiss-academy.org\/fr\/","logo":{"@type":"ImageObject","inLanguage":"fr-FR","@id":"https:\/\/swiss-academy.org\/fr\/#\/schema\/logo\/image\/","url":"https:\/\/swiss-academy.org\/wp-content\/uploads\/2021\/01\/logo-light.png","contentUrl":"https:\/\/swiss-academy.org\/wp-content\/uploads\/2021\/01\/logo-light.png","width":270,"height":73,"caption":"SWISS Academy for Training and Evolution"},"image":{"@id":"https:\/\/swiss-academy.org\/fr\/#\/schema\/logo\/image\/"},"sameAs":["https:\/\/www.facebook.com\/SwissacademySATE\/"]}]}},"_links":{"self":[{"href":"https:\/\/swiss-academy.org\/fr\/wp-json\/wp\/v2\/pages\/1445","targetHints":{"allow":["GET"]}}],"collection":[{"href":"https:\/\/swiss-academy.org\/fr\/wp-json\/wp\/v2\/pages"}],"about":[{"href":"https:\/\/swiss-academy.org\/fr\/wp-json\/wp\/v2\/types\/page"}],"author":[{"embeddable":true,"href":"https:\/\/swiss-academy.org\/fr\/wp-json\/wp\/v2\/users\/1"}],"replies":[{"embeddable":true,"href":"https:\/\/swiss-academy.org\/fr\/wp-json\/wp\/v2\/comments?post=1445"}],"version-history":[{"count":6,"href":"https:\/\/swiss-academy.org\/fr\/wp-json\/wp\/v2\/pages\/1445\/revisions"}],"predecessor-version":[{"id":1803,"href":"https:\/\/swiss-academy.org\/fr\/wp-json\/wp\/v2\/pages\/1445\/revisions\/1803"}],"up":[{"embeddable":true,"href":"https:\/\/swiss-academy.org\/fr\/wp-json\/wp\/v2\/pages\/1473"}],"wp:featuredmedia":[{"embeddable":true,"href":"https:\/\/swiss-academy.org\/fr\/wp-json\/wp\/v2\/media\/936"}],"wp:attachment":[{"href":"https:\/\/swiss-academy.org\/fr\/wp-json\/wp\/v2\/media?parent=1445"}],"curies":[{"name":"wp","href":"https:\/\/api.w.org\/{rel}","templated":true}]}}