{"id":1457,"date":"2021-02-01T08:58:07","date_gmt":"2021-02-01T08:58:07","guid":{"rendered":"https:\/\/swiss-academy.org\/la-phase-pendant-la-formation\/"},"modified":"2022-12-27T13:53:24","modified_gmt":"2022-12-27T13:53:24","slug":"la-phase-pendant-la-formation","status":"publish","type":"page","link":"https:\/\/swiss-academy.org\/fr\/strategie-deducation-et-de-formation-2\/la-phase-pendant-la-formation\/","title":{"rendered":"La phase pendant la formation"},"content":{"rendered":"<div class=\"wpb-content-wrapper\"><p>[vc_row el_class=\u00a0\u00bbstyle-6&Prime;][vc_column width=\u00a0\u00bb1\/2&Prime;][vc_column_text]<\/p>\n<h6>Une exp\u00e9rience d\u2019apprentissage m\u00e9morable<\/h6>\n<p>\u00c0 ce niveau de la strat\u00e9gie de formation et d\u2019apprentissage de l\u2019\u00c9tat, l\u2019\u00e9quipe op\u00e9rationnelle de l\u2019\u00c9tat veille \u00e0 ce que les cours, y compris les cours d\u2019apprentissage en ligne, communiquent efficacement le sens et cr\u00e9ent une exp\u00e9rience d\u2019apprentissage m\u00e9morable.<\/p>\n<p>L\u2019\u00e9tablissement des attentes est essentiel pour d\u00e9finir les objectifs d\u2019apprentissage. Le transfert de l\u2019apprentissage se fait plus efficacement lorsque les apprenants savent quels comportements ils sont cens\u00e9s adopter apr\u00e8s avoir suivi la formation.<\/p>\n<p>Dans l\u2019environnement de travail tr\u00e9pidant d\u2019aujourd\u2019hui, les apprenants adultes manquent de temps; C\u2019est pourquoi ils appr\u00e9cient un parcours qui va droit au but.<\/p>\n<p>SATE a \u00e9tabli des r\u00e8gles qui exigent que tous les formateurs donnent la priorit\u00e9 \u00e0 la division du contenu des cours pour s\u2019assurer que les cours sont sans encombrement et pertinents en se concentrant sur le contenu \u00ab&nbsp;incontournable&nbsp;\u00bb et en \u00e9liminant tout ce qui ne r\u00e9pond pas directement aux objectifs d\u2019apprentissage, sans ignorer les informations \u00ab&nbsp;agr\u00e9ables \u00e0 savoir&nbsp;\u00bb.[\/vc_column_text][\/vc_column][vc_column width=\u00a0\u00bb1\/2&Prime;][vc_single_image image=\u00a0\u00bb752&Prime; img_size=\u00a0\u00bbfull\u00a0\u00bb][\/vc_column][\/vc_row][vc_row el_class=\u00a0\u00bbstyle-6&Prime;][vc_column][vc_column_text]<\/p>\n<h6>M\u00e9thodes d\u2019apprentissage compar\u00e9es<\/h6>\n<p>Comme l\u2019apprentissage est mieux r\u00e9alis\u00e9 par les associations. SATE assure l\u2019application d\u2019outils p\u00e9dagogiques dans ses cours soigneusement con\u00e7us pour \u00e9tablir des similitudes entre deux objets ou id\u00e9es dissemblables, tout en veillant \u00e0 ce que les diff\u00e9rences entre les objets compar\u00e9s soient soulign\u00e9es.<br \/>\nLes analogies et les m\u00e9taphores sont utilis\u00e9es dans les cours SATE comme des outils efficaces pour aider les participants \u00e0 tirer parti de leurs connaissances ou de leur exp\u00e9rience ant\u00e9rieures afin de comprendre, de d\u00e9couvrir des similitudes et de donner un sens \u00e0 de nouveaux concepts.[\/vc_column_text][\/vc_column][\/vc_row][vc_row el_class=\u00a0\u00bbstyle-6&Prime;][vc_column][vc_column_text]<\/p>\n<h6>Aligner le contenu sur les r\u00f4les et responsabilit\u00e9s r\u00e9els<\/h6>\n<p>Les apprenants adultes ne sont motiv\u00e9s \u00e0 appliquer les connaissances nouvellement acquises que s\u2019ils sont convaincus que cela les aidera \u00e0 relever les d\u00e9fis de la vie r\u00e9elle. Pour cette raison, SATE a veill\u00e9 \u00e0 int\u00e9grer des sc\u00e9narios r\u00e9alistes dans ses cours con\u00e7us pour simuler les probl\u00e8mes rencontr\u00e9s par les participants sur le lieu de travail. Les cours SATE int\u00e8grent \u00e9galement des exercices pratiques similaires \u00e0 ce que les participants devront effectuer sur le lieu de travail. Sans oublier \u00e9galement d\u2019inclure quelques exemples de la vie r\u00e9elle pour donner aux participants la chance d\u2019apprendre, dans un environnement s\u00fbr.[\/vc_column_text][\/vc_column][\/vc_row][vc_row el_class=\u00a0\u00bbstyle-6&Prime;][vc_column][vc_column_text]<\/p>\n<h6>Plans d\u2019action pour conserver et am\u00e9liorer la motivation<\/h6>\n<p>L\u2019\u00e9quipe d\u2019\u00e9ducateurs et de formateurs SATE travaille avec les apprenants pour pr\u00e9parer des plans d\u2019action afin de les guider lorsqu\u2019ils retourneront au travail. Ces plans d\u2019action \u00e9noncent les lignes directrices qui aideront les participants \u00e0 appliquer ce qu\u2019ils ont appris au cours de la formation.[\/vc_column_text][\/vc_column][\/vc_row][vc_column][\/vc_column]<\/p>\n<\/div>","protected":false},"excerpt":{"rendered":"<p>Le transfert de l\u2019apprentissage se fait plus efficacement lorsque les apprenants savent quels comportements ils sont cens\u00e9s adopter apr\u00e8s avoir suivi la formation.<\/p>\n","protected":false},"author":1,"featured_media":927,"parent":1473,"menu_order":3,"comment_status":"closed","ping_status":"closed","template":"","meta":{"footnotes":""},"class_list":["post-1457","page","type-page","status-publish","has-post-thumbnail","hentry"],"yoast_head":"<!-- This site is optimized with the Yoast SEO plugin v26.3 - https:\/\/yoast.com\/wordpress\/plugins\/seo\/ -->\n<title>La phase pendant la formation - SWISS Academy for Training and Evolution<\/title>\n<meta name=\"robots\" content=\"index, follow, max-snippet:-1, max-image-preview:large, max-video-preview:-1\" \/>\n<link rel=\"canonical\" href=\"https:\/\/swiss-academy.org\/fr\/strategie-deducation-et-de-formation-2\/la-phase-pendant-la-formation\/\" \/>\n<meta property=\"og:locale\" content=\"fr_FR\" \/>\n<meta property=\"og:type\" content=\"article\" \/>\n<meta property=\"og:title\" content=\"La phase pendant la formation - SWISS Academy for Training and Evolution\" \/>\n<meta property=\"og:description\" content=\"Le transfert de l\u2019apprentissage se fait plus efficacement lorsque les apprenants savent quels comportements ils sont cens\u00e9s adopter apr\u00e8s avoir suivi la formation.\" \/>\n<meta property=\"og:url\" content=\"https:\/\/swiss-academy.org\/fr\/strategie-deducation-et-de-formation-2\/la-phase-pendant-la-formation\/\" \/>\n<meta property=\"og:site_name\" content=\"SWISS Academy for Training and Evolution\" \/>\n<meta property=\"article:publisher\" content=\"https:\/\/www.facebook.com\/SwissacademySATE\/\" \/>\n<meta property=\"article:modified_time\" content=\"2022-12-27T13:53:24+00:00\" \/>\n<meta property=\"og:image\" content=\"https:\/\/swiss-academy.org\/wp-content\/uploads\/2021\/02\/2.jpg\" \/>\n\t<meta property=\"og:image:width\" content=\"310\" \/>\n\t<meta property=\"og:image:height\" content=\"207\" \/>\n\t<meta property=\"og:image:type\" content=\"image\/jpeg\" \/>\n<meta name=\"twitter:card\" content=\"summary_large_image\" \/>\n<meta name=\"twitter:label1\" content=\"Dur\u00e9e de lecture estim\u00e9e\" \/>\n\t<meta name=\"twitter:data1\" content=\"3 minutes\" \/>\n<script type=\"application\/ld+json\" class=\"yoast-schema-graph\">{\"@context\":\"https:\/\/schema.org\",\"@graph\":[{\"@type\":\"WebPage\",\"@id\":\"https:\/\/swiss-academy.org\/fr\/strategie-deducation-et-de-formation-2\/la-phase-pendant-la-formation\/\",\"url\":\"https:\/\/swiss-academy.org\/fr\/strategie-deducation-et-de-formation-2\/la-phase-pendant-la-formation\/\",\"name\":\"La phase pendant la formation - SWISS Academy for Training and Evolution\",\"isPartOf\":{\"@id\":\"https:\/\/swiss-academy.org\/fr\/#website\"},\"primaryImageOfPage\":{\"@id\":\"https:\/\/swiss-academy.org\/fr\/strategie-deducation-et-de-formation-2\/la-phase-pendant-la-formation\/#primaryimage\"},\"image\":{\"@id\":\"https:\/\/swiss-academy.org\/fr\/strategie-deducation-et-de-formation-2\/la-phase-pendant-la-formation\/#primaryimage\"},\"thumbnailUrl\":\"https:\/\/swiss-academy.org\/wp-content\/uploads\/2021\/02\/2.jpg\",\"datePublished\":\"2021-02-01T08:58:07+00:00\",\"dateModified\":\"2022-12-27T13:53:24+00:00\",\"breadcrumb\":{\"@id\":\"https:\/\/swiss-academy.org\/fr\/strategie-deducation-et-de-formation-2\/la-phase-pendant-la-formation\/#breadcrumb\"},\"inLanguage\":\"fr-FR\",\"potentialAction\":[{\"@type\":\"ReadAction\",\"target\":[\"https:\/\/swiss-academy.org\/fr\/strategie-deducation-et-de-formation-2\/la-phase-pendant-la-formation\/\"]}]},{\"@type\":\"ImageObject\",\"inLanguage\":\"fr-FR\",\"@id\":\"https:\/\/swiss-academy.org\/fr\/strategie-deducation-et-de-formation-2\/la-phase-pendant-la-formation\/#primaryimage\",\"url\":\"https:\/\/swiss-academy.org\/wp-content\/uploads\/2021\/02\/2.jpg\",\"contentUrl\":\"https:\/\/swiss-academy.org\/wp-content\/uploads\/2021\/02\/2.jpg\",\"width\":310,\"height\":207},{\"@type\":\"BreadcrumbList\",\"@id\":\"https:\/\/swiss-academy.org\/fr\/strategie-deducation-et-de-formation-2\/la-phase-pendant-la-formation\/#breadcrumb\",\"itemListElement\":[{\"@type\":\"ListItem\",\"position\":1,\"name\":\"Pedagogie et formation\",\"item\":\"https:\/\/swiss-academy.org\/fr\/strategie-deducation-et-de-formation-2\/\"},{\"@type\":\"ListItem\",\"position\":2,\"name\":\"La phase pendant la formation\"}]},{\"@type\":\"WebSite\",\"@id\":\"https:\/\/swiss-academy.org\/fr\/#website\",\"url\":\"https:\/\/swiss-academy.org\/fr\/\",\"name\":\"SWISS Academy for Training and Evolution\",\"description\":\"\",\"publisher\":{\"@id\":\"https:\/\/swiss-academy.org\/fr\/#organization\"},\"potentialAction\":[{\"@type\":\"SearchAction\",\"target\":{\"@type\":\"EntryPoint\",\"urlTemplate\":\"https:\/\/swiss-academy.org\/fr\/?s={search_term_string}\"},\"query-input\":{\"@type\":\"PropertyValueSpecification\",\"valueRequired\":true,\"valueName\":\"search_term_string\"}}],\"inLanguage\":\"fr-FR\"},{\"@type\":\"Organization\",\"@id\":\"https:\/\/swiss-academy.org\/fr\/#organization\",\"name\":\"SWISS Academy for Training and Evolution\",\"url\":\"https:\/\/swiss-academy.org\/fr\/\",\"logo\":{\"@type\":\"ImageObject\",\"inLanguage\":\"fr-FR\",\"@id\":\"https:\/\/swiss-academy.org\/fr\/#\/schema\/logo\/image\/\",\"url\":\"https:\/\/swiss-academy.org\/wp-content\/uploads\/2021\/01\/logo-light.png\",\"contentUrl\":\"https:\/\/swiss-academy.org\/wp-content\/uploads\/2021\/01\/logo-light.png\",\"width\":270,\"height\":73,\"caption\":\"SWISS Academy for Training and Evolution\"},\"image\":{\"@id\":\"https:\/\/swiss-academy.org\/fr\/#\/schema\/logo\/image\/\"},\"sameAs\":[\"https:\/\/www.facebook.com\/SwissacademySATE\/\"]}]}<\/script>\n<!-- \/ Yoast SEO plugin. -->","yoast_head_json":{"title":"La phase pendant la formation - SWISS Academy for Training and Evolution","robots":{"index":"index","follow":"follow","max-snippet":"max-snippet:-1","max-image-preview":"max-image-preview:large","max-video-preview":"max-video-preview:-1"},"canonical":"https:\/\/swiss-academy.org\/fr\/strategie-deducation-et-de-formation-2\/la-phase-pendant-la-formation\/","og_locale":"fr_FR","og_type":"article","og_title":"La phase pendant la formation - SWISS Academy for Training and Evolution","og_description":"Le transfert de l\u2019apprentissage se fait plus efficacement lorsque les apprenants savent quels comportements ils sont cens\u00e9s adopter apr\u00e8s avoir suivi la formation.","og_url":"https:\/\/swiss-academy.org\/fr\/strategie-deducation-et-de-formation-2\/la-phase-pendant-la-formation\/","og_site_name":"SWISS Academy for Training and Evolution","article_publisher":"https:\/\/www.facebook.com\/SwissacademySATE\/","article_modified_time":"2022-12-27T13:53:24+00:00","og_image":[{"width":310,"height":207,"url":"https:\/\/swiss-academy.org\/wp-content\/uploads\/2021\/02\/2.jpg","type":"image\/jpeg"}],"twitter_card":"summary_large_image","twitter_misc":{"Dur\u00e9e de lecture estim\u00e9e":"3 minutes"},"schema":{"@context":"https:\/\/schema.org","@graph":[{"@type":"WebPage","@id":"https:\/\/swiss-academy.org\/fr\/strategie-deducation-et-de-formation-2\/la-phase-pendant-la-formation\/","url":"https:\/\/swiss-academy.org\/fr\/strategie-deducation-et-de-formation-2\/la-phase-pendant-la-formation\/","name":"La phase pendant la formation - SWISS Academy for Training and Evolution","isPartOf":{"@id":"https:\/\/swiss-academy.org\/fr\/#website"},"primaryImageOfPage":{"@id":"https:\/\/swiss-academy.org\/fr\/strategie-deducation-et-de-formation-2\/la-phase-pendant-la-formation\/#primaryimage"},"image":{"@id":"https:\/\/swiss-academy.org\/fr\/strategie-deducation-et-de-formation-2\/la-phase-pendant-la-formation\/#primaryimage"},"thumbnailUrl":"https:\/\/swiss-academy.org\/wp-content\/uploads\/2021\/02\/2.jpg","datePublished":"2021-02-01T08:58:07+00:00","dateModified":"2022-12-27T13:53:24+00:00","breadcrumb":{"@id":"https:\/\/swiss-academy.org\/fr\/strategie-deducation-et-de-formation-2\/la-phase-pendant-la-formation\/#breadcrumb"},"inLanguage":"fr-FR","potentialAction":[{"@type":"ReadAction","target":["https:\/\/swiss-academy.org\/fr\/strategie-deducation-et-de-formation-2\/la-phase-pendant-la-formation\/"]}]},{"@type":"ImageObject","inLanguage":"fr-FR","@id":"https:\/\/swiss-academy.org\/fr\/strategie-deducation-et-de-formation-2\/la-phase-pendant-la-formation\/#primaryimage","url":"https:\/\/swiss-academy.org\/wp-content\/uploads\/2021\/02\/2.jpg","contentUrl":"https:\/\/swiss-academy.org\/wp-content\/uploads\/2021\/02\/2.jpg","width":310,"height":207},{"@type":"BreadcrumbList","@id":"https:\/\/swiss-academy.org\/fr\/strategie-deducation-et-de-formation-2\/la-phase-pendant-la-formation\/#breadcrumb","itemListElement":[{"@type":"ListItem","position":1,"name":"Pedagogie et formation","item":"https:\/\/swiss-academy.org\/fr\/strategie-deducation-et-de-formation-2\/"},{"@type":"ListItem","position":2,"name":"La phase pendant la formation"}]},{"@type":"WebSite","@id":"https:\/\/swiss-academy.org\/fr\/#website","url":"https:\/\/swiss-academy.org\/fr\/","name":"SWISS Academy for Training and Evolution","description":"","publisher":{"@id":"https:\/\/swiss-academy.org\/fr\/#organization"},"potentialAction":[{"@type":"SearchAction","target":{"@type":"EntryPoint","urlTemplate":"https:\/\/swiss-academy.org\/fr\/?s={search_term_string}"},"query-input":{"@type":"PropertyValueSpecification","valueRequired":true,"valueName":"search_term_string"}}],"inLanguage":"fr-FR"},{"@type":"Organization","@id":"https:\/\/swiss-academy.org\/fr\/#organization","name":"SWISS Academy for Training and Evolution","url":"https:\/\/swiss-academy.org\/fr\/","logo":{"@type":"ImageObject","inLanguage":"fr-FR","@id":"https:\/\/swiss-academy.org\/fr\/#\/schema\/logo\/image\/","url":"https:\/\/swiss-academy.org\/wp-content\/uploads\/2021\/01\/logo-light.png","contentUrl":"https:\/\/swiss-academy.org\/wp-content\/uploads\/2021\/01\/logo-light.png","width":270,"height":73,"caption":"SWISS Academy for Training and Evolution"},"image":{"@id":"https:\/\/swiss-academy.org\/fr\/#\/schema\/logo\/image\/"},"sameAs":["https:\/\/www.facebook.com\/SwissacademySATE\/"]}]}},"_links":{"self":[{"href":"https:\/\/swiss-academy.org\/fr\/wp-json\/wp\/v2\/pages\/1457","targetHints":{"allow":["GET"]}}],"collection":[{"href":"https:\/\/swiss-academy.org\/fr\/wp-json\/wp\/v2\/pages"}],"about":[{"href":"https:\/\/swiss-academy.org\/fr\/wp-json\/wp\/v2\/types\/page"}],"author":[{"embeddable":true,"href":"https:\/\/swiss-academy.org\/fr\/wp-json\/wp\/v2\/users\/1"}],"replies":[{"embeddable":true,"href":"https:\/\/swiss-academy.org\/fr\/wp-json\/wp\/v2\/comments?post=1457"}],"version-history":[{"count":2,"href":"https:\/\/swiss-academy.org\/fr\/wp-json\/wp\/v2\/pages\/1457\/revisions"}],"predecessor-version":[{"id":1459,"href":"https:\/\/swiss-academy.org\/fr\/wp-json\/wp\/v2\/pages\/1457\/revisions\/1459"}],"up":[{"embeddable":true,"href":"https:\/\/swiss-academy.org\/fr\/wp-json\/wp\/v2\/pages\/1473"}],"wp:featuredmedia":[{"embeddable":true,"href":"https:\/\/swiss-academy.org\/fr\/wp-json\/wp\/v2\/media\/927"}],"wp:attachment":[{"href":"https:\/\/swiss-academy.org\/fr\/wp-json\/wp\/v2\/media?parent=1457"}],"curies":[{"name":"wp","href":"https:\/\/api.w.org\/{rel}","templated":true}]}}