{"id":1463,"date":"2021-02-01T08:57:48","date_gmt":"2021-02-01T08:57:48","guid":{"rendered":"https:\/\/swiss-academy.org\/la-phase-avant-la-formation\/"},"modified":"2025-05-09T14:34:04","modified_gmt":"2025-05-09T14:34:04","slug":"la-phase-avant-la-formation","status":"publish","type":"page","link":"https:\/\/swiss-academy.org\/fr\/strategie-deducation-et-de-formation-2\/la-phase-avant-la-formation\/","title":{"rendered":"La phase avant la formation"},"content":{"rendered":"<div class=\"wpb-content-wrapper\"><p>[vc_row el_class=\u00a0\u00bbstyle-6&Prime;][vc_column width=\u00a0\u00bb1\/2&Prime;][vc_column_text]<\/p>\n<h6>\u00c9valuation des participants<\/h6>\n<p>L\u2019\u00e9quipe SATE de formateurs, d\u2019\u00e9ducateurs et de partenaires est tenue d\u2019effectuer une analyse pour un segment cible de participants potentiels tout en tenant compte de l\u2019emplacement g\u00e9ographique et de l\u2019environnement de travail d\u2019accueil. Une telle \u00e9tape est cruciale pour \u00e9valuer les comp\u00e9tences et les connaissances dont les participants potentiels ont besoin pour exceller dans leurs responsabilit\u00e9s professionnelles et pour identifier les lacunes dans leurs connaissances et leurs ensembles de comp\u00e9tences existants.<\/p>\n<p>L\u2019une des m\u00e9thodes que SATE applique pour atteindre ces objectifs consiste \u00e0 diffuser des formulaires d\u2019auto-\u00e9valuation et d\u2019enqu\u00eate pour identifier les comp\u00e9tences que les participants potentiels poss\u00e8dent actuellement, ainsi que les lacunes en mati\u00e8re de connaissances et de formation qu\u2019ils souhaitent combler.<\/p>\n<p>Les informations tir\u00e9es de l\u2019\u00e9valuation des besoins de formation sont utilis\u00e9es par l\u2019\u00e9quipe SATE pour concevoir des cours d\u2019apprentissage en face \u00e0 face, virtuels et en ligne avec un contenu pertinent qui aide les apprenants \u00e0 bien performer dans leur travail.[\/vc_column_text][\/vc_column][vc_column width=\u00a0\u00bb1\/2&Prime;][vc_single_image image=\u00a0\u00bb748&Prime; img_size=\u00a0\u00bbfull\u00a0\u00bb style=\u00a0\u00bbvc_box_shadow_3d\u00a0\u00bb][\/vc_column][\/vc_row][vc_row el_class=\u00a0\u00bbstyle-6&Prime;][vc_column][vc_column_text]<\/p>\n<h6>D\u00e9finition des attentes<\/h6>\n<p>L\u2019identification des objectifs de formation et d\u2019apprentissage est essentielle \u00e0 ce stade du plan de travail de l\u2019\u00c9tat. Cela permettrait \u00e0 SATE de s\u2019assurer que tous les membres de son \u00e9quipe travaillent vers un objectif commun et concentrent leurs efforts pour atteindre les objectifs les plus \u00e9lev\u00e9s. Cela aiderait \u00e9galement \u00e0 d\u00e9finir les attentes du public; o\u00f9 les participants savent en quoi portera la formation et \u00e0 quels r\u00e9sultats d\u2019apprentissage ils peuvent s\u2019attendre.[\/vc_column_text][\/vc_column][\/vc_row][vc_row el_class=\u00a0\u00bbstyle-6&Prime;][vc_column][vc_column_text]<\/p>\n<h6>Aligner les objectifs de l\u2019\u00c9tat sur les r\u00e9sultats d\u2019apprentissage<\/h6>\n<p>\u00c0 ce stade de la strat\u00e9gie d\u2019apprentissage de l\u2019\u00c9tat, l\u2019\u00e9quipe de direction travaille \u00e0 aligner les r\u00e9sultats d\u2019apprentissage sur les objectifs de l\u2019\u00c9tat afin d\u2019\u00e9tablir une association claire entre les objectifs de l\u2019\u00c9tat et les comp\u00e9tences que les apprenants apprendront et d\u00e9velopperont au moment o\u00f9 ils termineront le cours. Cela exige \u00e9galement que SATE facilite le processus d\u2019apprentissage pour les membres de son \u00e9quipe et cr\u00e9e des opportunit\u00e9s pour eux d\u2019appliquer les connaissances.[\/vc_column_text][\/vc_column][\/vc_row][vc_column][\/vc_column]<\/p>\n<\/div>","protected":false},"excerpt":{"rendered":"<p>L\u2019identification des objectifs de formation et d\u2019apprentissage est essentielle \u00e0 ce stade du travail de SATE, car cela permettrait \u00e0 SATE de s\u2019assurer que tous les membres de son \u00e9quipe travaillent vers un objectif commun et concentrent leurs efforts pour atteindre les objectifs les plus \u00e9lev\u00e9s.<\/p>\n","protected":false},"author":1,"featured_media":930,"parent":1473,"menu_order":2,"comment_status":"closed","ping_status":"closed","template":"","meta":{"footnotes":""},"class_list":["post-1463","page","type-page","status-publish","has-post-thumbnail","hentry"],"yoast_head":"<!-- This site is optimized with the Yoast SEO plugin v26.3 - https:\/\/yoast.com\/wordpress\/plugins\/seo\/ -->\n<title>La phase avant la formation - SWISS Academy for Training and Evolution<\/title>\n<meta name=\"robots\" content=\"index, follow, max-snippet:-1, max-image-preview:large, max-video-preview:-1\" \/>\n<link rel=\"canonical\" href=\"https:\/\/swiss-academy.org\/fr\/strategie-deducation-et-de-formation-2\/la-phase-avant-la-formation\/\" \/>\n<meta property=\"og:locale\" content=\"fr_FR\" \/>\n<meta property=\"og:type\" content=\"article\" \/>\n<meta property=\"og:title\" content=\"La phase avant la formation - SWISS Academy for Training and Evolution\" \/>\n<meta property=\"og:description\" content=\"L\u2019identification des objectifs de formation et d\u2019apprentissage est essentielle \u00e0 ce stade du travail de SATE, car cela permettrait \u00e0 SATE de s\u2019assurer que tous les membres de son \u00e9quipe travaillent vers un objectif commun et concentrent leurs efforts pour atteindre les objectifs les plus \u00e9lev\u00e9s.\" \/>\n<meta property=\"og:url\" content=\"https:\/\/swiss-academy.org\/fr\/strategie-deducation-et-de-formation-2\/la-phase-avant-la-formation\/\" \/>\n<meta property=\"og:site_name\" content=\"SWISS Academy for Training and Evolution\" \/>\n<meta property=\"article:publisher\" content=\"https:\/\/www.facebook.com\/SwissacademySATE\/\" \/>\n<meta property=\"article:modified_time\" content=\"2025-05-09T14:34:04+00:00\" \/>\n<meta property=\"og:image\" content=\"https:\/\/swiss-academy.org\/wp-content\/uploads\/2021\/02\/1-1.jpg\" \/>\n\t<meta property=\"og:image:width\" content=\"310\" \/>\n\t<meta property=\"og:image:height\" content=\"207\" \/>\n\t<meta property=\"og:image:type\" content=\"image\/jpeg\" \/>\n<meta name=\"twitter:card\" content=\"summary_large_image\" \/>\n<meta name=\"twitter:label1\" content=\"Dur\u00e9e de lecture estim\u00e9e\" \/>\n\t<meta name=\"twitter:data1\" content=\"2 minutes\" \/>\n<script type=\"application\/ld+json\" class=\"yoast-schema-graph\">{\"@context\":\"https:\/\/schema.org\",\"@graph\":[{\"@type\":\"WebPage\",\"@id\":\"https:\/\/swiss-academy.org\/fr\/strategie-deducation-et-de-formation-2\/la-phase-avant-la-formation\/\",\"url\":\"https:\/\/swiss-academy.org\/fr\/strategie-deducation-et-de-formation-2\/la-phase-avant-la-formation\/\",\"name\":\"La phase avant la formation - SWISS Academy for Training and Evolution\",\"isPartOf\":{\"@id\":\"https:\/\/swiss-academy.org\/fr\/#website\"},\"primaryImageOfPage\":{\"@id\":\"https:\/\/swiss-academy.org\/fr\/strategie-deducation-et-de-formation-2\/la-phase-avant-la-formation\/#primaryimage\"},\"image\":{\"@id\":\"https:\/\/swiss-academy.org\/fr\/strategie-deducation-et-de-formation-2\/la-phase-avant-la-formation\/#primaryimage\"},\"thumbnailUrl\":\"https:\/\/swiss-academy.org\/wp-content\/uploads\/2021\/02\/1-1.jpg\",\"datePublished\":\"2021-02-01T08:57:48+00:00\",\"dateModified\":\"2025-05-09T14:34:04+00:00\",\"breadcrumb\":{\"@id\":\"https:\/\/swiss-academy.org\/fr\/strategie-deducation-et-de-formation-2\/la-phase-avant-la-formation\/#breadcrumb\"},\"inLanguage\":\"fr-FR\",\"potentialAction\":[{\"@type\":\"ReadAction\",\"target\":[\"https:\/\/swiss-academy.org\/fr\/strategie-deducation-et-de-formation-2\/la-phase-avant-la-formation\/\"]}]},{\"@type\":\"ImageObject\",\"inLanguage\":\"fr-FR\",\"@id\":\"https:\/\/swiss-academy.org\/fr\/strategie-deducation-et-de-formation-2\/la-phase-avant-la-formation\/#primaryimage\",\"url\":\"https:\/\/swiss-academy.org\/wp-content\/uploads\/2021\/02\/1-1.jpg\",\"contentUrl\":\"https:\/\/swiss-academy.org\/wp-content\/uploads\/2021\/02\/1-1.jpg\",\"width\":310,\"height\":207},{\"@type\":\"BreadcrumbList\",\"@id\":\"https:\/\/swiss-academy.org\/fr\/strategie-deducation-et-de-formation-2\/la-phase-avant-la-formation\/#breadcrumb\",\"itemListElement\":[{\"@type\":\"ListItem\",\"position\":1,\"name\":\"Pedagogie et formation\",\"item\":\"https:\/\/swiss-academy.org\/fr\/strategie-deducation-et-de-formation-2\/\"},{\"@type\":\"ListItem\",\"position\":2,\"name\":\"La phase avant la formation\"}]},{\"@type\":\"WebSite\",\"@id\":\"https:\/\/swiss-academy.org\/fr\/#website\",\"url\":\"https:\/\/swiss-academy.org\/fr\/\",\"name\":\"SWISS Academy for Training and Evolution\",\"description\":\"\",\"publisher\":{\"@id\":\"https:\/\/swiss-academy.org\/fr\/#organization\"},\"potentialAction\":[{\"@type\":\"SearchAction\",\"target\":{\"@type\":\"EntryPoint\",\"urlTemplate\":\"https:\/\/swiss-academy.org\/fr\/?s={search_term_string}\"},\"query-input\":{\"@type\":\"PropertyValueSpecification\",\"valueRequired\":true,\"valueName\":\"search_term_string\"}}],\"inLanguage\":\"fr-FR\"},{\"@type\":\"Organization\",\"@id\":\"https:\/\/swiss-academy.org\/fr\/#organization\",\"name\":\"SWISS Academy for Training and Evolution\",\"url\":\"https:\/\/swiss-academy.org\/fr\/\",\"logo\":{\"@type\":\"ImageObject\",\"inLanguage\":\"fr-FR\",\"@id\":\"https:\/\/swiss-academy.org\/fr\/#\/schema\/logo\/image\/\",\"url\":\"https:\/\/swiss-academy.org\/wp-content\/uploads\/2021\/01\/logo-light.png\",\"contentUrl\":\"https:\/\/swiss-academy.org\/wp-content\/uploads\/2021\/01\/logo-light.png\",\"width\":270,\"height\":73,\"caption\":\"SWISS Academy for Training and Evolution\"},\"image\":{\"@id\":\"https:\/\/swiss-academy.org\/fr\/#\/schema\/logo\/image\/\"},\"sameAs\":[\"https:\/\/www.facebook.com\/SwissacademySATE\/\"]}]}<\/script>\n<!-- \/ Yoast SEO plugin. -->","yoast_head_json":{"title":"La phase avant la formation - SWISS Academy for Training and Evolution","robots":{"index":"index","follow":"follow","max-snippet":"max-snippet:-1","max-image-preview":"max-image-preview:large","max-video-preview":"max-video-preview:-1"},"canonical":"https:\/\/swiss-academy.org\/fr\/strategie-deducation-et-de-formation-2\/la-phase-avant-la-formation\/","og_locale":"fr_FR","og_type":"article","og_title":"La phase avant la formation - SWISS Academy for Training and Evolution","og_description":"L\u2019identification des objectifs de formation et d\u2019apprentissage est essentielle \u00e0 ce stade du travail de SATE, car cela permettrait \u00e0 SATE de s\u2019assurer que tous les membres de son \u00e9quipe travaillent vers un objectif commun et concentrent leurs efforts pour atteindre les objectifs les plus \u00e9lev\u00e9s.","og_url":"https:\/\/swiss-academy.org\/fr\/strategie-deducation-et-de-formation-2\/la-phase-avant-la-formation\/","og_site_name":"SWISS Academy for Training and Evolution","article_publisher":"https:\/\/www.facebook.com\/SwissacademySATE\/","article_modified_time":"2025-05-09T14:34:04+00:00","og_image":[{"width":310,"height":207,"url":"https:\/\/swiss-academy.org\/wp-content\/uploads\/2021\/02\/1-1.jpg","type":"image\/jpeg"}],"twitter_card":"summary_large_image","twitter_misc":{"Dur\u00e9e de lecture estim\u00e9e":"2 minutes"},"schema":{"@context":"https:\/\/schema.org","@graph":[{"@type":"WebPage","@id":"https:\/\/swiss-academy.org\/fr\/strategie-deducation-et-de-formation-2\/la-phase-avant-la-formation\/","url":"https:\/\/swiss-academy.org\/fr\/strategie-deducation-et-de-formation-2\/la-phase-avant-la-formation\/","name":"La phase avant la formation - SWISS Academy for Training and Evolution","isPartOf":{"@id":"https:\/\/swiss-academy.org\/fr\/#website"},"primaryImageOfPage":{"@id":"https:\/\/swiss-academy.org\/fr\/strategie-deducation-et-de-formation-2\/la-phase-avant-la-formation\/#primaryimage"},"image":{"@id":"https:\/\/swiss-academy.org\/fr\/strategie-deducation-et-de-formation-2\/la-phase-avant-la-formation\/#primaryimage"},"thumbnailUrl":"https:\/\/swiss-academy.org\/wp-content\/uploads\/2021\/02\/1-1.jpg","datePublished":"2021-02-01T08:57:48+00:00","dateModified":"2025-05-09T14:34:04+00:00","breadcrumb":{"@id":"https:\/\/swiss-academy.org\/fr\/strategie-deducation-et-de-formation-2\/la-phase-avant-la-formation\/#breadcrumb"},"inLanguage":"fr-FR","potentialAction":[{"@type":"ReadAction","target":["https:\/\/swiss-academy.org\/fr\/strategie-deducation-et-de-formation-2\/la-phase-avant-la-formation\/"]}]},{"@type":"ImageObject","inLanguage":"fr-FR","@id":"https:\/\/swiss-academy.org\/fr\/strategie-deducation-et-de-formation-2\/la-phase-avant-la-formation\/#primaryimage","url":"https:\/\/swiss-academy.org\/wp-content\/uploads\/2021\/02\/1-1.jpg","contentUrl":"https:\/\/swiss-academy.org\/wp-content\/uploads\/2021\/02\/1-1.jpg","width":310,"height":207},{"@type":"BreadcrumbList","@id":"https:\/\/swiss-academy.org\/fr\/strategie-deducation-et-de-formation-2\/la-phase-avant-la-formation\/#breadcrumb","itemListElement":[{"@type":"ListItem","position":1,"name":"Pedagogie et formation","item":"https:\/\/swiss-academy.org\/fr\/strategie-deducation-et-de-formation-2\/"},{"@type":"ListItem","position":2,"name":"La phase avant la formation"}]},{"@type":"WebSite","@id":"https:\/\/swiss-academy.org\/fr\/#website","url":"https:\/\/swiss-academy.org\/fr\/","name":"SWISS Academy for Training and Evolution","description":"","publisher":{"@id":"https:\/\/swiss-academy.org\/fr\/#organization"},"potentialAction":[{"@type":"SearchAction","target":{"@type":"EntryPoint","urlTemplate":"https:\/\/swiss-academy.org\/fr\/?s={search_term_string}"},"query-input":{"@type":"PropertyValueSpecification","valueRequired":true,"valueName":"search_term_string"}}],"inLanguage":"fr-FR"},{"@type":"Organization","@id":"https:\/\/swiss-academy.org\/fr\/#organization","name":"SWISS Academy for Training and Evolution","url":"https:\/\/swiss-academy.org\/fr\/","logo":{"@type":"ImageObject","inLanguage":"fr-FR","@id":"https:\/\/swiss-academy.org\/fr\/#\/schema\/logo\/image\/","url":"https:\/\/swiss-academy.org\/wp-content\/uploads\/2021\/01\/logo-light.png","contentUrl":"https:\/\/swiss-academy.org\/wp-content\/uploads\/2021\/01\/logo-light.png","width":270,"height":73,"caption":"SWISS Academy for Training and Evolution"},"image":{"@id":"https:\/\/swiss-academy.org\/fr\/#\/schema\/logo\/image\/"},"sameAs":["https:\/\/www.facebook.com\/SwissacademySATE\/"]}]}},"_links":{"self":[{"href":"https:\/\/swiss-academy.org\/fr\/wp-json\/wp\/v2\/pages\/1463","targetHints":{"allow":["GET"]}}],"collection":[{"href":"https:\/\/swiss-academy.org\/fr\/wp-json\/wp\/v2\/pages"}],"about":[{"href":"https:\/\/swiss-academy.org\/fr\/wp-json\/wp\/v2\/types\/page"}],"author":[{"embeddable":true,"href":"https:\/\/swiss-academy.org\/fr\/wp-json\/wp\/v2\/users\/1"}],"replies":[{"embeddable":true,"href":"https:\/\/swiss-academy.org\/fr\/wp-json\/wp\/v2\/comments?post=1463"}],"version-history":[{"count":5,"href":"https:\/\/swiss-academy.org\/fr\/wp-json\/wp\/v2\/pages\/1463\/revisions"}],"predecessor-version":[{"id":1942,"href":"https:\/\/swiss-academy.org\/fr\/wp-json\/wp\/v2\/pages\/1463\/revisions\/1942"}],"up":[{"embeddable":true,"href":"https:\/\/swiss-academy.org\/fr\/wp-json\/wp\/v2\/pages\/1473"}],"wp:featuredmedia":[{"embeddable":true,"href":"https:\/\/swiss-academy.org\/fr\/wp-json\/wp\/v2\/media\/930"}],"wp:attachment":[{"href":"https:\/\/swiss-academy.org\/fr\/wp-json\/wp\/v2\/media?parent=1463"}],"curies":[{"name":"wp","href":"https:\/\/api.w.org\/{rel}","templated":true}]}}