{"id":1473,"date":"2021-02-01T08:57:08","date_gmt":"2021-02-01T08:57:08","guid":{"rendered":"https:\/\/swiss-academy.org\/strategie-deducation-et-de-formation-2\/"},"modified":"2025-04-29T10:36:09","modified_gmt":"2025-04-29T10:36:09","slug":"strategie-deducation-et-de-formation-2","status":"publish","type":"page","link":"https:\/\/swiss-academy.org\/fr\/strategie-deducation-et-de-formation-2\/","title":{"rendered":"Pedagogie et formation"},"content":{"rendered":"<div class=\"wpb-content-wrapper\"><p>[vc_row][vc_column width=\u00a0\u00bb2\/3&Prime;][vc_column_text]Le transfert d\u2019apprentissage est un processus difficile et le niveau de perception et d\u2019application des connaissances diff\u00e8re les uns des autres, ce qui rend difficile de pr\u00e9dire comment chaque pr\u00e9cepteur r\u00e9agira \u00e0 un cours.<\/p>\n<p>L\u2019apprentissage ne doit pas commencer et s\u2019arr\u00eater avec la session de formation. Une entit\u00e9 de formation r\u00e9ussie doit prendre en charge toutes les \u00e9tapes du transfert d\u2019apprentissage: avant, pendant et apr\u00e8s la formation. C\u2019est pourquoi l\u2019\u00c9tat tient \u00e0 ce que ses cours de formation, ateliers et s\u00e9minaires soient soigneusement con\u00e7us avec une strat\u00e9gie bien d\u00e9finie qui les facilite en s\u2019appuyant sur certaines mesures pour d\u00e9terminer l\u2019efficacit\u00e9 du transfert des apprentissages.<\/p>\n<p>La strat\u00e9gie de formation de SATE est assur\u00e9e \u00e0 trois niveaux : avant, pendant et apr\u00e8s la formation<br \/>\n[\/vc_column_text][\/vc_column][vc_column width=\u00a0\u00bb1\/3&Prime;][vc_single_image image=\u00a0\u00bb248&Prime; img_size=\u00a0\u00bbfull\u00a0\u00bb][\/vc_column][\/vc_row]<\/p>\n<\/div>","protected":false},"excerpt":{"rendered":"<p>[vc_row][vc_column width=\u00a0\u00bb2\/3&Prime;][vc_column_text]Le transfert d\u2019apprentissage est un processus difficile et le niveau de perception et d\u2019application des connaissances diff\u00e8re les uns des autres, ce qui rend difficile de pr\u00e9dire comment chaque pr\u00e9cepteur r\u00e9agira \u00e0 un cours. L\u2019apprentissage ne doit pas commencer et s\u2019arr\u00eater avec la session de formation. Une entit\u00e9 de formation r\u00e9ussie doit prendre en [&hellip;]<\/p>\n","protected":false},"author":1,"featured_media":942,"parent":0,"menu_order":107,"comment_status":"closed","ping_status":"closed","template":"","meta":{"footnotes":""},"class_list":["post-1473","page","type-page","status-publish","has-post-thumbnail","hentry"],"yoast_head":"<!-- This site is optimized with the Yoast SEO plugin v26.3 - https:\/\/yoast.com\/wordpress\/plugins\/seo\/ -->\n<title>Pedagogie et formation - SWISS Academy for Training and Evolution<\/title>\n<meta name=\"robots\" content=\"index, follow, max-snippet:-1, max-image-preview:large, max-video-preview:-1\" \/>\n<link rel=\"canonical\" href=\"https:\/\/swiss-academy.org\/fr\/strategie-deducation-et-de-formation-2\/\" \/>\n<meta property=\"og:locale\" content=\"fr_FR\" \/>\n<meta property=\"og:type\" content=\"article\" \/>\n<meta property=\"og:title\" content=\"Pedagogie et formation - SWISS Academy for Training and Evolution\" \/>\n<meta property=\"og:description\" content=\"[vc_row][vc_column width=\u00a0\u00bb2\/3&Prime;][vc_column_text]Le transfert d\u2019apprentissage est un processus difficile et le niveau de perception et d\u2019application des connaissances diff\u00e8re les uns des autres, ce qui rend difficile de pr\u00e9dire comment chaque pr\u00e9cepteur r\u00e9agira \u00e0 un cours. L\u2019apprentissage ne doit pas commencer et s\u2019arr\u00eater avec la session de formation. Une entit\u00e9 de formation r\u00e9ussie doit prendre en [&hellip;]\" \/>\n<meta property=\"og:url\" content=\"https:\/\/swiss-academy.org\/fr\/strategie-deducation-et-de-formation-2\/\" \/>\n<meta property=\"og:site_name\" content=\"SWISS Academy for Training and Evolution\" \/>\n<meta property=\"article:publisher\" content=\"https:\/\/www.facebook.com\/SwissacademySATE\/\" \/>\n<meta property=\"article:modified_time\" content=\"2025-04-29T10:36:09+00:00\" \/>\n<meta property=\"og:image\" content=\"https:\/\/swiss-academy.org\/wp-content\/uploads\/2021\/02\/7.jpg\" \/>\n\t<meta property=\"og:image:width\" content=\"1920\" \/>\n\t<meta property=\"og:image:height\" content=\"960\" \/>\n\t<meta property=\"og:image:type\" content=\"image\/jpeg\" \/>\n<meta name=\"twitter:card\" content=\"summary_large_image\" \/>\n<meta name=\"twitter:label1\" content=\"Dur\u00e9e de lecture estim\u00e9e\" \/>\n\t<meta name=\"twitter:data1\" content=\"1 minute\" \/>\n<script type=\"application\/ld+json\" class=\"yoast-schema-graph\">{\"@context\":\"https:\/\/schema.org\",\"@graph\":[{\"@type\":\"WebPage\",\"@id\":\"https:\/\/swiss-academy.org\/fr\/strategie-deducation-et-de-formation-2\/\",\"url\":\"https:\/\/swiss-academy.org\/fr\/strategie-deducation-et-de-formation-2\/\",\"name\":\"Pedagogie et formation - SWISS Academy for Training and Evolution\",\"isPartOf\":{\"@id\":\"https:\/\/swiss-academy.org\/fr\/#website\"},\"primaryImageOfPage\":{\"@id\":\"https:\/\/swiss-academy.org\/fr\/strategie-deducation-et-de-formation-2\/#primaryimage\"},\"image\":{\"@id\":\"https:\/\/swiss-academy.org\/fr\/strategie-deducation-et-de-formation-2\/#primaryimage\"},\"thumbnailUrl\":\"https:\/\/swiss-academy.org\/wp-content\/uploads\/2021\/02\/7.jpg\",\"datePublished\":\"2021-02-01T08:57:08+00:00\",\"dateModified\":\"2025-04-29T10:36:09+00:00\",\"inLanguage\":\"fr-FR\",\"potentialAction\":[{\"@type\":\"ReadAction\",\"target\":[\"https:\/\/swiss-academy.org\/fr\/strategie-deducation-et-de-formation-2\/\"]}]},{\"@type\":\"ImageObject\",\"inLanguage\":\"fr-FR\",\"@id\":\"https:\/\/swiss-academy.org\/fr\/strategie-deducation-et-de-formation-2\/#primaryimage\",\"url\":\"https:\/\/swiss-academy.org\/wp-content\/uploads\/2021\/02\/7.jpg\",\"contentUrl\":\"https:\/\/swiss-academy.org\/wp-content\/uploads\/2021\/02\/7.jpg\",\"width\":1920,\"height\":960},{\"@type\":\"WebSite\",\"@id\":\"https:\/\/swiss-academy.org\/fr\/#website\",\"url\":\"https:\/\/swiss-academy.org\/fr\/\",\"name\":\"SWISS Academy for Training and Evolution\",\"description\":\"\",\"publisher\":{\"@id\":\"https:\/\/swiss-academy.org\/fr\/#organization\"},\"potentialAction\":[{\"@type\":\"SearchAction\",\"target\":{\"@type\":\"EntryPoint\",\"urlTemplate\":\"https:\/\/swiss-academy.org\/fr\/?s={search_term_string}\"},\"query-input\":{\"@type\":\"PropertyValueSpecification\",\"valueRequired\":true,\"valueName\":\"search_term_string\"}}],\"inLanguage\":\"fr-FR\"},{\"@type\":\"Organization\",\"@id\":\"https:\/\/swiss-academy.org\/fr\/#organization\",\"name\":\"SWISS Academy for Training and Evolution\",\"url\":\"https:\/\/swiss-academy.org\/fr\/\",\"logo\":{\"@type\":\"ImageObject\",\"inLanguage\":\"fr-FR\",\"@id\":\"https:\/\/swiss-academy.org\/fr\/#\/schema\/logo\/image\/\",\"url\":\"https:\/\/swiss-academy.org\/wp-content\/uploads\/2021\/01\/logo-light.png\",\"contentUrl\":\"https:\/\/swiss-academy.org\/wp-content\/uploads\/2021\/01\/logo-light.png\",\"width\":270,\"height\":73,\"caption\":\"SWISS Academy for Training and Evolution\"},\"image\":{\"@id\":\"https:\/\/swiss-academy.org\/fr\/#\/schema\/logo\/image\/\"},\"sameAs\":[\"https:\/\/www.facebook.com\/SwissacademySATE\/\"]}]}<\/script>\n<!-- \/ Yoast SEO plugin. -->","yoast_head_json":{"title":"Pedagogie et formation - SWISS Academy for Training and Evolution","robots":{"index":"index","follow":"follow","max-snippet":"max-snippet:-1","max-image-preview":"max-image-preview:large","max-video-preview":"max-video-preview:-1"},"canonical":"https:\/\/swiss-academy.org\/fr\/strategie-deducation-et-de-formation-2\/","og_locale":"fr_FR","og_type":"article","og_title":"Pedagogie et formation - SWISS Academy for Training and Evolution","og_description":"[vc_row][vc_column width=\u00a0\u00bb2\/3&Prime;][vc_column_text]Le transfert d\u2019apprentissage est un processus difficile et le niveau de perception et d\u2019application des connaissances diff\u00e8re les uns des autres, ce qui rend difficile de pr\u00e9dire comment chaque pr\u00e9cepteur r\u00e9agira \u00e0 un cours. L\u2019apprentissage ne doit pas commencer et s\u2019arr\u00eater avec la session de formation. Une entit\u00e9 de formation r\u00e9ussie doit prendre en [&hellip;]","og_url":"https:\/\/swiss-academy.org\/fr\/strategie-deducation-et-de-formation-2\/","og_site_name":"SWISS Academy for Training and Evolution","article_publisher":"https:\/\/www.facebook.com\/SwissacademySATE\/","article_modified_time":"2025-04-29T10:36:09+00:00","og_image":[{"width":1920,"height":960,"url":"https:\/\/swiss-academy.org\/wp-content\/uploads\/2021\/02\/7.jpg","type":"image\/jpeg"}],"twitter_card":"summary_large_image","twitter_misc":{"Dur\u00e9e de lecture estim\u00e9e":"1 minute"},"schema":{"@context":"https:\/\/schema.org","@graph":[{"@type":"WebPage","@id":"https:\/\/swiss-academy.org\/fr\/strategie-deducation-et-de-formation-2\/","url":"https:\/\/swiss-academy.org\/fr\/strategie-deducation-et-de-formation-2\/","name":"Pedagogie et formation - SWISS Academy for Training and Evolution","isPartOf":{"@id":"https:\/\/swiss-academy.org\/fr\/#website"},"primaryImageOfPage":{"@id":"https:\/\/swiss-academy.org\/fr\/strategie-deducation-et-de-formation-2\/#primaryimage"},"image":{"@id":"https:\/\/swiss-academy.org\/fr\/strategie-deducation-et-de-formation-2\/#primaryimage"},"thumbnailUrl":"https:\/\/swiss-academy.org\/wp-content\/uploads\/2021\/02\/7.jpg","datePublished":"2021-02-01T08:57:08+00:00","dateModified":"2025-04-29T10:36:09+00:00","inLanguage":"fr-FR","potentialAction":[{"@type":"ReadAction","target":["https:\/\/swiss-academy.org\/fr\/strategie-deducation-et-de-formation-2\/"]}]},{"@type":"ImageObject","inLanguage":"fr-FR","@id":"https:\/\/swiss-academy.org\/fr\/strategie-deducation-et-de-formation-2\/#primaryimage","url":"https:\/\/swiss-academy.org\/wp-content\/uploads\/2021\/02\/7.jpg","contentUrl":"https:\/\/swiss-academy.org\/wp-content\/uploads\/2021\/02\/7.jpg","width":1920,"height":960},{"@type":"WebSite","@id":"https:\/\/swiss-academy.org\/fr\/#website","url":"https:\/\/swiss-academy.org\/fr\/","name":"SWISS Academy for Training and Evolution","description":"","publisher":{"@id":"https:\/\/swiss-academy.org\/fr\/#organization"},"potentialAction":[{"@type":"SearchAction","target":{"@type":"EntryPoint","urlTemplate":"https:\/\/swiss-academy.org\/fr\/?s={search_term_string}"},"query-input":{"@type":"PropertyValueSpecification","valueRequired":true,"valueName":"search_term_string"}}],"inLanguage":"fr-FR"},{"@type":"Organization","@id":"https:\/\/swiss-academy.org\/fr\/#organization","name":"SWISS Academy for Training and Evolution","url":"https:\/\/swiss-academy.org\/fr\/","logo":{"@type":"ImageObject","inLanguage":"fr-FR","@id":"https:\/\/swiss-academy.org\/fr\/#\/schema\/logo\/image\/","url":"https:\/\/swiss-academy.org\/wp-content\/uploads\/2021\/01\/logo-light.png","contentUrl":"https:\/\/swiss-academy.org\/wp-content\/uploads\/2021\/01\/logo-light.png","width":270,"height":73,"caption":"SWISS Academy for Training and Evolution"},"image":{"@id":"https:\/\/swiss-academy.org\/fr\/#\/schema\/logo\/image\/"},"sameAs":["https:\/\/www.facebook.com\/SwissacademySATE\/"]}]}},"_links":{"self":[{"href":"https:\/\/swiss-academy.org\/fr\/wp-json\/wp\/v2\/pages\/1473","targetHints":{"allow":["GET"]}}],"collection":[{"href":"https:\/\/swiss-academy.org\/fr\/wp-json\/wp\/v2\/pages"}],"about":[{"href":"https:\/\/swiss-academy.org\/fr\/wp-json\/wp\/v2\/types\/page"}],"author":[{"embeddable":true,"href":"https:\/\/swiss-academy.org\/fr\/wp-json\/wp\/v2\/users\/1"}],"replies":[{"embeddable":true,"href":"https:\/\/swiss-academy.org\/fr\/wp-json\/wp\/v2\/comments?post=1473"}],"version-history":[{"count":5,"href":"https:\/\/swiss-academy.org\/fr\/wp-json\/wp\/v2\/pages\/1473\/revisions"}],"predecessor-version":[{"id":1902,"href":"https:\/\/swiss-academy.org\/fr\/wp-json\/wp\/v2\/pages\/1473\/revisions\/1902"}],"wp:featuredmedia":[{"embeddable":true,"href":"https:\/\/swiss-academy.org\/fr\/wp-json\/wp\/v2\/media\/942"}],"wp:attachment":[{"href":"https:\/\/swiss-academy.org\/fr\/wp-json\/wp\/v2\/media?parent=1473"}],"curies":[{"name":"wp","href":"https:\/\/api.w.org\/{rel}","templated":true}]}}