{"id":1484,"date":"2021-02-01T08:36:56","date_gmt":"2021-02-01T08:36:56","guid":{"rendered":"https:\/\/swiss-academy.org\/equipe-de-direction-de-sate\/"},"modified":"2025-05-15T12:21:15","modified_gmt":"2025-05-15T12:21:15","slug":"equipe-de-direction-de-sate","status":"publish","type":"page","link":"https:\/\/swiss-academy.org\/fr\/equipe-de-direction-de-sate\/","title":{"rendered":"\u00c9quipe de direction de SATE"},"content":{"rendered":"<div class=\"wpb-content-wrapper\"><p>[vc_row css=\u00a0\u00bb.vc_custom_1618847734472{background-color: #f2f2f2 !important;}\u00a0\u00bb][vc_column width=\u00a0\u00bb5\/6&Prime;][vc_custom_heading text=\u00a0\u00bbKassem LAHHAM\u00a0\u00bb font_container=\u00a0\u00bbtag:h5|text_align:left\u00a0\u00bb google_fonts=\u00a0\u00bbfont_family:Roboto%3A100%2C100italic%2C300%2C300italic%2Cregular%2Citalic%2C500%2C500italic%2C700%2C700italic%2C900%2C900italic|font_style:700%20bold%20regular%3A700%3Anormal\u00a0\u00bb][vc_column_text]<\/p>\n<h6><strong>Fondateur et pr\u00e9sident<\/strong><\/h6>\n<p>Le parcours professionnel de Kassem Lahham s\u2019\u00e9tend sur plus de trois d\u00e9cennies dans le secteur financier, avec un accent particulier sur la gestion de patrimoine, la planification de l\u2019h\u00e9ritage, la technologie financi\u00e8re et la banque priv\u00e9e.<\/p>\n<p>Kassem a commenc\u00e9 son parcours professionnel en Allemagne, o\u00f9 il est n\u00e9 et a grandi, et a commenc\u00e9 en tant que banquier priv\u00e9 conseillant les clients HNWI \u00e0 partir de z\u00e9ro pour l\u2019une des plus grandes banques allemandes pendant plus d\u2019une d\u00e9cennie, \u00e9galement en Suisse.<\/p>\n<p>Arm\u00e9 d\u2019une connaissance approfondie des produits, parlant couramment l\u2019allemand, l\u2019arabe, le Fran\u00e7ais et l\u2019anglais, et fort de relations approfondies et d\u2019exp\u00e9riences strat\u00e9giques acquises gr\u00e2ce \u00e0 sa relation bancaire \u00e0 long terme pour les grandes banques suisses, il a conseill\u00e9 des activit\u00e9s de banque financi\u00e8re et priv\u00e9e pour des institutions bancaires internationales et des soci\u00e9t\u00e9s financi\u00e8res en Asie et dans les pays du CCG.<\/p>\n<p>Kassem est \u00e9galement professeur certifi\u00e9 de banque allemande et d\u00e9tient de nombreux dipl\u00f4mes en \u00e9conomie et finance d\u2019Allemagne, des \u00c9tats-Unis et du Royaume-Uni et donne aujourd\u2019hui des conf\u00e9rences pour les grandes universit\u00e9s sur une base r\u00e9guli\u00e8re sur la finance, les processus de diligence raisonnable, les crypto-monnaies, les ICO, l\u2019IA et les th\u00e8mes Blockchain.<\/p>\n<p><strong>Expertise  <\/strong><\/p>\n<p>Banque, R\u00e9gulation, Gestion de patrimoine, Finance d\u2019entreprise, Assurances, March\u00e9s financiers, Anti-fraude, Gestion d\u2019actifs, Banque commerciale, Family Office, Conseil financier, Gestion financi\u00e8re, Assurance sant\u00e9 et vie, Banque islamique, Gestion de portefeuille, Banque priv\u00e9e, Financement de projets, Banque de d\u00e9tail.[\/vc_column_text][\/vc_column][vc_column width=\u00a0\u00bb1\/6&Prime;][vc_single_image image=\u00a0\u00bb194&Prime; img_size=\u00a0\u00bbfull\u00a0\u00bb css=\u00a0\u00bb.vc_custom_1618842666169{margin-bottom: 10px !important;}\u00a0\u00bb][vc_icon icon_fontawesome=\u00a0\u00bbfa fa-linkedin-square\u00a0\u00bb color=\u00a0\u00bbsky\u00a0\u00bb background_style=\u00a0\u00bbboxed\u00a0\u00bb size=\u00a0\u00bblg\u00a0\u00bb link=\u00a0\u00bburl:https%3A%2F%2Fwww.linkedin.com%2Fin%2Fkassemlahham|target:%20_blank|\u00a0\u00bb][\/vc_column][\/vc_row][vc_row css=\u00a0\u00bb.vc_custom_1726639801799{background-color: #f2f2f2 !important;}\u00a0\u00bb][vc_column width=\u00a0\u00bb1\/6&Prime;][vc_single_image image=\u00a0\u00bb1873&Prime; img_size=\u00a0\u00bbfull\u00a0\u00bb css=\u00a0\u00bb.vc_custom_1726639473344{margin-bottom: 10px !important;}\u00a0\u00bb][vc_icon icon_fontawesome=\u00a0\u00bbfa fa-linkedin-square\u00a0\u00bb color=\u00a0\u00bbsky\u00a0\u00bb background_style=\u00a0\u00bbboxed\u00a0\u00bb size=\u00a0\u00bblg\u00a0\u00bb link=\u00a0\u00bburl:https%3A%2F%2Fwww.linkedin.com%2Fin%2Ftobias-jeronimo-jenni-523441145%2F|target:_blank|\u00a0\u00bb][\/vc_column][vc_column width=\u00a0\u00bb5\/6&Prime;][vc_custom_heading text=\u00a0\u00bbM. Tobias Jeronimo JENNI\u00a0\u00bb font_container=\u00a0\u00bbtag:h5|text_align:left\u00a0\u00bb google_fonts=\u00a0\u00bbfont_family:Roboto%3A100%2C100italic%2C300%2C300italic%2Cregular%2Citalic%2C500%2C500italic%2C700%2C700italic%2C900%2C900italic|font_style:700%20bold%20regular%3A700%3Anormal\u00a0\u00bb][vc_column_text]<\/p>\n<h6><strong>Vice-pr\u00e9sident<\/strong><\/h6>\n<p>Tobias Jeronimo Jenni est un chef d\u2019entreprise et cofondateur chevronn\u00e9 dot\u00e9 d\u2019une solide exp\u00e9rience en planification strat\u00e9gique, en gestion financi\u00e8re et en conformit\u00e9 r\u00e9glementaire. Il est actuellement directeur de Fintrust AG, o\u00f9 il supervise les initiatives de technologie blockchain, la gestion des risques et les op\u00e9rations de relation client. <\/p>\n<p>En plus de son travail chez Fintrust AG, Tobias est le cofondateur de Viumu Trading GmbH, sp\u00e9cialis\u00e9e dans l\u2019exploitation mini\u00e8re IoT et les NFT, et de Metasana AG, o\u00f9 il a jou\u00e9 un r\u00f4le cl\u00e9 dans l\u2019\u00e9tablissement de la structure de l\u2019entreprise et la direction des op\u00e9rations. Son leadership s\u2019\u00e9tend \u00e0 divers secteurs, de la technologie financi\u00e8re au secteur du cannabis, d\u00e9montrant sa polyvalence et son approche innovante. <\/p>\n<p>Tobias poss\u00e8de une exp\u00e9rience significative dans la direction d\u2019\u00e9quipe, l\u2019optimisation des processus et l\u2019am\u00e9lioration de la qualit\u00e9, en mettant l\u2019accent sur la promotion de la productivit\u00e9 et la mise en place de syst\u00e8mes de contr\u00f4le interne robustes.<\/p>\n<p><strong>Expertise<\/strong><\/p>\n<p>Gestion financi\u00e8re, planification strat\u00e9gique, technologie blockchain, conformit\u00e9 r\u00e9glementaire, leadership d\u2019\u00e9quipe, optimisation des processus.[\/vc_column_text][\/vc_column][\/vc_row][vc_column][\/vc_column][vc_column][\/vc_column]<\/p>\n<\/div>","protected":false},"excerpt":{"rendered":"<p>[vc_row css=\u00a0\u00bb.vc_custom_1618847734472{background-color: #f2f2f2 !important;}\u00a0\u00bb][vc_column width=\u00a0\u00bb5\/6&Prime;][vc_custom_heading text=\u00a0\u00bbKassem LAHHAM\u00a0\u00bb font_container=\u00a0\u00bbtag:h5|text_align:left\u00a0\u00bb google_fonts=\u00a0\u00bbfont_family:Roboto%3A100%2C100italic%2C300%2C300italic%2Cregular%2Citalic%2C500%2C500italic%2C700%2C700italic%2C900%2C900italic|font_style:700%20bold%20regular%3A700%3Anormal\u00a0\u00bb][vc_column_text] Fondateur et pr\u00e9sident Le parcours professionnel de Kassem Lahham s\u2019\u00e9tend sur plus de trois d\u00e9cennies dans le secteur financier, avec un accent particulier sur la gestion de patrimoine, la planification de l\u2019h\u00e9ritage, la technologie financi\u00e8re et la banque priv\u00e9e. Kassem a commenc\u00e9 son parcours professionnel en [&hellip;]<\/p>\n","protected":false},"author":1,"featured_media":0,"parent":0,"menu_order":64,"comment_status":"closed","ping_status":"closed","template":"","meta":{"footnotes":""},"class_list":["post-1484","page","type-page","status-publish","hentry"],"yoast_head":"<!-- This site is optimized with the Yoast SEO plugin v26.3 - https:\/\/yoast.com\/wordpress\/plugins\/seo\/ -->\n<title>\u00c9quipe de direction de SATE - SWISS Academy for Training and Evolution<\/title>\n<meta name=\"robots\" content=\"index, follow, max-snippet:-1, max-image-preview:large, max-video-preview:-1\" \/>\n<link rel=\"canonical\" href=\"https:\/\/swiss-academy.org\/fr\/equipe-de-direction-de-sate\/\" \/>\n<meta property=\"og:locale\" content=\"fr_FR\" \/>\n<meta property=\"og:type\" content=\"article\" \/>\n<meta property=\"og:title\" content=\"\u00c9quipe de direction de SATE - SWISS Academy for Training and Evolution\" \/>\n<meta property=\"og:description\" content=\"[vc_row css=\u00a0\u00bb.vc_custom_1618847734472{background-color: #f2f2f2 !important;}\u00a0\u00bb][vc_column width=\u00a0\u00bb5\/6&Prime;][vc_custom_heading text=\u00a0\u00bbKassem LAHHAM\u00a0\u00bb font_container=\u00a0\u00bbtag:h5|text_align:left\u00a0\u00bb google_fonts=\u00a0\u00bbfont_family:Roboto%3A100%2C100italic%2C300%2C300italic%2Cregular%2Citalic%2C500%2C500italic%2C700%2C700italic%2C900%2C900italic|font_style:700%20bold%20regular%3A700%3Anormal\u00a0\u00bb][vc_column_text] Fondateur et pr\u00e9sident Le parcours professionnel de Kassem Lahham s\u2019\u00e9tend sur plus de trois d\u00e9cennies dans le secteur financier, avec un accent particulier sur la gestion de patrimoine, la planification de l\u2019h\u00e9ritage, la technologie financi\u00e8re et la banque priv\u00e9e. Kassem a commenc\u00e9 son parcours professionnel en [&hellip;]\" \/>\n<meta property=\"og:url\" content=\"https:\/\/swiss-academy.org\/fr\/equipe-de-direction-de-sate\/\" \/>\n<meta property=\"og:site_name\" content=\"SWISS Academy for Training and Evolution\" \/>\n<meta property=\"article:publisher\" content=\"https:\/\/www.facebook.com\/SwissacademySATE\/\" \/>\n<meta property=\"article:modified_time\" content=\"2025-05-15T12:21:15+00:00\" \/>\n<meta name=\"twitter:card\" content=\"summary_large_image\" \/>\n<meta name=\"twitter:label1\" content=\"Dur\u00e9e de lecture estim\u00e9e\" \/>\n\t<meta name=\"twitter:data1\" content=\"4 minutes\" \/>\n<script type=\"application\/ld+json\" class=\"yoast-schema-graph\">{\"@context\":\"https:\/\/schema.org\",\"@graph\":[{\"@type\":\"WebPage\",\"@id\":\"https:\/\/swiss-academy.org\/fr\/equipe-de-direction-de-sate\/\",\"url\":\"https:\/\/swiss-academy.org\/fr\/equipe-de-direction-de-sate\/\",\"name\":\"\u00c9quipe de direction de SATE - SWISS Academy for Training and Evolution\",\"isPartOf\":{\"@id\":\"https:\/\/swiss-academy.org\/fr\/#website\"},\"datePublished\":\"2021-02-01T08:36:56+00:00\",\"dateModified\":\"2025-05-15T12:21:15+00:00\",\"inLanguage\":\"fr-FR\",\"potentialAction\":[{\"@type\":\"ReadAction\",\"target\":[\"https:\/\/swiss-academy.org\/fr\/equipe-de-direction-de-sate\/\"]}]},{\"@type\":\"WebSite\",\"@id\":\"https:\/\/swiss-academy.org\/fr\/#website\",\"url\":\"https:\/\/swiss-academy.org\/fr\/\",\"name\":\"SWISS Academy for Training and Evolution\",\"description\":\"\",\"publisher\":{\"@id\":\"https:\/\/swiss-academy.org\/fr\/#organization\"},\"potentialAction\":[{\"@type\":\"SearchAction\",\"target\":{\"@type\":\"EntryPoint\",\"urlTemplate\":\"https:\/\/swiss-academy.org\/fr\/?s={search_term_string}\"},\"query-input\":{\"@type\":\"PropertyValueSpecification\",\"valueRequired\":true,\"valueName\":\"search_term_string\"}}],\"inLanguage\":\"fr-FR\"},{\"@type\":\"Organization\",\"@id\":\"https:\/\/swiss-academy.org\/fr\/#organization\",\"name\":\"SWISS Academy for Training and Evolution\",\"url\":\"https:\/\/swiss-academy.org\/fr\/\",\"logo\":{\"@type\":\"ImageObject\",\"inLanguage\":\"fr-FR\",\"@id\":\"https:\/\/swiss-academy.org\/fr\/#\/schema\/logo\/image\/\",\"url\":\"https:\/\/swiss-academy.org\/wp-content\/uploads\/2021\/01\/logo-light.png\",\"contentUrl\":\"https:\/\/swiss-academy.org\/wp-content\/uploads\/2021\/01\/logo-light.png\",\"width\":270,\"height\":73,\"caption\":\"SWISS Academy for Training and Evolution\"},\"image\":{\"@id\":\"https:\/\/swiss-academy.org\/fr\/#\/schema\/logo\/image\/\"},\"sameAs\":[\"https:\/\/www.facebook.com\/SwissacademySATE\/\"]}]}<\/script>\n<!-- \/ Yoast SEO plugin. -->","yoast_head_json":{"title":"\u00c9quipe de direction de SATE - SWISS Academy for Training and Evolution","robots":{"index":"index","follow":"follow","max-snippet":"max-snippet:-1","max-image-preview":"max-image-preview:large","max-video-preview":"max-video-preview:-1"},"canonical":"https:\/\/swiss-academy.org\/fr\/equipe-de-direction-de-sate\/","og_locale":"fr_FR","og_type":"article","og_title":"\u00c9quipe de direction de SATE - SWISS Academy for Training and Evolution","og_description":"[vc_row css=\u00a0\u00bb.vc_custom_1618847734472{background-color: #f2f2f2 !important;}\u00a0\u00bb][vc_column width=\u00a0\u00bb5\/6&Prime;][vc_custom_heading text=\u00a0\u00bbKassem LAHHAM\u00a0\u00bb font_container=\u00a0\u00bbtag:h5|text_align:left\u00a0\u00bb google_fonts=\u00a0\u00bbfont_family:Roboto%3A100%2C100italic%2C300%2C300italic%2Cregular%2Citalic%2C500%2C500italic%2C700%2C700italic%2C900%2C900italic|font_style:700%20bold%20regular%3A700%3Anormal\u00a0\u00bb][vc_column_text] Fondateur et pr\u00e9sident Le parcours professionnel de Kassem Lahham s\u2019\u00e9tend sur plus de trois d\u00e9cennies dans le secteur financier, avec un accent particulier sur la gestion de patrimoine, la planification de l\u2019h\u00e9ritage, la technologie financi\u00e8re et la banque priv\u00e9e. Kassem a commenc\u00e9 son parcours professionnel en [&hellip;]","og_url":"https:\/\/swiss-academy.org\/fr\/equipe-de-direction-de-sate\/","og_site_name":"SWISS Academy for Training and Evolution","article_publisher":"https:\/\/www.facebook.com\/SwissacademySATE\/","article_modified_time":"2025-05-15T12:21:15+00:00","twitter_card":"summary_large_image","twitter_misc":{"Dur\u00e9e de lecture estim\u00e9e":"4 minutes"},"schema":{"@context":"https:\/\/schema.org","@graph":[{"@type":"WebPage","@id":"https:\/\/swiss-academy.org\/fr\/equipe-de-direction-de-sate\/","url":"https:\/\/swiss-academy.org\/fr\/equipe-de-direction-de-sate\/","name":"\u00c9quipe de direction de SATE - SWISS Academy for Training and Evolution","isPartOf":{"@id":"https:\/\/swiss-academy.org\/fr\/#website"},"datePublished":"2021-02-01T08:36:56+00:00","dateModified":"2025-05-15T12:21:15+00:00","inLanguage":"fr-FR","potentialAction":[{"@type":"ReadAction","target":["https:\/\/swiss-academy.org\/fr\/equipe-de-direction-de-sate\/"]}]},{"@type":"WebSite","@id":"https:\/\/swiss-academy.org\/fr\/#website","url":"https:\/\/swiss-academy.org\/fr\/","name":"SWISS Academy for Training and Evolution","description":"","publisher":{"@id":"https:\/\/swiss-academy.org\/fr\/#organization"},"potentialAction":[{"@type":"SearchAction","target":{"@type":"EntryPoint","urlTemplate":"https:\/\/swiss-academy.org\/fr\/?s={search_term_string}"},"query-input":{"@type":"PropertyValueSpecification","valueRequired":true,"valueName":"search_term_string"}}],"inLanguage":"fr-FR"},{"@type":"Organization","@id":"https:\/\/swiss-academy.org\/fr\/#organization","name":"SWISS Academy for Training and Evolution","url":"https:\/\/swiss-academy.org\/fr\/","logo":{"@type":"ImageObject","inLanguage":"fr-FR","@id":"https:\/\/swiss-academy.org\/fr\/#\/schema\/logo\/image\/","url":"https:\/\/swiss-academy.org\/wp-content\/uploads\/2021\/01\/logo-light.png","contentUrl":"https:\/\/swiss-academy.org\/wp-content\/uploads\/2021\/01\/logo-light.png","width":270,"height":73,"caption":"SWISS Academy for Training and Evolution"},"image":{"@id":"https:\/\/swiss-academy.org\/fr\/#\/schema\/logo\/image\/"},"sameAs":["https:\/\/www.facebook.com\/SwissacademySATE\/"]}]}},"_links":{"self":[{"href":"https:\/\/swiss-academy.org\/fr\/wp-json\/wp\/v2\/pages\/1484","targetHints":{"allow":["GET"]}}],"collection":[{"href":"https:\/\/swiss-academy.org\/fr\/wp-json\/wp\/v2\/pages"}],"about":[{"href":"https:\/\/swiss-academy.org\/fr\/wp-json\/wp\/v2\/types\/page"}],"author":[{"embeddable":true,"href":"https:\/\/swiss-academy.org\/fr\/wp-json\/wp\/v2\/users\/1"}],"replies":[{"embeddable":true,"href":"https:\/\/swiss-academy.org\/fr\/wp-json\/wp\/v2\/comments?post=1484"}],"version-history":[{"count":18,"href":"https:\/\/swiss-academy.org\/fr\/wp-json\/wp\/v2\/pages\/1484\/revisions"}],"predecessor-version":[{"id":2015,"href":"https:\/\/swiss-academy.org\/fr\/wp-json\/wp\/v2\/pages\/1484\/revisions\/2015"}],"wp:attachment":[{"href":"https:\/\/swiss-academy.org\/fr\/wp-json\/wp\/v2\/media?parent=1484"}],"curies":[{"name":"wp","href":"https:\/\/api.w.org\/{rel}","templated":true}]}}