{"id":1490,"date":"2021-02-01T08:36:29","date_gmt":"2021-02-01T08:36:29","guid":{"rendered":"https:\/\/swiss-academy.org\/qui-sommes-nous\/"},"modified":"2025-04-29T10:33:48","modified_gmt":"2025-04-29T10:33:48","slug":"qui-sommes-nous","status":"publish","type":"page","link":"https:\/\/swiss-academy.org\/fr\/qui-sommes-nous\/","title":{"rendered":"Qui nous sommes"},"content":{"rendered":"<div class=\"wpb-content-wrapper\"><p>[vc_row][vc_column width=\u00a0\u00bb1\/2&Prime;][vc_column_text]Swiss Academy for Training and Evolution (ci-apr\u00e8s SATE) est une association situ\u00e9e \u00e0 Gen\u00e8ve -Suisse, et r\u00e9gie par le Code civil suisse pour les associations. SATE est une plate-forme internationale qui propose des formations en face \u00e0 face, virtuelles et en ligne accessibles \u00e0 l\u2019\u00e9chelle mondiale, \u00e0 votre rythme et \u00e0 la demande, impliquant des cours de perfectionnement professionnel couvrant une vari\u00e9t\u00e9 de sujets et de disciplines.<\/p>\n<p>SATE s\u2019engage \u00e0 offrir des contenus de programmes soigneusement s\u00e9lectionn\u00e9s, en se concentrant sur des questions susceptibles d\u2019occuper une place centrale dans les pr\u00e9occupations des institutions et entit\u00e9s du monde entier dans le monde d\u2019aujourd\u2019hui et de demain.[\/vc_column_text][\/vc_column][vc_column width=\u00a0\u00bb1\/2&Prime;][vc_single_image image=\u00a0\u00bb733&Prime; img_size=\u00a0\u00bbfull\u00a0\u00bb el_class=\u00a0\u00bbimg-box\u00a0\u00bb][\/vc_column][\/vc_row][vc_row][vc_column][vc_separator][\/vc_column][\/vc_row][vc_row][vc_column width=\u00a0\u00bb1\/2&Prime;][vc_single_image image=\u00a0\u00bb734&Prime; img_size=\u00a0\u00bbfull\u00a0\u00bb style=\u00a0\u00bbvc_box_shadow_3d\u00a0\u00bb][\/vc_column][vc_column width=\u00a0\u00bb1\/2&Prime;][vc_column_text]<\/p>\n<h5>Objectifs et services de SATE<\/h5>\n<ul class=\"list-items list-unstyled mb-0\">\n<li>SATE propose des programmes immersifs dans plusieurs mati\u00e8res et domaines enseign\u00e9s par des experts de notre \u00e9quipe et de notre r\u00e9seau mondial de partenaires<\/li>\n<li>SATE fournit des services d\u2019apprentissage et de d\u00e9veloppement, y compris des services de conseil et des services personnalis\u00e9s de coaching ex\u00e9cutif \u00e0 diverses entit\u00e9s et b\u00e9n\u00e9ficiaires<\/li>\n<li>SATE travaille sur le renforcement et l\u2019am\u00e9lioration des comp\u00e9tences d\u2019apprentissage et des connaissances professionnelles afin de transformer les comportements et attitudes existants en comp\u00e9tences influentes et dynamiques<\/li>\n<li>SATE offre aux b\u00e9n\u00e9ficiaires la possibilit\u00e9 de recevoir une formation en ligne d\u2019excellente qualit\u00e9<\/li>\n<li>SATE propose des cours de formation professionnelle et des ateliers qui donnent aux participants les comp\u00e9tences pratiques et l\u2019expertise requises dans de nombreux secteurs d\u2019activit\u00e9 professionnels.<\/li>\n<\/ul>\n<p>[\/vc_column_text][\/vc_column][\/vc_row][vc_column][\/vc_column]<\/p>\n<\/div>","protected":false},"excerpt":{"rendered":"<p>[vc_row][vc_column width=\u00a0\u00bb1\/2&Prime;][vc_column_text]Swiss Academy for Training and Evolution (ci-apr\u00e8s SATE) est une association situ\u00e9e \u00e0 Gen\u00e8ve -Suisse, et r\u00e9gie par le Code civil suisse pour les associations. SATE est une plate-forme internationale qui propose des formations en face \u00e0 face, virtuelles et en ligne accessibles \u00e0 l\u2019\u00e9chelle mondiale, \u00e0 votre rythme et \u00e0 la demande, impliquant [&hellip;]<\/p>\n","protected":false},"author":1,"featured_media":1068,"parent":0,"menu_order":72,"comment_status":"closed","ping_status":"closed","template":"","meta":{"footnotes":""},"class_list":["post-1490","page","type-page","status-publish","has-post-thumbnail","hentry"],"yoast_head":"<!-- This site is optimized with the Yoast SEO plugin v26.3 - https:\/\/yoast.com\/wordpress\/plugins\/seo\/ -->\n<title>Qui nous sommes - SWISS Academy for Training and Evolution<\/title>\n<meta name=\"robots\" content=\"index, follow, max-snippet:-1, max-image-preview:large, max-video-preview:-1\" \/>\n<link rel=\"canonical\" href=\"https:\/\/swiss-academy.org\/fr\/qui-sommes-nous\/\" \/>\n<meta property=\"og:locale\" content=\"fr_FR\" \/>\n<meta property=\"og:type\" content=\"article\" \/>\n<meta property=\"og:title\" content=\"Qui nous sommes - SWISS Academy for Training and Evolution\" \/>\n<meta property=\"og:description\" content=\"[vc_row][vc_column width=\u00a0\u00bb1\/2&Prime;][vc_column_text]Swiss Academy for Training and Evolution (ci-apr\u00e8s SATE) est une association situ\u00e9e \u00e0 Gen\u00e8ve -Suisse, et r\u00e9gie par le Code civil suisse pour les associations. SATE est une plate-forme internationale qui propose des formations en face \u00e0 face, virtuelles et en ligne accessibles \u00e0 l\u2019\u00e9chelle mondiale, \u00e0 votre rythme et \u00e0 la demande, impliquant [&hellip;]\" \/>\n<meta property=\"og:url\" content=\"https:\/\/swiss-academy.org\/fr\/qui-sommes-nous\/\" \/>\n<meta property=\"og:site_name\" content=\"SWISS Academy for Training and Evolution\" \/>\n<meta property=\"article:publisher\" content=\"https:\/\/www.facebook.com\/SwissacademySATE\/\" \/>\n<meta property=\"article:modified_time\" content=\"2025-04-29T10:33:48+00:00\" \/>\n<meta property=\"og:image\" content=\"https:\/\/swiss-academy.org\/wp-content\/uploads\/2021\/04\/about-banner.jpg\" \/>\n\t<meta property=\"og:image:width\" content=\"1250\" \/>\n\t<meta property=\"og:image:height\" content=\"553\" \/>\n\t<meta property=\"og:image:type\" content=\"image\/jpeg\" \/>\n<meta name=\"twitter:card\" content=\"summary_large_image\" \/>\n<meta name=\"twitter:label1\" content=\"Dur\u00e9e de lecture estim\u00e9e\" \/>\n\t<meta name=\"twitter:data1\" content=\"2 minutes\" \/>\n<script type=\"application\/ld+json\" class=\"yoast-schema-graph\">{\"@context\":\"https:\/\/schema.org\",\"@graph\":[{\"@type\":\"WebPage\",\"@id\":\"https:\/\/swiss-academy.org\/fr\/qui-sommes-nous\/\",\"url\":\"https:\/\/swiss-academy.org\/fr\/qui-sommes-nous\/\",\"name\":\"Qui nous sommes - SWISS Academy for Training and Evolution\",\"isPartOf\":{\"@id\":\"https:\/\/swiss-academy.org\/fr\/#website\"},\"primaryImageOfPage\":{\"@id\":\"https:\/\/swiss-academy.org\/fr\/qui-sommes-nous\/#primaryimage\"},\"image\":{\"@id\":\"https:\/\/swiss-academy.org\/fr\/qui-sommes-nous\/#primaryimage\"},\"thumbnailUrl\":\"https:\/\/swiss-academy.org\/wp-content\/uploads\/2021\/04\/about-banner.jpg\",\"datePublished\":\"2021-02-01T08:36:29+00:00\",\"dateModified\":\"2025-04-29T10:33:48+00:00\",\"inLanguage\":\"fr-FR\",\"potentialAction\":[{\"@type\":\"ReadAction\",\"target\":[\"https:\/\/swiss-academy.org\/fr\/qui-sommes-nous\/\"]}]},{\"@type\":\"ImageObject\",\"inLanguage\":\"fr-FR\",\"@id\":\"https:\/\/swiss-academy.org\/fr\/qui-sommes-nous\/#primaryimage\",\"url\":\"https:\/\/swiss-academy.org\/wp-content\/uploads\/2021\/04\/about-banner.jpg\",\"contentUrl\":\"https:\/\/swiss-academy.org\/wp-content\/uploads\/2021\/04\/about-banner.jpg\",\"width\":1250,\"height\":553},{\"@type\":\"WebSite\",\"@id\":\"https:\/\/swiss-academy.org\/fr\/#website\",\"url\":\"https:\/\/swiss-academy.org\/fr\/\",\"name\":\"SWISS Academy for Training and Evolution\",\"description\":\"\",\"publisher\":{\"@id\":\"https:\/\/swiss-academy.org\/fr\/#organization\"},\"potentialAction\":[{\"@type\":\"SearchAction\",\"target\":{\"@type\":\"EntryPoint\",\"urlTemplate\":\"https:\/\/swiss-academy.org\/fr\/?s={search_term_string}\"},\"query-input\":{\"@type\":\"PropertyValueSpecification\",\"valueRequired\":true,\"valueName\":\"search_term_string\"}}],\"inLanguage\":\"fr-FR\"},{\"@type\":\"Organization\",\"@id\":\"https:\/\/swiss-academy.org\/fr\/#organization\",\"name\":\"SWISS Academy for Training and Evolution\",\"url\":\"https:\/\/swiss-academy.org\/fr\/\",\"logo\":{\"@type\":\"ImageObject\",\"inLanguage\":\"fr-FR\",\"@id\":\"https:\/\/swiss-academy.org\/fr\/#\/schema\/logo\/image\/\",\"url\":\"https:\/\/swiss-academy.org\/wp-content\/uploads\/2021\/01\/logo-light.png\",\"contentUrl\":\"https:\/\/swiss-academy.org\/wp-content\/uploads\/2021\/01\/logo-light.png\",\"width\":270,\"height\":73,\"caption\":\"SWISS Academy for Training and Evolution\"},\"image\":{\"@id\":\"https:\/\/swiss-academy.org\/fr\/#\/schema\/logo\/image\/\"},\"sameAs\":[\"https:\/\/www.facebook.com\/SwissacademySATE\/\"]}]}<\/script>\n<!-- \/ Yoast SEO plugin. -->","yoast_head_json":{"title":"Qui nous sommes - SWISS Academy for Training and Evolution","robots":{"index":"index","follow":"follow","max-snippet":"max-snippet:-1","max-image-preview":"max-image-preview:large","max-video-preview":"max-video-preview:-1"},"canonical":"https:\/\/swiss-academy.org\/fr\/qui-sommes-nous\/","og_locale":"fr_FR","og_type":"article","og_title":"Qui nous sommes - SWISS Academy for Training and Evolution","og_description":"[vc_row][vc_column width=\u00a0\u00bb1\/2&Prime;][vc_column_text]Swiss Academy for Training and Evolution (ci-apr\u00e8s SATE) est une association situ\u00e9e \u00e0 Gen\u00e8ve -Suisse, et r\u00e9gie par le Code civil suisse pour les associations. SATE est une plate-forme internationale qui propose des formations en face \u00e0 face, virtuelles et en ligne accessibles \u00e0 l\u2019\u00e9chelle mondiale, \u00e0 votre rythme et \u00e0 la demande, impliquant [&hellip;]","og_url":"https:\/\/swiss-academy.org\/fr\/qui-sommes-nous\/","og_site_name":"SWISS Academy for Training and Evolution","article_publisher":"https:\/\/www.facebook.com\/SwissacademySATE\/","article_modified_time":"2025-04-29T10:33:48+00:00","og_image":[{"width":1250,"height":553,"url":"https:\/\/swiss-academy.org\/wp-content\/uploads\/2021\/04\/about-banner.jpg","type":"image\/jpeg"}],"twitter_card":"summary_large_image","twitter_misc":{"Dur\u00e9e de lecture estim\u00e9e":"2 minutes"},"schema":{"@context":"https:\/\/schema.org","@graph":[{"@type":"WebPage","@id":"https:\/\/swiss-academy.org\/fr\/qui-sommes-nous\/","url":"https:\/\/swiss-academy.org\/fr\/qui-sommes-nous\/","name":"Qui nous sommes - SWISS Academy for Training and Evolution","isPartOf":{"@id":"https:\/\/swiss-academy.org\/fr\/#website"},"primaryImageOfPage":{"@id":"https:\/\/swiss-academy.org\/fr\/qui-sommes-nous\/#primaryimage"},"image":{"@id":"https:\/\/swiss-academy.org\/fr\/qui-sommes-nous\/#primaryimage"},"thumbnailUrl":"https:\/\/swiss-academy.org\/wp-content\/uploads\/2021\/04\/about-banner.jpg","datePublished":"2021-02-01T08:36:29+00:00","dateModified":"2025-04-29T10:33:48+00:00","inLanguage":"fr-FR","potentialAction":[{"@type":"ReadAction","target":["https:\/\/swiss-academy.org\/fr\/qui-sommes-nous\/"]}]},{"@type":"ImageObject","inLanguage":"fr-FR","@id":"https:\/\/swiss-academy.org\/fr\/qui-sommes-nous\/#primaryimage","url":"https:\/\/swiss-academy.org\/wp-content\/uploads\/2021\/04\/about-banner.jpg","contentUrl":"https:\/\/swiss-academy.org\/wp-content\/uploads\/2021\/04\/about-banner.jpg","width":1250,"height":553},{"@type":"WebSite","@id":"https:\/\/swiss-academy.org\/fr\/#website","url":"https:\/\/swiss-academy.org\/fr\/","name":"SWISS Academy for Training and Evolution","description":"","publisher":{"@id":"https:\/\/swiss-academy.org\/fr\/#organization"},"potentialAction":[{"@type":"SearchAction","target":{"@type":"EntryPoint","urlTemplate":"https:\/\/swiss-academy.org\/fr\/?s={search_term_string}"},"query-input":{"@type":"PropertyValueSpecification","valueRequired":true,"valueName":"search_term_string"}}],"inLanguage":"fr-FR"},{"@type":"Organization","@id":"https:\/\/swiss-academy.org\/fr\/#organization","name":"SWISS Academy for Training and Evolution","url":"https:\/\/swiss-academy.org\/fr\/","logo":{"@type":"ImageObject","inLanguage":"fr-FR","@id":"https:\/\/swiss-academy.org\/fr\/#\/schema\/logo\/image\/","url":"https:\/\/swiss-academy.org\/wp-content\/uploads\/2021\/01\/logo-light.png","contentUrl":"https:\/\/swiss-academy.org\/wp-content\/uploads\/2021\/01\/logo-light.png","width":270,"height":73,"caption":"SWISS Academy for Training and Evolution"},"image":{"@id":"https:\/\/swiss-academy.org\/fr\/#\/schema\/logo\/image\/"},"sameAs":["https:\/\/www.facebook.com\/SwissacademySATE\/"]}]}},"_links":{"self":[{"href":"https:\/\/swiss-academy.org\/fr\/wp-json\/wp\/v2\/pages\/1490","targetHints":{"allow":["GET"]}}],"collection":[{"href":"https:\/\/swiss-academy.org\/fr\/wp-json\/wp\/v2\/pages"}],"about":[{"href":"https:\/\/swiss-academy.org\/fr\/wp-json\/wp\/v2\/types\/page"}],"author":[{"embeddable":true,"href":"https:\/\/swiss-academy.org\/fr\/wp-json\/wp\/v2\/users\/1"}],"replies":[{"embeddable":true,"href":"https:\/\/swiss-academy.org\/fr\/wp-json\/wp\/v2\/comments?post=1490"}],"version-history":[{"count":4,"href":"https:\/\/swiss-academy.org\/fr\/wp-json\/wp\/v2\/pages\/1490\/revisions"}],"predecessor-version":[{"id":1901,"href":"https:\/\/swiss-academy.org\/fr\/wp-json\/wp\/v2\/pages\/1490\/revisions\/1901"}],"wp:featuredmedia":[{"embeddable":true,"href":"https:\/\/swiss-academy.org\/fr\/wp-json\/wp\/v2\/media\/1068"}],"wp:attachment":[{"href":"https:\/\/swiss-academy.org\/fr\/wp-json\/wp\/v2\/media?parent=1490"}],"curies":[{"name":"wp","href":"https:\/\/api.w.org\/{rel}","templated":true}]}}